{"id":84011,"date":"2016-01-15T12:08:51","date_gmt":"2016-01-15T12:08:51","guid":{"rendered":"https:\/\/www.schlosstorgelow.de\/kurpfalz-yurt"},"modified":"2026-01-15T08:04:54","modified_gmt":"2026-01-15T08:04:54","slug":"kurpfalz-yurt","status":"publish","type":"page","link":"https:\/\/www.schlosstorgelow.de\/tr\/kurpfalz-yurt","title":{"rendered":"Kurpfalz-Yurt"},"content":{"rendered":"\n<section     class=\"custom-theme-block page-header-section\">\n    <div class=\"container\">\n        <div class=\"row\">\n                                        <div class=\"col-12 col-lg-10 offset-lg-1\">\n                    <div class=\"image_wrapper\">\n                        \n<picture>\n            <source media=\"(max-width: 575.98px)\" srcset=\"https:\/\/www.schlosstorgelow.de\/wp-content\/uploads\/2025\/08\/kurpfalzinternat.avif 320w, https:\/\/www.schlosstorgelow.de\/wp-content\/uploads\/2025\/08\/kurpfalzinternat.avif 480w, https:\/\/www.schlosstorgelow.de\/wp-content\/uploads\/2025\/08\/kurpfalzinternat.avif 640w, https:\/\/www.schlosstorgelow.de\/wp-content\/uploads\/2025\/08\/kurpfalzinternat.avif 960w\" sizes=\"calc(100vw - 32px)\" type=\"image\/avif\">\n    \n            <source srcset=\"https:\/\/www.schlosstorgelow.de\/wp-content\/uploads\/2025\/08\/kurpfalzinternat.avif 320w, https:\/\/www.schlosstorgelow.de\/wp-content\/uploads\/2025\/08\/kurpfalzinternat.avif 480w, https:\/\/www.schlosstorgelow.de\/wp-content\/uploads\/2025\/08\/kurpfalzinternat.avif 640w, https:\/\/www.schlosstorgelow.de\/wp-content\/uploads\/2025\/08\/kurpfalzinternat.avif 720w, https:\/\/www.schlosstorgelow.de\/wp-content\/uploads\/2025\/08\/kurpfalzinternat.avif 960w, https:\/\/www.schlosstorgelow.de\/wp-content\/uploads\/2025\/08\/kurpfalzinternat.avif 1080w, https:\/\/www.schlosstorgelow.de\/wp-content\/uploads\/2025\/08\/kurpfalzinternat.avif 1440w, https:\/\/www.schlosstorgelow.de\/wp-content\/uploads\/2025\/08\/kurpfalzinternat.avif 1920w\" sizes=\"(min-width: 1710px) 1680px, (min-width: 1200px) 1140px, (min-width: 992px) 960px, (min-width: 768px) 720px, (min-width: 576px) 540px, calc(100vw - 32px)\" type=\"image\/avif\">\n    \n    \n    <img src=\"https:\/\/www.schlosstorgelow.de\/wp-content\/uploads\/2025\/08\/kurpfalzinternat.avif\"\n         srcset=\"https:\/\/www.schlosstorgelow.de\/wp-content\/uploads\/2025\/08\/kurpfalzinternat.avif 320w, https:\/\/www.schlosstorgelow.de\/wp-content\/uploads\/2025\/08\/kurpfalzinternat.avif 480w, https:\/\/www.schlosstorgelow.de\/wp-content\/uploads\/2025\/08\/kurpfalzinternat.avif 640w, https:\/\/www.schlosstorgelow.de\/wp-content\/uploads\/2025\/08\/kurpfalzinternat.avif 720w, https:\/\/www.schlosstorgelow.de\/wp-content\/uploads\/2025\/08\/kurpfalzinternat.avif 960w, https:\/\/www.schlosstorgelow.de\/wp-content\/uploads\/2025\/08\/kurpfalzinternat.avif 1080w, https:\/\/www.schlosstorgelow.de\/wp-content\/uploads\/2025\/08\/kurpfalzinternat.avif 1440w, https:\/\/www.schlosstorgelow.de\/wp-content\/uploads\/2025\/08\/kurpfalzinternat.avif 1920w\"         sizes=\"(min-width: 1710px) 1680px, (min-width: 1200px) 1140px, (min-width: 992px) 960px, (min-width: 768px) 720px, (min-width: 576px) 540px, calc(100vw - 32px)\"         alt=\"Kurpfalz Yat\u0131l\u0131 Okulu\"\n         title=\"Kurpfalz Yat\u0131l\u0131 Okulu\"\n         width=\"1920\"\n         height=\"1080\"\n          loading=\"eager\" fetchpriority=\"high\" decoding=\"async\">\n<\/picture>\n                    <\/div>\n                <\/div>\n                    <\/div>\n    <\/div>\n            <div class=\"container\">\n            <div class=\"row\">\n                <div class=\"col-12 col-lg-6 offset-lg-6 col-xxl-4 offset-xxl-7 headlines\">\n                                            <p class=\"h4\">G\u00fcncel haberler<\/p>\n                                                                <h1 class=\"h2\">Kurpfalz-Yurt<\/h1>\n                                    <\/div>\n            <\/div>\n        <\/div>\n                <div class=\"container\">\n            <div class=\"row\">\n                <div class=\"col-12 col-lg-10 offset-lg-1\">\n                    <div class=\"breadcrumbs\" itemscope itemtype=\"https:\/\/schema.org\/BreadcrumbList\">\n                        <span class=\"breadcrumbs__item\" itemprop=\"itemListElement\" itemscope itemtype=\"https:\/\/schema.org\/ListItem\">\n                            <a itemprop=\"item\" href=\"https:\/\/www.schlosstorgelow.de\/tr\">\n                                <span itemprop=\"name\">Schloss Torgelow: Yat\u0131l\u0131 Okul ve Lise<\/span>\n                            <\/a>\n                            <meta itemprop=\"position\" content=\"1\" \/>\n                        <\/span>  \n                        <svg class=\"icon default-pagination-arrow \" role=\"presentation\"><use href=\"#default-pagination-arrow\"><\/use><\/svg>                                                            <span class=\"breadcrumbs__item\" itemprop=\"itemListElement\" itemscope itemtype=\"https:\/\/schema.org\/ListItem\">\n                                    <a itemprop=\"item\" href=\"https:\/\/www.schlosstorgelow.de\/tr\/torgelow-haberleri\">\n                                        <span itemprop=\"name\">\n                                            G\u00fcncel haberler                                        <\/span>\n                                        <meta itemprop=\"position\" content=\"2\" \/>\n                                    <\/a>\n                                <\/span>\n                                                                            <svg class=\"icon default-pagination-arrow \" role=\"presentation\"><use href=\"#default-pagination-arrow\"><\/use><\/svg>                        <span class=\"breadcrumbs__item\" itemprop=\"itemListElement\" itemscope itemtype=\"https:\/\/schema.org\/ListItem\">\n                            <a itemprop=\"item\" href=\"https:\/\/www.schlosstorgelow.de\/tr\/kurpfalz-yurt\" class=\"breadcrumbs__current\">\n                                <span itemprop=\"name\">\n                                                                            Kurpfalz-Yurt \n                                                                    <\/span>\n                                <meta itemprop=\"position\" content=\"3\" \/>\n                            <\/a>\n                            <meta itemprop=\"position\" content=\"2\" \/>\n                        <\/span>\n                    <\/div>\n                <\/div>\n            <\/div>\n        <\/div>\n    <\/section>\n<div  class=\" special-heading special-heading-h2 custom-theme-block\">\n    <h2 class=\"h2 custom-title\">G\u00fcney Almanya&#039;daki \u00f6\u011frencilerimize Heidelberg&#039;deki karde\u015f okulumuzu \u00f6neriyoruz.<\/h2><\/div>\n\n<div  class=\"blue-text\">\n    <div class=\"\">\n                        <p>En fazla ON \u00f6\u011frenci bulunan s\u0131n\u0131flarda, \u00f6\u011fretmenlerimiz her birey i\u00e7in zaman ay\u0131r\u0131yor. Kurpfalz Yat\u0131l\u0131 Okulu&#8217;nda herkes soru sorabilir ve herkes sorgulan\u0131r. \u00d6\u011fretmenlerimiz tekrar yap\u0131yor, a\u00e7\u0131klamalarda bulunuyor ve sab\u0131rl\u0131 oluyor. K\u00fc\u00e7\u00fck \u00f6\u011frenme grubunun bireysel ortam\u0131nda, her \u00f6\u011frenci hak etti\u011fi dikkati al\u0131yor. B\u00f6ylece yurtland\u0131\u011f\u0131m\u0131z bu okul, \u00f6\u011frencilerimizin akademik ba\u015far\u0131s\u0131 i\u00e7in ideal ko\u015fullar\u0131 sunuyor.    <\/p>\n<p>Am Kurpfalz Internat, toplamda sadece 160 \u00f6\u011frencisi bulunan bir \u00f6zel okul olarak bir liseyi ve bir meslek lisesini i\u015fletiyoruz. Bu \u015fekilde, her bireye uygun \u00e7e\u015fitli e\u011fitim yollar\u0131 sunuyoruz. Bu, her birinin ba\u015far\u0131l\u0131 olmak i\u00e7in ihtiya\u00e7 duydu\u011fu zaman\u0131 almas\u0131n\u0131 sa\u011fl\u0131yor. K\u00fc\u00e7\u00fck bir okul olmam\u0131za ra\u011fmen, herkesin bireysel \u00f6\u011frenme yolunu bulabilmesi i\u00e7in \u00e7e\u015fitli se\u00e7im imkanlar\u0131 sunuyoruz.   <\/p>\n            <\/div>\n<\/div>\n\n<div     class=\"custom-theme-block divider-block\">\n            <div style=\"--space: 50px;\" class=\"divider-line\">\n            <div class=\"divider-line__icon\">\n                <?xml version=\"1.0\" encoding=\"UTF-8\"?>\n<svg id=\"Layer_1\" xmlns=\"http:\/\/www.w3.org\/2000\/svg\" version=\"1.1\" viewBox=\"0 0 445.783 200.0322\" class=\"icon theme-torgelow-schloss-logo-ansicht\" role=\"presentation\">\n  <!-- Generator: Adobe Illustrator 29.2.1, SVG Export Plug-In . SVG Version: 2.1.0 Build 116)  -->\n  <path d=\"M128.913,119.749H16.8657c-1.3303,0-2.4172,1.0537-2.4172,2.3789s1.0869,2.3794,2.4172,2.3794h112.0473c1.3302,0,2.4171-1.0698,2.4171-2.3794s-1.0869-2.3789-2.4171-2.3789Z\"\/>\n  <path d=\"M163.6774,170.7162h-3.3418v-30.4019c0-.4307-.3569-.7822-.7949-.7822h-17.0333c-.4381,0-.7949.3516-.7949.7822v30.4019h-3.3094c-.438,0-.7948.3516-.7948.7822v2.2993c0,.4312.3568.7827.7948.7827h3.861c.0811.0156.1622.0317.2434.0317h17.0333c.0812,0,.1622-.0161.2433-.0317h3.8934c.438,0,.7948-.3516.7948-.7827v-2.2993c0-.4307-.3568-.7822-.7948-.7822Z\"\/>\n  <path d=\"M237.2454,77.0522h-12.7668c-.438,0-.7949.3516-.7949.7827v24.5737h-2.3036c-.438,0-.7949.3511-.7949.7822v1.8521c0,.4312.3569.7827.7949.7827h2.8389c.0812.0156.1622.0317.2596.0317h12.7668c.0812,0,.1622-.0161.2434-.0317h2.8389c.438,0,.7949-.3516.7949-.7827v-1.8521c0-.4312-.3569-.7822-.7949-.7822h-2.2874v-24.5737c0-.4312-.3569-.7827-.7949-.7827Z\"\/>\n  <path d=\"M445.7505,83.7587l-.0487-17.2925c0-21.4443-14.3405-38.8804-31.9904-38.8804s-31.3252,16.7817-31.8929,37.9702l-84.0963-36.5171h-13.9512c-.1622-1.0698-.2434-1.8682-.2434-1.8843,0-1.2773-1.0707-2.3154-2.3684-2.3154h-10.1876c-.9896-2.6665-3.423-7.8398-8.6627-12.4702-5.4507-4.8379-16.8875-13.0293-31.1306-12.3267-14.6162-.5269-25.8583,7.5366-31.2765,12.3267-5.2236,4.6304-7.6732,9.8037-8.6627,12.4702h-10.1714c-1.2979,0-2.3522,1.0381-2.3684,2.3154,0,.0161-.0812,1.1177-.3732,2.6348l-15.1029.1753-52.5116,22.9292h-34.0505c-.5677,0-1.1356.2075-1.5736.5747-.0162.0322-3.1471,2.6826-13.5618,8.4468-10.4148,5.7642-28.9568,9.0854-29.1353,9.1172-.7787.144-1.4276.6387-1.7358,1.3574,0,0-7.9813,17.6279-11.8098,25.2759-4.2665,6.0039-17.6012,14.1948-17.731,14.2749-.8923.5591-1.314,1.6284-1.022,2.6348.292.9897,1.2167,1.6924,2.2711,1.6924l129.4701-.0317c1.2329,0,2.2711-.9424,2.3522-2.1558.0812-1.2134-.7948-2.2993-2.0116-2.4751-.0323,0-3.8284-.6865-3.8608-2.6025-.0325-2.2036.146-3.7202,3.8285-4.918,8.4355-2.7944,22.5814-7.4565,29.3623-21.2363,4.007-7.1694,3.715-24.8931,3.6987-25.3398l.5353-4.6309h13.4482c1.3141,0,2.3685-1.0376,2.3685-2.3311v-2.6826c0-1.2935-1.0544-2.3311-2.3685-2.3311h-4.7045c1.5411-.9263,3.0175-2.1558,4.2017-4.0557.373-.6069.6327-1.1655.9572-1.7407,1.4275-2.0596,2.1737-3.896,2.417-5.333.6489-1.9478,1.0221-3.6406,1.2006-4.8857h9.7657c1.0869,0,2.0441-.7505,2.3036-1.7886.0162-.064,1.6709-6.4507,7.8029-11.8794,4.8992-4.3271,15.1355-11.6245,28.1295-11.145,12.3127-.4155,21.9325,5.812,27.9672,11.145,6.1158,5.4287,7.7705,11.8154,7.803,11.8794.2595,1.0381,1.2004,1.7886,2.2874,1.7886h9.7657c.1298.8462.3732,1.9478.6976,3.1616.0811,1.4526.6975,3.688,2.4495,6.2432.4219.8462.8436,1.6924,1.3953,2.5703.876,1.3892,1.8492,2.4434,2.8713,3.3374h-3.6987c-1.314,0-2.3684,1.0381-2.3684,2.3311v2.6826c0,1.2935,1.0544,2.3311,2.3684,2.3311h13.4645l.5192,4.3271c0,.7505-.3083,18.4741,3.6338,25.5479,6.8296,13.8755,20.9753,18.5381,30.3193,21.6357,2.774.9258,2.9525,2.4268,2.9038,4.6304-.0323,1.8999-3.8284,2.5708-3.8608,2.5864-1.2329.1919-2.0927,1.2617-2.0116,2.4912.1136,1.1973,1.1193,2.1553,2.3522,2.1553h52.4305c1.314,0,2.3684-1.0376,2.3684-2.3311v-28.6294h60.0712c.438,0,.7949-.3511.7949-.7822l-.0325-.0479Z\"\/>\n  <path d=\"M199.4961,102.4086h-2.2874v-24.5737c0-.4312-.3568-.7827-.7948-.7827h-12.7507c-.438,0-.7949.3516-.7949.7827v24.5737h-2.3036c-.438,0-.7949.3511-.7949.7822v1.8521c0,.4312.3569.7827.7949.7827h2.8389c.0812.0156.1624.0317.2596.0317h12.7507c.0811,0,.1622-.0161.2433-.0317h2.8389c.438,0,.7949-.3516.7949-.7827v-1.8521c0-.4312-.3569-.7822-.7949-.7822Z\"\/>\n  <path d=\"M413.7277,23.8178c4.007,0,7.2677-3.4014,7.2677-7.5527,0-4.1675-3.2607-7.5527-7.2677-7.5527s-7.2676,3.3853-7.2676,7.5527,3.2606,7.5527,7.2676,7.5527Z\"\/>\n  <path d=\"M13.8483,133.7363v62.0327c0,1.4688,1.2005,2.6348,2.6767,2.6348s2.6767-1.1816,2.6767-2.6348v-62.0327c0-2.9224-5.3534-2.9224-5.3534,0Z\"\/>\n  <path d=\"M85.4372,170.7162h-3.3418v-30.4019c0-.4307-.3569-.7822-.7949-.7822h-17.0171c-.4381,0-.7949.3516-.7949.7822v30.4019h-3.3418c-.438,0-.7949.3516-.7949.7822v2.2993c0,.4312.3569.7827.7949.7827h3.8771c.0812.0156.1622.0317.2596.0317h17.0171c.0812,0,.1622-.0161.2434-.0317h3.8933c.438,0,.7949-.3516.7949-.7827v-2.2993c0-.4307-.3569-.7822-.7949-.7822Z\"\/>\n  <path d=\"M241.9336,170.7162h-3.3256v-30.4019c0-.4307-.3568-.7822-.7948-.7822h-17.0334c-.438,0-.7949.3516-.7949.7822v30.4019h-3.3256c-.438,0-.7949.3516-.7949.7822v2.2993c0,.4312.3569.7827.7949.7827h3.861s.1622.0317.2595.0317h17.0334c.0811,0,.1622-.0161.2433-.0317h3.8771c.438,0,.7949-.3516.7949-.7827v-2.2993c0-.4307-.3569-.7822-.7949-.7822Z\"\/>\n  <path d=\"M441.9869,93.8339c1.3302,0,2.4171-1.0698,2.4171-2.3789s-1.0707-2.3794-2.4171-2.3794h-51.5544c-1.3302,0-2.401,1.0698-2.401,2.3794s1.0708,2.3789,2.401,2.3789h51.5544Z\"\/>\n  <path d=\"M399.9387,170.7162h-3.3418v-30.4019c0-.4307-.3569-.7822-.7949-.7822h-17.0333c-.438,0-.7949.3516-.7949.7822v30.4019h-3.3256c-.438,0-.7949.3516-.7949.7822v2.2993c0,.4312.3569.7827.7949.7827h3.8772s.1621.0317.2433.0317h17.0333c.0812,0,.1622-.0161.2434-.0317h3.8933c.438,0,.7949-.3516.7949-.7827v-2.2993c0-.4307-.3569-.7822-.7949-.7822Z\"\/>\n  <path d=\"M442.214,99.7416c-1.4762,0-2.6766,1.1816-2.6766,2.6348v.0161l-.146,95.0049c0,1.4531,1.2004,2.6348,2.6766,2.6348s2.6766-1.1816,2.6766-2.6348l.146-95.0049c0-1.4531-1.2004-2.6509-2.6766-2.6509Z\"\/>\n  <path d=\"M385.2737,122.144c0-1.3096-1.0706-2.3794-2.417-2.3794h-51.5544c-1.3303,0-2.4171,1.0542-2.4171,2.3794,0,1.3091,1.0707,2.3789,2.4171,2.3789h51.5544c1.3302,0,2.417-1.0698,2.417-2.3789Z\"\/>\n  <path d=\"M230.8376,32.5995c-8.6952,0-13.5944,8.207-13.8052,8.5586-.2109.3511-.3082.7505-.3082,1.1494v5.0298c0,1.2773,1.0544,2.3311,2.3684,2.3311h2.1089c.9896,3.2095,3.8934,6.6587,9.6361,6.6587s8.5815-3.4492,9.4738-6.6743h2.2711v-.0161c1.314,0,2.3684-1.0381,2.3684-2.3311v-4.998c0-.415-.1135-.7983-.3243-1.1655-.1947-.3511-5.0939-8.5425-13.7889-8.5425Z\"\/>\n  <path d=\"M281.1592,102.4086h-2.3036v-24.5737c0-.4312-.3569-.7827-.7949-.7827h-12.767c-.438,0-.7948.3516-.7948.7827v24.5737h-2.2874c-.4381,0-.7949.3511-.7949.7822v1.8521c0,.4312.3568.7827.7949.7827h2.8389s.1622.0317.2433.0317h12.767c.0812,0,.1622-.0161.2434-.0317h2.8551c.438,0,.7949-.3516.7949-.7827v-1.8521c0-.4312-.3569-.7822-.7949-.7822Z\"\/>\n  <path d=\"M320.2062,170.7162h-3.3418v-30.4019c0-.4307-.3568-.7822-.7948-.7822h-17.0334c-.438,0-.7949.3516-.7949.7822v30.4019h-3.3256c-.438,0-.7949.3516-.7949.7822v2.2993c0,.4312.3569.7827.7949.7827h3.8771s.146.0317.2434.0317h17.0334c.0811,0,.1621-.0161.2433-.0317h3.8933c.438,0,.7949-.3516.7949-.7827v-2.2993c0-.4307-.3569-.7822-.7949-.7822Z\"\/>\n<\/svg>            <\/div>\n        <\/div>\n    \n    <\/div>\n<figure class=\"wp-block-embed is-type-video is-provider-vimeo wp-block-embed-vimeo wp-embed-aspect-16-9 wp-has-aspect-ratio\"><div class=\"wp-block-embed__wrapper\">\n\n    <div class=\"video-facade content-video-facade\" data-video-id=\"379963856\" data-provider=\"vimeo\" data-original-iframe=\"&lt;iframe title=&quot;Kurpfalz Internat - Der Film&quot; src=&quot;https:\/\/player.vimeo.com\/video\/379963856?dnt=1&amp;app_id=122963&#038;dnt=1&quot; width=&quot;640&quot; height=&quot;360&quot; frameborder=&quot;0&quot; allow=&quot;autoplay; fullscreen; picture-in-picture; clipboard-write; encrypted-media; web-share&quot; referrerpolicy=&quot;strict-origin-when-cross-origin&quot;&gt;&lt;\/iframe&gt;\" width=\"640\" height=\"360\">\n        <img decoding=\"async\" src=\"https:\/\/i.vimeocdn.com\/video\/840187201-1003661836b9035ac7ae538f7497bc4efc33f321a146262157876b4e45b2f4c1-d?region=us&#038;mw=1280&#038;mh=720&#038;q=100\" alt=\"Video thumbnail\" loading=\"lazy\">\n        <button class=\"video-play-button\" aria-label=\"Play video\">\n            <svg width=\"68\" height=\"48\" viewBox=\"0 0 68 48\"><path d=\"M66.52 7.74c-.78-2.93-2.49-5.41-5.42-6.19C55.79.13 34 0 34 0S12.21.13 6.9 1.55c-2.93.78-4.63 3.26-5.42 6.19C.06 13.05 0 24 0 24s.06 10.95 1.48 16.26c.78 2.93 2.49 5.41 5.42 6.19C12.21 47.87 34 48 34 48s21.79-.13 27.1-1.55c2.93-.78 4.64-3.26 5.42-6.19C67.94 34.95 68 24 68 24s-.06-10.95-1.48-16.26z\" fill=\"red\"\/><path d=\"M45 24L27 14v20\" fill=\"white\"\/><\/svg>\n        <\/button>\n        <div class=\"video-consent-notice\" style=\"display: none;\">\n            <p class=\"video-consent-text first-attempt\">To watch the video, you need to accept cookies.<\/p>\n            <p class=\"video-consent-text try-again\">Cookies have not been accepted yet. Please accept cookies first and try again.<\/p>\n            <button class=\"check-cookies-btn\">Check Cookies<\/button>\n        <\/div>\n    <\/div>\n<\/div><\/figure>\n\n<div     class=\"buttons-line\">\n    <div class=\"button-line__wrapper\">\n                                                        <div class=\"button-wrapper\">\n                        <a class=\"btn btn-outline arrow\" href=\"https:\/\/www.kurpfalz-internat.de\/\"\n                            target=\"_blank\">\n                            <span>\n                                Kurpfalz Y\u00fcksekokulu&#8217;na                                                                    <svg class=\"icon default-quick-link-arrow-2 \" role=\"presentation\"><use href=\"#default-quick-link-arrow-2\"><\/use><\/svg>                                                            <\/span>\n                        <\/a>\n                    <\/div>\n                                        <\/div>\n<\/div>","protected":false},"excerpt":{"rendered":"","protected":false},"author":1,"featured_media":0,"parent":0,"menu_order":0,"comment_status":"closed","ping_status":"closed","template":"","meta":{"_acf_changed":false,"footnotes":""},"class_list":["post-84011","page","type-page","status-publish"],"acf":[],"yoast_head":"<!-- This site is optimized with the Yoast SEO plugin v26.9 - https:\/\/yoast.com\/product\/yoast-seo-wordpress\/ -->\n<title>Kurpfalz-Yurt - Schloss Torgelow<\/title>\n<meta name=\"description\" content=\"G\u00fcney Almanya&#039;daki \u00f6\u011frencilerimize Heidelberg yak\u0131nlar\u0131ndaki karde\u015f okulumuzu \u00f6neriyoruz: Kurpfalz Yat\u0131l\u0131 Okulu.\" \/>\n<meta name=\"robots\" content=\"index, follow, max-snippet:-1, max-image-preview:large, max-video-preview:-1\" \/>\n<link rel=\"canonical\" href=\"https:\/\/www.schlosstorgelow.de\/tr\/kurpfalz-yurt\" \/>\n<meta property=\"og:locale\" content=\"tr_TR\" \/>\n<meta property=\"og:type\" content=\"article\" \/>\n<meta property=\"og:title\" content=\"Kurpfalz-Yurt - Schloss Torgelow\" \/>\n<meta property=\"og:description\" content=\"G\u00fcney Almanya&#039;daki \u00f6\u011frencilerimize Heidelberg yak\u0131nlar\u0131ndaki karde\u015f okulumuzu \u00f6neriyoruz: Kurpfalz Yat\u0131l\u0131 Okulu.\" \/>\n<meta property=\"og:url\" content=\"https:\/\/www.schlosstorgelow.de\/tr\/kurpfalz-yurt\" \/>\n<meta property=\"og:site_name\" content=\"Schloss Torgelow\" \/>\n<meta property=\"article:modified_time\" content=\"2026-01-15T08:04:54+00:00\" \/>\n<meta name=\"twitter:card\" content=\"summary_large_image\" \/>\n<script type=\"application\/ld+json\" class=\"yoast-schema-graph\">{\"@context\":\"https:\/\/schema.org\",\"@graph\":[{\"@type\":\"WebPage\",\"@id\":\"https:\/\/www.schlosstorgelow.de\/tr\/kurpfalz-yurt#webpage\",\"url\":\"https:\/\/www.schlosstorgelow.de\/tr\/kurpfalz-yurt\",\"name\":\"Kurpfalz-Yurt - Schloss Torgelow\",\"isPartOf\":{\"@id\":\"https:\/\/www.schlosstorgelow.de\/tr#website\"},\"datePublished\":\"2016-01-15T12:08:51+00:00\",\"dateModified\":\"2026-01-15T08:04:54+00:00\",\"description\":\"G\u00fcney Almanya'daki \u00f6\u011frencilerimize Heidelberg yak\u0131nlar\u0131ndaki karde\u015f okulumuzu \u00f6neriyoruz: Kurpfalz Yat\u0131l\u0131 Okulu.\",\"breadcrumb\":{\"@id\":\"https:\/\/www.schlosstorgelow.de\/tr\/kurpfalz-yurt#breadcrumb\"},\"inLanguage\":\"tr\",\"potentialAction\":[{\"@type\":\"ReadAction\",\"target\":[\"https:\/\/www.schlosstorgelow.de\/tr\/kurpfalz-yurt\"]}]},{\"@type\":\"BreadcrumbList\",\"@id\":\"https:\/\/www.schlosstorgelow.de\/tr\/kurpfalz-yurt#breadcrumb\",\"itemListElement\":[{\"@type\":\"ListItem\",\"position\":1,\"name\":\"Startseite\",\"item\":\"https:\/\/www.schlosstorgelow.de\/tr\"},{\"@type\":\"ListItem\",\"position\":2,\"name\":\"Kurpfalz-Yurt\"}]},{\"@type\":\"WebSite\",\"@id\":\"https:\/\/www.schlosstorgelow.de\/tr#website\",\"url\":\"https:\/\/www.schlosstorgelow.de\/tr\",\"name\":\"Schloss Torgelow\",\"description\":\"\u00d6zel yat\u0131l\u0131 lise Schloss Torgelow \u2013 zorluklar\u0131 seven \u00f6\u011frenciler i\u00e7in yat\u0131l\u0131 okul.\",\"potentialAction\":[{\"@type\":\"SearchAction\",\"target\":{\"@type\":\"EntryPoint\",\"urlTemplate\":\"https:\/\/www.schlosstorgelow.de\/tr?s={search_term_string}\"},\"query-input\":{\"@type\":\"PropertyValueSpecification\",\"valueRequired\":true,\"valueName\":\"search_term_string\"}}],\"inLanguage\":\"tr\"}]}<\/script>\n<!-- \/ Yoast SEO plugin. -->","yoast_head_json":{"title":"Kurpfalz-Yurt - Schloss Torgelow","description":"G\u00fcney Almanya'daki \u00f6\u011frencilerimize Heidelberg yak\u0131nlar\u0131ndaki karde\u015f okulumuzu \u00f6neriyoruz: Kurpfalz Yat\u0131l\u0131 Okulu.","robots":{"index":"index","follow":"follow","max-snippet":"max-snippet:-1","max-image-preview":"max-image-preview:large","max-video-preview":"max-video-preview:-1"},"canonical":"https:\/\/www.schlosstorgelow.de\/tr\/kurpfalz-yurt","og_locale":"tr_TR","og_type":"article","og_title":"Kurpfalz-Yurt - Schloss Torgelow","og_description":"G\u00fcney Almanya'daki \u00f6\u011frencilerimize Heidelberg yak\u0131nlar\u0131ndaki karde\u015f okulumuzu \u00f6neriyoruz: Kurpfalz Yat\u0131l\u0131 Okulu.","og_url":"https:\/\/www.schlosstorgelow.de\/tr\/kurpfalz-yurt","og_site_name":"Schloss Torgelow","article_modified_time":"2026-01-15T08:04:54+00:00","twitter_card":"summary_large_image","schema":{"@context":"https:\/\/schema.org","@graph":[{"@type":"WebPage","@id":"https:\/\/www.schlosstorgelow.de\/tr\/kurpfalz-yurt#webpage","url":"https:\/\/www.schlosstorgelow.de\/tr\/kurpfalz-yurt","name":"Kurpfalz-Yurt - Schloss Torgelow","isPartOf":{"@id":"https:\/\/www.schlosstorgelow.de\/tr#website"},"datePublished":"2016-01-15T12:08:51+00:00","dateModified":"2026-01-15T08:04:54+00:00","description":"G\u00fcney Almanya'daki \u00f6\u011frencilerimize Heidelberg yak\u0131nlar\u0131ndaki karde\u015f okulumuzu \u00f6neriyoruz: Kurpfalz Yat\u0131l\u0131 Okulu.","breadcrumb":{"@id":"https:\/\/www.schlosstorgelow.de\/tr\/kurpfalz-yurt#breadcrumb"},"inLanguage":"tr","potentialAction":[{"@type":"ReadAction","target":["https:\/\/www.schlosstorgelow.de\/tr\/kurpfalz-yurt"]}]},{"@type":"BreadcrumbList","@id":"https:\/\/www.schlosstorgelow.de\/tr\/kurpfalz-yurt#breadcrumb","itemListElement":[{"@type":"ListItem","position":1,"name":"Startseite","item":"https:\/\/www.schlosstorgelow.de\/tr"},{"@type":"ListItem","position":2,"name":"Kurpfalz-Yurt"}]},{"@type":"WebSite","@id":"https:\/\/www.schlosstorgelow.de\/tr#website","url":"https:\/\/www.schlosstorgelow.de\/tr","name":"Schloss Torgelow","description":"\u00d6zel yat\u0131l\u0131 lise Schloss Torgelow \u2013 zorluklar\u0131 seven \u00f6\u011frenciler i\u00e7in yat\u0131l\u0131 okul.","potentialAction":[{"@type":"SearchAction","target":{"@type":"EntryPoint","urlTemplate":"https:\/\/www.schlosstorgelow.de\/tr?s={search_term_string}"},"query-input":{"@type":"PropertyValueSpecification","valueRequired":true,"valueName":"search_term_string"}}],"inLanguage":"tr"}]}},"block_visibility_meta":[],"_links":{"self":[{"href":"https:\/\/www.schlosstorgelow.de\/tr\/wp-json\/wp\/v2\/pages\/84011","targetHints":{"allow":["GET"]}}],"collection":[{"href":"https:\/\/www.schlosstorgelow.de\/tr\/wp-json\/wp\/v2\/pages"}],"about":[{"href":"https:\/\/www.schlosstorgelow.de\/tr\/wp-json\/wp\/v2\/types\/page"}],"author":[{"embeddable":true,"href":"https:\/\/www.schlosstorgelow.de\/tr\/wp-json\/wp\/v2\/users\/1"}],"replies":[{"embeddable":true,"href":"https:\/\/www.schlosstorgelow.de\/tr\/wp-json\/wp\/v2\/comments?post=84011"}],"version-history":[{"count":0,"href":"https:\/\/www.schlosstorgelow.de\/tr\/wp-json\/wp\/v2\/pages\/84011\/revisions"}],"wp:attachment":[{"href":"https:\/\/www.schlosstorgelow.de\/tr\/wp-json\/wp\/v2\/media?parent=84011"}],"curies":[{"name":"wp","href":"https:\/\/api.w.org\/{rel}","templated":true}]}}