{"id":83983,"date":"2025-10-20T05:51:37","date_gmt":"2025-10-20T05:51:37","guid":{"rendered":"https:\/\/www.schlosstorgelow.de\/oegrenciler-icin-varis-ve-ayrilis"},"modified":"2026-01-17T08:34:17","modified_gmt":"2026-01-17T08:34:17","slug":"oegrenciler-icin-varis-ve-ayrilis","status":"publish","type":"page","link":"https:\/\/www.schlosstorgelow.de\/tr\/oegrenciler-icin-varis-ve-ayrilis","title":{"rendered":"\u00d6\u011frenciler i\u00e7in Var\u0131\u015f ve Ayr\u0131l\u0131\u015f"},"content":{"rendered":"\n<section     class=\"custom-theme-block page-header-section\">\n    <div class=\"container\">\n        <div class=\"row\">\n                                        <div class=\"col-12 col-lg-10 offset-lg-1\">\n                    <div class=\"image_wrapper\">\n                        \n<picture>\n            <source media=\"(max-width: 575.98px)\" srcset=\"https:\/\/www.schlosstorgelow.de\/wp-content\/uploads\/2025\/10\/schloss-torgelow-bus.avif 320w, https:\/\/www.schlosstorgelow.de\/wp-content\/uploads\/2025\/10\/schloss-torgelow-bus.avif 480w, https:\/\/www.schlosstorgelow.de\/wp-content\/uploads\/2025\/10\/schloss-torgelow-bus.avif 640w, https:\/\/www.schlosstorgelow.de\/wp-content\/uploads\/2025\/10\/schloss-torgelow-bus.avif 960w\" sizes=\"calc(100vw - 32px)\" type=\"image\/avif\">\n    \n            <source srcset=\"https:\/\/www.schlosstorgelow.de\/wp-content\/uploads\/2025\/10\/schloss-torgelow-bus.avif 320w, https:\/\/www.schlosstorgelow.de\/wp-content\/uploads\/2025\/10\/schloss-torgelow-bus.avif 480w, https:\/\/www.schlosstorgelow.de\/wp-content\/uploads\/2025\/10\/schloss-torgelow-bus.avif 640w, https:\/\/www.schlosstorgelow.de\/wp-content\/uploads\/2025\/10\/schloss-torgelow-bus.avif 720w, https:\/\/www.schlosstorgelow.de\/wp-content\/uploads\/2025\/10\/schloss-torgelow-bus.avif 960w, https:\/\/www.schlosstorgelow.de\/wp-content\/uploads\/2025\/10\/schloss-torgelow-bus.avif 1080w, https:\/\/www.schlosstorgelow.de\/wp-content\/uploads\/2025\/10\/schloss-torgelow-bus.avif 1440w, https:\/\/www.schlosstorgelow.de\/wp-content\/uploads\/2025\/10\/schloss-torgelow-bus.avif 1920w\" sizes=\"(min-width: 1710px) 1680px, (min-width: 1200px) 1140px, (min-width: 992px) 960px, (min-width: 768px) 720px, (min-width: 576px) 540px, calc(100vw - 32px)\" type=\"image\/avif\">\n    \n    \n    <img src=\"https:\/\/www.schlosstorgelow.de\/wp-content\/uploads\/2025\/10\/schloss-torgelow-bus.avif\"\n         srcset=\"https:\/\/www.schlosstorgelow.de\/wp-content\/uploads\/2025\/10\/schloss-torgelow-bus.avif 320w, https:\/\/www.schlosstorgelow.de\/wp-content\/uploads\/2025\/10\/schloss-torgelow-bus.avif 480w, https:\/\/www.schlosstorgelow.de\/wp-content\/uploads\/2025\/10\/schloss-torgelow-bus.avif 640w, https:\/\/www.schlosstorgelow.de\/wp-content\/uploads\/2025\/10\/schloss-torgelow-bus.avif 720w, https:\/\/www.schlosstorgelow.de\/wp-content\/uploads\/2025\/10\/schloss-torgelow-bus.avif 960w, https:\/\/www.schlosstorgelow.de\/wp-content\/uploads\/2025\/10\/schloss-torgelow-bus.avif 1080w, https:\/\/www.schlosstorgelow.de\/wp-content\/uploads\/2025\/10\/schloss-torgelow-bus.avif 1440w, https:\/\/www.schlosstorgelow.de\/wp-content\/uploads\/2025\/10\/schloss-torgelow-bus.avif 1920w\"         sizes=\"(min-width: 1710px) 1680px, (min-width: 1200px) 1140px, (min-width: 992px) 960px, (min-width: 768px) 720px, (min-width: 576px) 540px, calc(100vw - 32px)\"         alt=\"\u015eato otob\u00fcs\u00fc\"\n         title=\"\u015eato otob\u00fcs\u00fc\"\n         width=\"1920\"\n         height=\"1080\"\n          loading=\"eager\" fetchpriority=\"high\" decoding=\"async\">\n<\/picture>\n                    <\/div>\n                <\/div>\n                    <\/div>\n    <\/div>\n            <div class=\"container\">\n            <div class=\"row\">\n                <div class=\"col-12 col-lg-6 offset-lg-6 col-xxl-4 offset-xxl-7 headlines\">\n                                            <p class=\"h4\">Schloss Torgelow: Hakk\u0131m\u0131zda<\/p>\n                                                                <h1 class=\"h2\">\u00d6\u011frenciler i\u00e7in Var\u0131\u015f ve Ayr\u0131l\u0131\u015f<\/h1>\n                                    <\/div>\n            <\/div>\n        <\/div>\n                <div class=\"container\">\n            <div class=\"row\">\n                <div class=\"col-12 col-lg-10 offset-lg-1\">\n                    <div class=\"breadcrumbs\" itemscope itemtype=\"https:\/\/schema.org\/BreadcrumbList\">\n                        <span class=\"breadcrumbs__item\" itemprop=\"itemListElement\" itemscope itemtype=\"https:\/\/schema.org\/ListItem\">\n                            <a itemprop=\"item\" href=\"https:\/\/www.schlosstorgelow.de\/tr\">\n                                <span itemprop=\"name\">Schloss Torgelow: Yat\u0131l\u0131 Okul ve Lise<\/span>\n                            <\/a>\n                            <meta itemprop=\"position\" content=\"1\" \/>\n                        <\/span>  \n                        <svg class=\"icon default-pagination-arrow \" role=\"presentation\"><use href=\"#default-pagination-arrow\"><\/use><\/svg>                                                            <span class=\"breadcrumbs__item\" itemprop=\"itemListElement\" itemscope itemtype=\"https:\/\/schema.org\/ListItem\">\n                                    <a itemprop=\"item\" href=\"\/traegerfamilie-leitung\">\n                                        <span itemprop=\"name\">\n                                            Schloss Torgelow: Hakk\u0131m\u0131zda                                        <\/span>\n                                        <meta itemprop=\"position\" content=\"2\" \/>\n                                    <\/a>\n                                <\/span>\n                                                                            <svg class=\"icon default-pagination-arrow \" role=\"presentation\"><use href=\"#default-pagination-arrow\"><\/use><\/svg>                        <span class=\"breadcrumbs__item\" itemprop=\"itemListElement\" itemscope itemtype=\"https:\/\/schema.org\/ListItem\">\n                            <a itemprop=\"item\" href=\"https:\/\/www.schlosstorgelow.de\/tr\/oegrenciler-icin-varis-ve-ayrilis\" class=\"breadcrumbs__current\">\n                                <span itemprop=\"name\">\n                                                                            \u00d6\u011frenciler i\u00e7in Var\u0131\u015f ve Ayr\u0131l\u0131\u015f \n                                                                    <\/span>\n                                <meta itemprop=\"position\" content=\"3\" \/>\n                            <\/a>\n                            <meta itemprop=\"position\" content=\"2\" \/>\n                        <\/span>\n                    <\/div>\n                <\/div>\n            <\/div>\n        <\/div>\n    <\/section>\n<div  class=\" special-heading special-heading-h2\">\n    <h2 class=\"h2 custom-title\">Berlin ve Hamburg&#039;a gidi\u015f ve geli\u015f i\u00e7in \u015fato otob\u00fcsleriyle.<\/h2><\/div>\n\n<div  class=\"blue-text\">\n    <div class=\"\">\n                        <p>\u00d6\u011frencilerimiz hafta sonu \u015fato otob\u00fcsleriyle Berlin ve Hamburg&#8217;a gitme imkan\u0131na sahip. Orada onlar\u0131 pazar ak\u015fam\u0131 tekrar alaca\u011f\u0131z. G\u00fcncel sefer programlar\u0131:  <\/p>\n            <\/div>\n<\/div>\n\n<div  class=\"two-columns-block\">\n    <div class=\"column-first align-items-center\">\n                    <h3>Kalk\u0131\u015f G\u00fcn\u00fc Takvimi<br \/>\nTorgelow am See \u2013 Hamburg<\/h3>\n<div class=\"theme-table-wrapper\" tabindex=\"0\"><table role=\"presentation\"  class=\"ce-table\">\n<tbody>\n<tr>\n<td>Torgelow am See<\/td>\n<td>13.10<\/td>\n<\/tr>\n<tr>\n<td>Autobahnrastst\u00e4tte Stolpe<\/td>\n<td>14.55<\/td>\n<\/tr>\n<tr>\n<td>Autobahnrastst\u00e4tte Gudow<\/td>\n<td>15.40<\/td>\n<\/tr>\n<tr>\n<td>Hamburg ZOB<\/td>\n<td>16.25<\/td>\n<\/tr>\n<tr>\n<td>Hamburg Dammtor<\/td>\n<td>16.35<\/td>\n<\/tr>\n<\/tbody>\n<\/table><\/div>\n                        <\/div>\n\n    <div class=\"column-second\">\n                    <h3>G\u00fczergah Hareket G\u00fcn\u00fc Torgelow am See \u2013 Berlin<\/h3>\n<div class=\"theme-table-wrapper\" tabindex=\"0\"><table role=\"presentation\"  class=\"ce-table\">\n<tbody>\n<tr>\n<td>Torgelow am See<\/td>\n<td>13.10<\/td>\n<\/tr>\n<tr>\n<td>Rastst\u00e4tte Linumer Bruch<\/td>\n<td>14.45<\/td>\n<\/tr>\n<tr>\n<td>Rastst\u00e4tte Stolper Heide<\/td>\n<td>15.25<\/td>\n<\/tr>\n<tr>\n<td>Bahnhof Zoo &#8211; Tur otob\u00fcsleri<\/td>\n<td>16.00<\/td>\n<\/tr>\n<tr>\n<td>HBF Europaplatz<\/td>\n<td>16.15<\/td>\n<\/tr>\n<\/tbody>\n<\/table><\/div>\n                            <\/div>\n<\/div>\n\n<div  class=\"two-columns-block\">\n    <div class=\"column-first align-items-center\">\n                    <h3>G\u00fczergah Var\u0131\u015f G\u00fcn\u00fc Hamburg \u2013 Torgelow am See<\/h3>\n<div class=\"theme-table-wrapper\" tabindex=\"0\"><table role=\"presentation\"  class=\"ce-table\">\n<tbody>\n<tr>\n<td>Hamburg Dammtor\/Shell<\/td>\n<td>17.45<\/td>\n<\/tr>\n<tr>\n<td>Autobahnrastst\u00e4tte Gudow<\/td>\n<td>18:30<\/td>\n<\/tr>\n<tr>\n<td>Autobahnrastst\u00e4tte Stolpe<\/td>\n<td>19.15<\/td>\n<\/tr>\n<tr>\n<td>Torgelow am See<\/td>\n<td>21.00<\/td>\n<\/tr>\n<\/tbody>\n<\/table><\/div>\n                        <\/div>\n\n    <div class=\"column-second\">\n                    <h3>\u0130\u015fletme saatleri Var\u0131\u015f G\u00fcn\u00fc Berlin \u2013 Torgelow Am See<\/h3>\n<div class=\"theme-table-wrapper\" tabindex=\"0\"><table role=\"presentation\"  class=\"ce-table\">\n<tbody>\n<tr>\n<td>HBF Europaplatz<\/td>\n<td>18.15<\/td>\n<\/tr>\n<tr>\n<td>Bahnhof Zoo &#8211; Seyahat Otob\u00fcsleri<\/td>\n<td>18.30<\/td>\n<\/tr>\n<tr>\n<td>Rastst\u00e4tte Stolper Heide<\/td>\n<td>19:05<\/td>\n<\/tr>\n<tr>\n<td>Rastst\u00e4tte Linumer Bruch<\/td>\n<td>19.30<\/td>\n<\/tr>\n<tr>\n<td>Torgelow am See<\/td>\n<td>21.10<\/td>\n<\/tr>\n<\/tbody>\n<\/table><\/div>\n                            <\/div>\n<\/div>\n\n<div  class=\" special-heading special-heading-h2\">\n    <h2 class=\"h2 custom-title\">M\u00fcritz&#039;teki Waren \u0130stasyonu&#039;ndan Alman Demiryollar\u0131 ile Geli\u015f ve Gidi\u015f<\/h2><\/div>\n\n<div  class=\"two-columns-block\">\n    <div class=\"column-first align-items-center\">\n                    <p>Bir sonraki tren istasyonu Waren&#8217;dedir. Oradan Rostock ve Berlin&#8217;e IC ile direkt ba\u011flant\u0131lar vard\u0131r. Schloss Torgelow, Cuma \u00f6\u011fleden sonras\u0131 istasyona bir servis arac\u0131 sunmaktad\u0131r.  <\/p>\n<p>Berlin Merkez \u0130stasyonu&#8217;ndan \u00e7ok iyi tren ba\u011flant\u0131lar\u0131 var. Pazar ak\u015fam\u0131, \u00f6\u011frencilerimizi Torgelow&#8217;a geri g\u00f6t\u00fcrmek i\u00e7in Waren&#8217;da \u00f6zel tarifeden taksiler haz\u0131r bulunacak. <\/p>\n                        <\/div>\n\n    <div class=\"column-second\">\n                    <p>Deutsche Bahn, Berlin-Gesundbrunnen&#8217;dan BER Havaliman\u0131&#8217;na direkt veya aktarmal\u0131 bir ba\u011flant\u0131 sunmaktad\u0131r ve havaliman\u0131n\u0131n alt\u0131nda bulunan istasyonda durmaktad\u0131r. Yolculuk s\u00fcresi yakla\u015f\u0131k 1 saat 55 dakikad\u0131r ve IC veya IC\/FEX ile sadece be\u015f istasyon kala BER&#8217;ye ula\u015fabilirsiniz. <\/p>\n<p>Bu, \u00f6\u011frencilerimizin Almanya&#8217;n\u0131n b\u00fcy\u00fck \u015fehirlerine veya Avrupa&#8217;n\u0131n di\u011fer \u00fclkelerine iyi u\u00e7u\u015f ba\u011flant\u0131lar\u0131ndan yararlanmalar\u0131n\u0131 sa\u011flar.<\/p>\n                            <\/div>\n<\/div>\n","protected":false},"excerpt":{"rendered":"","protected":false},"author":1,"featured_media":0,"parent":0,"menu_order":0,"comment_status":"closed","ping_status":"closed","template":"","meta":{"_acf_changed":false,"footnotes":""},"class_list":["post-83983","page","type-page","status-publish"],"acf":[],"yoast_head":"<!-- This site is optimized with the Yoast SEO plugin v26.9 - https:\/\/yoast.com\/product\/yoast-seo-wordpress\/ -->\n<title>\u00d6\u011frenciler i\u00e7in Var\u0131\u015f ve Ayr\u0131l\u0131\u015f - Schloss Torgelow<\/title>\n<meta name=\"description\" content=\"\u00d6\u011frenciler, Berlin veya Hamburg&#039;daki seyahatleri i\u00e7in kalabal\u0131k otob\u00fcslerimizi veya Waren Merkez \u0130stasyonu \u00fczerinden treni kullanabilirler.\" \/>\n<meta name=\"robots\" content=\"index, follow, max-snippet:-1, max-image-preview:large, max-video-preview:-1\" \/>\n<link rel=\"canonical\" href=\"https:\/\/www.schlosstorgelow.de\/tr\/oegrenciler-icin-varis-ve-ayrilis\" \/>\n<meta property=\"og:locale\" content=\"tr_TR\" \/>\n<meta property=\"og:type\" content=\"article\" \/>\n<meta property=\"og:title\" content=\"\u00d6\u011frenciler i\u00e7in Var\u0131\u015f ve Ayr\u0131l\u0131\u015f - Schloss Torgelow\" \/>\n<meta property=\"og:description\" content=\"\u00d6\u011frenciler, Berlin veya Hamburg&#039;daki seyahatleri i\u00e7in kalabal\u0131k otob\u00fcslerimizi veya Waren Merkez \u0130stasyonu \u00fczerinden treni kullanabilirler.\" \/>\n<meta property=\"og:url\" content=\"https:\/\/www.schlosstorgelow.de\/tr\/oegrenciler-icin-varis-ve-ayrilis\" \/>\n<meta property=\"og:site_name\" content=\"Schloss Torgelow\" \/>\n<meta property=\"article:modified_time\" content=\"2026-01-17T08:34:17+00:00\" \/>\n<meta name=\"twitter:card\" content=\"summary_large_image\" \/>\n<script type=\"application\/ld+json\" class=\"yoast-schema-graph\">{\"@context\":\"https:\/\/schema.org\",\"@graph\":[{\"@type\":\"WebPage\",\"@id\":\"https:\/\/www.schlosstorgelow.de\/tr\/oegrenciler-icin-varis-ve-ayrilis#webpage\",\"url\":\"https:\/\/www.schlosstorgelow.de\/tr\/oegrenciler-icin-varis-ve-ayrilis\",\"name\":\"\u00d6\u011frenciler i\u00e7in Var\u0131\u015f ve Ayr\u0131l\u0131\u015f - Schloss Torgelow\",\"isPartOf\":{\"@id\":\"https:\/\/www.schlosstorgelow.de\/tr#website\"},\"datePublished\":\"2025-10-20T05:51:37+00:00\",\"dateModified\":\"2026-01-17T08:34:17+00:00\",\"description\":\"\u00d6\u011frenciler, Berlin veya Hamburg'daki seyahatleri i\u00e7in kalabal\u0131k otob\u00fcslerimizi veya Waren Merkez \u0130stasyonu \u00fczerinden treni kullanabilirler.\",\"breadcrumb\":{\"@id\":\"https:\/\/www.schlosstorgelow.de\/tr\/oegrenciler-icin-varis-ve-ayrilis#breadcrumb\"},\"inLanguage\":\"tr\",\"potentialAction\":[{\"@type\":\"ReadAction\",\"target\":[\"https:\/\/www.schlosstorgelow.de\/tr\/oegrenciler-icin-varis-ve-ayrilis\"]}]},{\"@type\":\"BreadcrumbList\",\"@id\":\"https:\/\/www.schlosstorgelow.de\/tr\/oegrenciler-icin-varis-ve-ayrilis#breadcrumb\",\"itemListElement\":[{\"@type\":\"ListItem\",\"position\":1,\"name\":\"Startseite\",\"item\":\"https:\/\/www.schlosstorgelow.de\/tr\"},{\"@type\":\"ListItem\",\"position\":2,\"name\":\"\u00d6\u011frenciler i\u00e7in Var\u0131\u015f ve Ayr\u0131l\u0131\u015f\"}]},{\"@type\":\"WebSite\",\"@id\":\"https:\/\/www.schlosstorgelow.de\/tr#website\",\"url\":\"https:\/\/www.schlosstorgelow.de\/tr\",\"name\":\"Schloss Torgelow\",\"description\":\"\u00d6zel yat\u0131l\u0131 lise Schloss Torgelow \u2013 zorluklar\u0131 seven \u00f6\u011frenciler i\u00e7in yat\u0131l\u0131 okul.\",\"potentialAction\":[{\"@type\":\"SearchAction\",\"target\":{\"@type\":\"EntryPoint\",\"urlTemplate\":\"https:\/\/www.schlosstorgelow.de\/tr?s={search_term_string}\"},\"query-input\":{\"@type\":\"PropertyValueSpecification\",\"valueRequired\":true,\"valueName\":\"search_term_string\"}}],\"inLanguage\":\"tr\"}]}<\/script>\n<!-- \/ Yoast SEO plugin. -->","yoast_head_json":{"title":"\u00d6\u011frenciler i\u00e7in Var\u0131\u015f ve Ayr\u0131l\u0131\u015f - Schloss Torgelow","description":"\u00d6\u011frenciler, Berlin veya Hamburg'daki seyahatleri i\u00e7in kalabal\u0131k otob\u00fcslerimizi veya Waren Merkez \u0130stasyonu \u00fczerinden treni kullanabilirler.","robots":{"index":"index","follow":"follow","max-snippet":"max-snippet:-1","max-image-preview":"max-image-preview:large","max-video-preview":"max-video-preview:-1"},"canonical":"https:\/\/www.schlosstorgelow.de\/tr\/oegrenciler-icin-varis-ve-ayrilis","og_locale":"tr_TR","og_type":"article","og_title":"\u00d6\u011frenciler i\u00e7in Var\u0131\u015f ve Ayr\u0131l\u0131\u015f - Schloss Torgelow","og_description":"\u00d6\u011frenciler, Berlin veya Hamburg'daki seyahatleri i\u00e7in kalabal\u0131k otob\u00fcslerimizi veya Waren Merkez \u0130stasyonu \u00fczerinden treni kullanabilirler.","og_url":"https:\/\/www.schlosstorgelow.de\/tr\/oegrenciler-icin-varis-ve-ayrilis","og_site_name":"Schloss Torgelow","article_modified_time":"2026-01-17T08:34:17+00:00","twitter_card":"summary_large_image","schema":{"@context":"https:\/\/schema.org","@graph":[{"@type":"WebPage","@id":"https:\/\/www.schlosstorgelow.de\/tr\/oegrenciler-icin-varis-ve-ayrilis#webpage","url":"https:\/\/www.schlosstorgelow.de\/tr\/oegrenciler-icin-varis-ve-ayrilis","name":"\u00d6\u011frenciler i\u00e7in Var\u0131\u015f ve Ayr\u0131l\u0131\u015f - Schloss Torgelow","isPartOf":{"@id":"https:\/\/www.schlosstorgelow.de\/tr#website"},"datePublished":"2025-10-20T05:51:37+00:00","dateModified":"2026-01-17T08:34:17+00:00","description":"\u00d6\u011frenciler, Berlin veya Hamburg'daki seyahatleri i\u00e7in kalabal\u0131k otob\u00fcslerimizi veya Waren Merkez \u0130stasyonu \u00fczerinden treni kullanabilirler.","breadcrumb":{"@id":"https:\/\/www.schlosstorgelow.de\/tr\/oegrenciler-icin-varis-ve-ayrilis#breadcrumb"},"inLanguage":"tr","potentialAction":[{"@type":"ReadAction","target":["https:\/\/www.schlosstorgelow.de\/tr\/oegrenciler-icin-varis-ve-ayrilis"]}]},{"@type":"BreadcrumbList","@id":"https:\/\/www.schlosstorgelow.de\/tr\/oegrenciler-icin-varis-ve-ayrilis#breadcrumb","itemListElement":[{"@type":"ListItem","position":1,"name":"Startseite","item":"https:\/\/www.schlosstorgelow.de\/tr"},{"@type":"ListItem","position":2,"name":"\u00d6\u011frenciler i\u00e7in Var\u0131\u015f ve Ayr\u0131l\u0131\u015f"}]},{"@type":"WebSite","@id":"https:\/\/www.schlosstorgelow.de\/tr#website","url":"https:\/\/www.schlosstorgelow.de\/tr","name":"Schloss Torgelow","description":"\u00d6zel yat\u0131l\u0131 lise Schloss Torgelow \u2013 zorluklar\u0131 seven \u00f6\u011frenciler i\u00e7in yat\u0131l\u0131 okul.","potentialAction":[{"@type":"SearchAction","target":{"@type":"EntryPoint","urlTemplate":"https:\/\/www.schlosstorgelow.de\/tr?s={search_term_string}"},"query-input":{"@type":"PropertyValueSpecification","valueRequired":true,"valueName":"search_term_string"}}],"inLanguage":"tr"}]}},"block_visibility_meta":[],"_links":{"self":[{"href":"https:\/\/www.schlosstorgelow.de\/tr\/wp-json\/wp\/v2\/pages\/83983","targetHints":{"allow":["GET"]}}],"collection":[{"href":"https:\/\/www.schlosstorgelow.de\/tr\/wp-json\/wp\/v2\/pages"}],"about":[{"href":"https:\/\/www.schlosstorgelow.de\/tr\/wp-json\/wp\/v2\/types\/page"}],"author":[{"embeddable":true,"href":"https:\/\/www.schlosstorgelow.de\/tr\/wp-json\/wp\/v2\/users\/1"}],"replies":[{"embeddable":true,"href":"https:\/\/www.schlosstorgelow.de\/tr\/wp-json\/wp\/v2\/comments?post=83983"}],"version-history":[{"count":0,"href":"https:\/\/www.schlosstorgelow.de\/tr\/wp-json\/wp\/v2\/pages\/83983\/revisions"}],"wp:attachment":[{"href":"https:\/\/www.schlosstorgelow.de\/tr\/wp-json\/wp\/v2\/media?parent=83983"}],"curies":[{"name":"wp","href":"https:\/\/api.w.org\/{rel}","templated":true}]}}