{"id":83979,"date":"2025-10-20T05:46:08","date_gmt":"2025-10-20T05:46:08","guid":{"rendered":"https:\/\/www.schlosstorgelow.de\/adres-konum-ve-ulasim"},"modified":"2026-01-23T09:56:30","modified_gmt":"2026-01-23T09:56:30","slug":"adres-konum-ve-ulasim","status":"publish","type":"page","link":"https:\/\/www.schlosstorgelow.de\/tr\/adres-konum-ve-ulasim","title":{"rendered":"Adres, Konum ve Ula\u015f\u0131m"},"content":{"rendered":"\n<section     class=\"custom-theme-block page-header-section\">\n    <div class=\"container\">\n        <div class=\"row\">\n                                        <div class=\"col-12 col-lg-10 offset-lg-1\">\n                    <div class=\"image_wrapper\">\n                        \n<picture>\n            <source media=\"(max-width: 575.98px)\" srcset=\"https:\/\/www.schlosstorgelow.de\/wp-content\/uploads\/2025\/07\/Rectangle-30-2.avif 320w, https:\/\/www.schlosstorgelow.de\/wp-content\/uploads\/2025\/07\/Rectangle-30-2.avif 480w, https:\/\/www.schlosstorgelow.de\/wp-content\/uploads\/2025\/07\/Rectangle-30-2.avif 640w, https:\/\/www.schlosstorgelow.de\/wp-content\/uploads\/2025\/07\/Rectangle-30-2.avif 950w\" sizes=\"calc(100vw - 32px)\" type=\"image\/avif\">\n    \n            <source srcset=\"https:\/\/www.schlosstorgelow.de\/wp-content\/uploads\/2025\/07\/Rectangle-30-2.avif 320w, https:\/\/www.schlosstorgelow.de\/wp-content\/uploads\/2025\/07\/Rectangle-30-2.avif 480w, https:\/\/www.schlosstorgelow.de\/wp-content\/uploads\/2025\/07\/Rectangle-30-2.avif 640w, https:\/\/www.schlosstorgelow.de\/wp-content\/uploads\/2025\/07\/Rectangle-30-2.avif 720w, https:\/\/www.schlosstorgelow.de\/wp-content\/uploads\/2025\/07\/Rectangle-30-2.avif 950w\" sizes=\"(min-width: 1710px) 1680px, (min-width: 1200px) 1140px, (min-width: 992px) 960px, (min-width: 768px) 720px, (min-width: 576px) 540px, calc(100vw - 32px)\" type=\"image\/avif\">\n    \n    \n    <img src=\"https:\/\/www.schlosstorgelow.de\/wp-content\/uploads\/2025\/07\/Rectangle-30-2.avif\"\n         srcset=\"https:\/\/www.schlosstorgelow.de\/wp-content\/uploads\/2025\/07\/Rectangle-30-2.avif 320w, https:\/\/www.schlosstorgelow.de\/wp-content\/uploads\/2025\/07\/Rectangle-30-2.avif 480w, https:\/\/www.schlosstorgelow.de\/wp-content\/uploads\/2025\/07\/Rectangle-30-2.avif 640w, https:\/\/www.schlosstorgelow.de\/wp-content\/uploads\/2025\/07\/Rectangle-30-2.avif 720w, https:\/\/www.schlosstorgelow.de\/wp-content\/uploads\/2025\/07\/Rectangle-30-2.avif 950w\"         sizes=\"(min-width: 1710px) 1680px, (min-width: 1200px) 1140px, (min-width: 992px) 960px, (min-width: 768px) 720px, (min-width: 576px) 540px, calc(100vw - 32px)\"         alt=\"Okul ve Pansiyon Bro\u015f\u00fcr\u00fc\"\n         title=\"Okul ve Yat\u0131l\u0131 Okul Bro\u015f\u00fcr\u00fc\"\n         width=\"950\"\n         height=\"538\"\n          loading=\"eager\" fetchpriority=\"high\" decoding=\"async\">\n<\/picture>\n                    <\/div>\n                <\/div>\n                    <\/div>\n    <\/div>\n            <div class=\"container\">\n            <div class=\"row\">\n                <div class=\"col-12 col-lg-6 offset-lg-6 col-xxl-4 offset-xxl-7 headlines\">\n                                            <p class=\"h4\">Schloss Torgelow: Hakk\u0131m\u0131zda<\/p>\n                                                                <h1 class=\"h2\">Adres &amp; Konum<\/h1>\n                                    <\/div>\n            <\/div>\n        <\/div>\n                <div class=\"container\">\n            <div class=\"row\">\n                <div class=\"col-12 col-lg-10 offset-lg-1\">\n                    <div class=\"breadcrumbs\" itemscope itemtype=\"https:\/\/schema.org\/BreadcrumbList\">\n                        <span class=\"breadcrumbs__item\" itemprop=\"itemListElement\" itemscope itemtype=\"https:\/\/schema.org\/ListItem\">\n                            <a itemprop=\"item\" href=\"https:\/\/www.schlosstorgelow.de\/tr\">\n                                <span itemprop=\"name\">Schloss Torgelow: Yat\u0131l\u0131 Okul ve Lise<\/span>\n                            <\/a>\n                            <meta itemprop=\"position\" content=\"1\" \/>\n                        <\/span>  \n                        <svg class=\"icon default-pagination-arrow \" role=\"presentation\"><use href=\"#default-pagination-arrow\"><\/use><\/svg>                                                            <span class=\"breadcrumbs__item\" itemprop=\"itemListElement\" itemscope itemtype=\"https:\/\/schema.org\/ListItem\">\n                                    <a itemprop=\"item\" href=\"\/traegerfamilie-leitung\">\n                                        <span itemprop=\"name\">\n                                            Schloss Torgelow: Hakk\u0131m\u0131zda                                        <\/span>\n                                        <meta itemprop=\"position\" content=\"2\" \/>\n                                    <\/a>\n                                <\/span>\n                                                                            <svg class=\"icon default-pagination-arrow \" role=\"presentation\"><use href=\"#default-pagination-arrow\"><\/use><\/svg>                        <span class=\"breadcrumbs__item\" itemprop=\"itemListElement\" itemscope itemtype=\"https:\/\/schema.org\/ListItem\">\n                            <a itemprop=\"item\" href=\"https:\/\/www.schlosstorgelow.de\/tr\/adres-konum-ve-ulasim\" class=\"breadcrumbs__current\">\n                                <span itemprop=\"name\">\n                                                                            Adres &amp; Konum \n                                                                    <\/span>\n                                <meta itemprop=\"position\" content=\"3\" \/>\n                            <\/a>\n                            <meta itemprop=\"position\" content=\"2\" \/>\n                        <\/span>\n                    <\/div>\n                <\/div>\n            <\/div>\n        <\/div>\n    <\/section>\n<div  class=\" special-heading special-heading-h2 custom-theme-block\">\n    <h2 class=\"h2 custom-title\">Konum &amp; Ula\u015f\u0131m<\/h2><\/div>\n\n<section  class=\"custom-theme-block map-location\">\n    <div class=\"container\">\n        <div class=\"row\">\n            <div class=\"col-12 col-lg-6 col-xl-5\">\n                                    <a class=\"map-location__image\" href=\"https:\/\/www.google.com\/maps\/place\/Schloss+Torgelow+Privates+Internatsgymnasium+Helge+Lehmann+KG\/@53.5610875,12.7733415,925m\/data=!3m3!1e3!4b1!5s0x47abf9f132cf7d7b:0xc914ea418e2a4b9d!4m6!3m5!1s0x47abf9f1330c6ef3:0x5ee654d0aaf98533!8m2!3d53.5610843!4d12.7759164!16s%2Fg%2F122qm6nq?entry=ttu&amp;g_ep=EgoyMDI1MDcyMi4wIKXMDSoASAFQAw%3D%3D\" target='_blank'>\n                        \n    <img src=\"https:\/\/www.schlosstorgelow.de\/wp-content\/uploads\/2025\/07\/map-internat-schloss-torgelow.svg\"\n         alt=\"Torgelow Kalesi ile Harita\"\n         title=\"Torgelow Kalesi Haritas\u0131\"\n         width=\"569\"\n         height=\"569\"\n          loading=\"lazy\" decoding=\"async\">\n                    <\/a>\n                \n            <\/div>\n            <div class=\"col-lg-6 offset-xl-1\">\n                <div class=\"content_wrapper d-flex flex-column justify-content-center align-items-center align-items-lg-start\">\n                                            <div class=\"h2\">\n                            M\u00fcritz&#8217;teki lokasyonumuz, Mecklenburg G\u00f6ller Platosu il\u00e7esinde.                        <\/div>\n                                                                <p>Schloss Torgelow, M\u00fcritz G\u00f6l\u00fc&#8217;ndeki Waren yak\u0131nlar\u0131ndaki 500 n\u00fcfuslu Torgelow beldesinde yer almaktad\u0131r (GPS verileri: Enlem: 53.5667\u00b0 ve Boylam: 12.7833\u00b0) ve Vorpommern <strong>il\u00e7esindeki Torgelow \u015fehrinde de\u011fildir.<\/strong><\/p>\n<p>Hafta sonu evlerine gitmek isteyen \u00f6\u011frencilerimizi, okul otob\u00fcs\u00fc, Alman Demiryollar\u0131 ve Alman Lufthansa ile ikamet ettikleri yere yak\u0131n bir yere g\u00f6t\u00fcr\u00fcyoruz. B\u00f6ylece ebeveynler, hafta sonu trafi\u011finde uzun ve sinir bozucu ara\u00e7 yolculuklar\u0131ndan ka\u00e7\u0131nabiliyor ve \u00e7ocuklar\u0131n\u0131 emniyetli ellerde olduklar\u0131ndan emin olabiliyor. <\/p>\n                                                                <a href=\"https:\/\/www.google.com\/maps\/place\/Schloss+Torgelow+Privates+Internatsgymnasium+Helge+Lehmann+KG\/@53.5610875,12.7733415,925m\/data=!3m3!1e3!4b1!5s0x47abf9f132cf7d7b:0xc914ea418e2a4b9d!4m6!3m5!1s0x47abf9f1330c6ef3:0x5ee654d0aaf98533!8m2!3d53.5610843!4d12.7759164!16s%2Fg%2F122qm6nq?entry=ttu&amp;g_ep=EgoyMDI1MDcyMi4wIKXMDSoASAFQAw%3D%3D\" class=\"btn btn-alternative\" target='_blank'>\n                            \u015eimdi Google Haritalar&#8217;da a\u00e7\u0131n                        <\/a>\n                                    <\/div>\n            <\/div>\n        <\/div>\n    <\/div>\n<\/section>\n\n<div     class=\"illustration-block mobile-hide\"\n     style=\"--icon-width: 50%; --icon-height: 175px; --icon-moving-left: -34%;\">\n    <div class=\"illustration-block__icon lightBlue position-down  \">\n        <svg class=\"icon default-location \" role=\"presentation\"><use href=\"#default-location\"><\/use><\/svg>    <\/div>\n<\/div>\n<div  class=\"two-columns-block\">\n    <div class=\"column-first align-items-center\">\n                    <h3>Adres<\/h3>\n<p>Schloss Torgelow<br \/>\nprivates, staatlich anerkanntes Internatsgymnasium<br \/>\nHelge Lehmann KG<\/p>\n<p>Schloss 1<br \/>\n17192 Torgelow am See<\/p>\n<p>Telefon: <a href=\"tel:+4939916240\">03991\/624-0<\/a><\/p>\n<p><a href=\"mailto:elternberatung@schlosstorgelow.de\">elternberatung@schlosstorgelow.de<\/a><\/p>\n                        <\/div>\n\n    <div class=\"column-second\">\n                    <p><strong>GPS<\/strong><\/p>\n<p>Enlem: 53.5667\u00b0<br \/>\nBoylam: 12.7833\u00b0<\/p>\n<p><strong>Tedarik\u00e7iler i\u00e7in \u00f6nemli not<\/strong><\/p>\n<p>Schloss Torgelow, M\u00fcritz G\u00f6l\u00fc yak\u0131n\u0131ndaki 500 n\u00fcfuslu Torgelow kasabas\u0131nda yer almaktad\u0131r ve Uecker-Randow il\u00e7esindeki Torgelow \u015fehrinde de\u011fildir.<\/p>\n                            <\/div>\n<\/div>\n\n<figure class=\"wp-block-image size-full\"><img loading=\"lazy\" decoding=\"async\" width=\"1920\" height=\"1080\" src=\"https:\/\/www.schlosstorgelow.de\/wp-content\/uploads\/2025\/07\/drachenboot-schloss-torgelow.avif\" alt=\"Ejderha Botu Projesi\" class=\"wp-image-45543\" srcset=\"https:\/\/www.schlosstorgelow.de\/wp-content\/uploads\/2025\/07\/drachenboot-schloss-torgelow.avif 1920w, https:\/\/www.schlosstorgelow.de\/wp-content\/uploads\/2025\/07\/drachenboot-schloss-torgelow-300x169.avif 300w, https:\/\/www.schlosstorgelow.de\/wp-content\/uploads\/2025\/07\/drachenboot-schloss-torgelow-1440x810.avif 1440w, https:\/\/www.schlosstorgelow.de\/wp-content\/uploads\/2025\/07\/drachenboot-schloss-torgelow-1080x608.avif 1080w, https:\/\/www.schlosstorgelow.de\/wp-content\/uploads\/2025\/07\/drachenboot-schloss-torgelow-720x405.avif 720w, https:\/\/www.schlosstorgelow.de\/wp-content\/uploads\/2025\/07\/drachenboot-schloss-torgelow-480x270.avif 480w, https:\/\/www.schlosstorgelow.de\/wp-content\/uploads\/2025\/07\/drachenboot-schloss-torgelow-960x540.avif 960w, https:\/\/www.schlosstorgelow.de\/wp-content\/uploads\/2025\/07\/drachenboot-schloss-torgelow-320x180.avif 320w, https:\/\/www.schlosstorgelow.de\/wp-content\/uploads\/2025\/07\/drachenboot-schloss-torgelow-640x360.avif 640w, https:\/\/www.schlosstorgelow.de\/wp-content\/uploads\/2025\/07\/drachenboot-schloss-torgelow-1140x641.avif 1140w, https:\/\/www.schlosstorgelow.de\/wp-content\/uploads\/2025\/07\/drachenboot-schloss-torgelow-540x304.avif 540w, https:\/\/www.schlosstorgelow.de\/wp-content\/uploads\/2025\/07\/drachenboot-schloss-torgelow-214x120.avif 214w, https:\/\/www.schlosstorgelow.de\/wp-content\/uploads\/2025\/07\/drachenboot-schloss-torgelow-428x241.avif 428w\" sizes=\"auto, (max-width: 1920px) 100vw, 1920px\" \/><\/figure>\n\n<div     class=\"illustration-block mobile-hide\"\n     style=\"--icon-width: 50%; --icon-height: 175px; --icon-moving-left: -34%;\">\n    <div class=\"illustration-block__icon lightBlue position-down  \">\n        <svg class=\"icon default-projects-icon \" role=\"presentation\"><use href=\"#default-projects-icon\"><\/use><\/svg>    <\/div>\n<\/div>\n<div  class=\"two-columns-block\">\n    <div class=\"column-first align-items-center\">\n                    <h3>Bize Geli\u015f Yolu \u2013 Ula\u015f\u0131m<\/h3>\n<p>Schloss Torgelow, <a href=\"https:\/\/www.schlosstorgelow.de\/tr\/regionen\">Almanya&#8217;n\u0131n d\u00f6rt<\/a> bir yan\u0131ndan, Avrupa&#8217;dan ve d\u00fcnyadan \u00f6\u011frencileri kar\u015f\u0131lamaktad\u0131r. Bize ara\u00e7la nas\u0131l ula\u015fabilirsiniz: <\/p>\n<p><strong>Bat\u0131&#8217;dan (Hamburg):<\/strong><\/p>\n<p>A 24 \u00fczerinden Berlin y\u00f6n\u00fcne do\u011fru Wittstock\/Dosse otoyol kav\u015fa\u011f\u0131na kadar gidin. Orada A 19\u2019a d\u00f6n\u00fcn, Rostock y\u00f6n\u00fcne do\u011fru. Otoyoldan Waren \u00e7\u0131k\u0131\u015f\u0131ndan (# 17) \u00e7\u0131k\u0131n.  <\/p>\n<p><strong>G\u00fcneyden (Berlin):<\/strong><\/p>\n<p>A 24 \u00fczerinden Hamburg istikametine devam edin, Wittstock\/Doss otoyol kesi\u015fimine kadar. Orada A 19&#8217;a, Rostock y\u00f6n\u00fcnde ge\u00e7in. Otoyoldan Waren \u00e7\u0131k\u0131\u015f\u0131nda (# 17) \u00e7\u0131k\u0131n.  <\/p>\n<p><strong>Do\u011fudan (Neubrandenburg):<\/strong><\/p>\n<p>Federal yol boyunca Waren y\u00f6n\u00fcnde ilerleyin. Waren&#8217;dan yakla\u015f\u0131k 5 km \u00f6nce Schloen k\u00f6y\u00fcnde sa\u011fa, Torgelow am See y\u00f6n\u00fcnde d\u00f6n\u00fcn. Belediyede, k\u00f6y ge\u00e7i\u015finin sonunda sa\u011fda giri\u015f bulunmaktad\u0131r.  <\/p>\n<p><strong>Kuzeyden (Rostock):<\/strong><\/p>\n<p>A 19 otoyolunda Berlin istikametinde, Waren \u00e7\u0131k\u0131\u015f\u0131na (#17) kadar gidin.<\/p>\n                            <div class=\"download-section__groups\">\n                                            <div class=\"download-section__group\">\n                                                        <div class=\"download-section__items --hide-line\">\n                                                                                                        <a href=\"https:\/\/www.schlosstorgelow.de\/wp-content\/uploads\/2025\/09\/Anfahrt-Schloss-Torgelow.pdf\" class=\"download-section__item\" download>\n                                        <span class=\"download-section__icon\"><svg class=\"icon default-download \" role=\"presentation\"><use href=\"#default-download\"><\/use><\/svg><\/span>\n                                        PDF: Schloss Torgelow&#8217;ne Giden Yol (130 KB)\n                                    <\/a>\n                                                            <\/div>\n                        <\/div>\n                                    <\/div>\n                        <\/div>\n\n    <div class=\"column-second\">\n                    <p><strong>Waren \u00e7\u0131k\u0131\u015f\u0131 itibar\u0131yla:<\/strong><\/p>\n<p>B 192 boyunca Waren\u2019a gidin. Waren\u2019\u0131 Neubrandenburg\/Neustrelitz y\u00f6n\u00fcnde ge\u00e7in. Bir k\u00f6pr\u00fcn\u00fcn alt\u0131ndan ge\u00e7tikten k\u0131sa bir s\u00fcre sonra, B 192\u2019yi sola, Malchin\/ Gro\u00df Gievitz y\u00f6n\u00fcnde terk edin. Yerle\u015fim yerinin \u00e7\u0131k\u0131\u015f\u0131ndan yakla\u015f\u0131k 2 km sonra sa\u011fa, Torgelow y\u00f6n\u00fcnde d\u00f6n\u00fcn. &#8220;Schloss Torgelow&#8221; tabelas\u0131n\u0131 takip edin.    <\/p>\n<p><strong>\u00d6nemli:<\/strong><\/p>\n<p>Schloss Torgelow, M\u00fcritz G\u00f6l\u00fc yak\u0131n\u0131ndaki Waren&#8217;daki <strong>k\u00fc\u00e7\u00fck Torgelow beldesinde<\/strong> yer almaktad\u0131r. L\u00fctfen yanl\u0131\u015fl\u0131kla Torgelow \u015fehrini navigasyon sistemine girmedi\u011finizden emin olun. Bu \u015fehir, yakla\u015f\u0131k 100 KM uzakta, Polonya s\u0131n\u0131r\u0131nda bulunmaktad\u0131r.  <\/p>\n<p><strong>Radar kontrolleri:<\/strong><\/p>\n<p>Otoyoldan \u00e7\u0131k\u0131\u015f yapt\u0131\u011f\u0131n\u0131zda h\u0131z limitlerine dikkat ediniz, \u00e7\u00fcnk\u00fc yol \u00fczerinde \u00fc\u00e7 adet sabit radar kontrol\u00fc bulunmaktad\u0131r.<\/p>\n<div class=\"theme-table-wrapper\" tabindex=\"0\"><table role=\"presentation\"  class=\"contenttable\" cellspacing=\"0\" cellpadding=\"0\">\n<tbody>\n<tr>\n<td colspan=\"2\" rowspan=\"1\">S\u0131radaki ula\u015f\u0131m havaliman\u0131:<\/td>\n<td colspan=\"2\" rowspan=\"1\">Berlin Brandenburg Uluslararas\u0131 (BER)<\/td>\n<\/tr>\n<tr>\n<td colspan=\"2\" rowspan=\"1\">Sonraki Spor Havaalan\u0131:<\/td>\n<td colspan=\"2\" rowspan=\"1\">Vielist<\/td>\n<\/tr>\n<tr>\n<td colspan=\"2\" rowspan=\"1\">Sonraki istasyon:<\/td>\n<td colspan=\"2\" rowspan=\"1\">Waren an der M\u00fcritz<\/td>\n<\/tr>\n<\/tbody>\n<\/table><\/div>\n                            <\/div>\n<\/div>\n","protected":false},"excerpt":{"rendered":"","protected":false},"author":1,"featured_media":0,"parent":0,"menu_order":0,"comment_status":"closed","ping_status":"closed","template":"","meta":{"_acf_changed":false,"footnotes":""},"class_list":["post-83979","page","type-page","status-publish"],"acf":[],"yoast_head":"<!-- This site is optimized with the Yoast SEO plugin v26.9 - https:\/\/yoast.com\/product\/yoast-seo-wordpress\/ -->\n<title>Adres, Konum ve Ula\u015f\u0131m - Schloss Torgelow<\/title>\n<meta name=\"description\" content=\"Schloss Torgelow Yat\u0131l\u0131 Okulu&#039;na nas\u0131l ula\u015f\u0131l\u0131r: Adres, konum ve arabayla eri\u015fim hakk\u0131nda t\u00fcm bilgiler.\" \/>\n<meta name=\"robots\" content=\"index, follow, max-snippet:-1, max-image-preview:large, max-video-preview:-1\" \/>\n<link rel=\"canonical\" href=\"https:\/\/www.schlosstorgelow.de\/tr\/adres-konum-ve-ulasim\" \/>\n<meta property=\"og:locale\" content=\"tr_TR\" \/>\n<meta property=\"og:type\" content=\"article\" \/>\n<meta property=\"og:title\" content=\"Adres, Konum ve Ula\u015f\u0131m - Schloss Torgelow\" \/>\n<meta property=\"og:description\" content=\"Schloss Torgelow Yat\u0131l\u0131 Okulu&#039;na nas\u0131l ula\u015f\u0131l\u0131r: Adres, konum ve arabayla eri\u015fim hakk\u0131nda t\u00fcm bilgiler.\" \/>\n<meta property=\"og:url\" content=\"https:\/\/www.schlosstorgelow.de\/tr\/adres-konum-ve-ulasim\" \/>\n<meta property=\"og:site_name\" content=\"Schloss Torgelow\" \/>\n<meta property=\"article:modified_time\" content=\"2026-01-23T09:56:30+00:00\" \/>\n<meta name=\"twitter:card\" content=\"summary_large_image\" \/>\n<script type=\"application\/ld+json\" class=\"yoast-schema-graph\">{\"@context\":\"https:\/\/schema.org\",\"@graph\":[{\"@type\":\"WebPage\",\"@id\":\"https:\/\/www.schlosstorgelow.de\/tr\/adres-konum-ve-ulasim#webpage\",\"url\":\"https:\/\/www.schlosstorgelow.de\/tr\/adres-konum-ve-ulasim\",\"name\":\"Adres, Konum ve Ula\u015f\u0131m - Schloss Torgelow\",\"isPartOf\":{\"@id\":\"https:\/\/www.schlosstorgelow.de\/tr#website\"},\"primaryImageOfPage\":{\"@id\":\"https:\/\/www.schlosstorgelow.de\/tr\/adres-konum-ve-ulasim#primaryimage\"},\"image\":{\"@id\":\"https:\/\/www.schlosstorgelow.de\/tr\/adres-konum-ve-ulasim#primaryimage\"},\"thumbnailUrl\":\"https:\/\/www.schlosstorgelow.de\/wp-content\/uploads\/2025\/07\/drachenboot-schloss-torgelow.avif\",\"datePublished\":\"2025-10-20T05:46:08+00:00\",\"dateModified\":\"2026-01-23T09:56:30+00:00\",\"description\":\"Schloss Torgelow Yat\u0131l\u0131 Okulu'na nas\u0131l ula\u015f\u0131l\u0131r: Adres, konum ve arabayla eri\u015fim hakk\u0131nda t\u00fcm bilgiler.\",\"breadcrumb\":{\"@id\":\"https:\/\/www.schlosstorgelow.de\/tr\/adres-konum-ve-ulasim#breadcrumb\"},\"inLanguage\":\"tr\",\"potentialAction\":[{\"@type\":\"ReadAction\",\"target\":[\"https:\/\/www.schlosstorgelow.de\/tr\/adres-konum-ve-ulasim\"]}]},{\"@type\":\"ImageObject\",\"inLanguage\":\"tr\",\"@id\":\"https:\/\/www.schlosstorgelow.de\/tr\/adres-konum-ve-ulasim#primaryimage\",\"url\":\"https:\/\/www.schlosstorgelow.de\/wp-content\/uploads\/2025\/07\/drachenboot-schloss-torgelow.avif\",\"contentUrl\":\"https:\/\/www.schlosstorgelow.de\/wp-content\/uploads\/2025\/07\/drachenboot-schloss-torgelow.avif\"},{\"@type\":\"BreadcrumbList\",\"@id\":\"https:\/\/www.schlosstorgelow.de\/tr\/adres-konum-ve-ulasim#breadcrumb\",\"itemListElement\":[{\"@type\":\"ListItem\",\"position\":1,\"name\":\"Startseite\",\"item\":\"https:\/\/www.schlosstorgelow.de\/tr\"},{\"@type\":\"ListItem\",\"position\":2,\"name\":\"Adres, Konum ve Ula\u015f\u0131m\"}]},{\"@type\":\"WebSite\",\"@id\":\"https:\/\/www.schlosstorgelow.de\/tr#website\",\"url\":\"https:\/\/www.schlosstorgelow.de\/tr\",\"name\":\"Schloss Torgelow\",\"description\":\"\u00d6zel yat\u0131l\u0131 lise Schloss Torgelow \u2013 zorluklar\u0131 seven \u00f6\u011frenciler i\u00e7in yat\u0131l\u0131 okul.\",\"potentialAction\":[{\"@type\":\"SearchAction\",\"target\":{\"@type\":\"EntryPoint\",\"urlTemplate\":\"https:\/\/www.schlosstorgelow.de\/tr?s={search_term_string}\"},\"query-input\":{\"@type\":\"PropertyValueSpecification\",\"valueRequired\":true,\"valueName\":\"search_term_string\"}}],\"inLanguage\":\"tr\"}]}<\/script>\n<!-- \/ Yoast SEO plugin. -->","yoast_head_json":{"title":"Adres, Konum ve Ula\u015f\u0131m - Schloss Torgelow","description":"Schloss Torgelow Yat\u0131l\u0131 Okulu'na nas\u0131l ula\u015f\u0131l\u0131r: Adres, konum ve arabayla eri\u015fim hakk\u0131nda t\u00fcm bilgiler.","robots":{"index":"index","follow":"follow","max-snippet":"max-snippet:-1","max-image-preview":"max-image-preview:large","max-video-preview":"max-video-preview:-1"},"canonical":"https:\/\/www.schlosstorgelow.de\/tr\/adres-konum-ve-ulasim","og_locale":"tr_TR","og_type":"article","og_title":"Adres, Konum ve Ula\u015f\u0131m - Schloss Torgelow","og_description":"Schloss Torgelow Yat\u0131l\u0131 Okulu'na nas\u0131l ula\u015f\u0131l\u0131r: Adres, konum ve arabayla eri\u015fim hakk\u0131nda t\u00fcm bilgiler.","og_url":"https:\/\/www.schlosstorgelow.de\/tr\/adres-konum-ve-ulasim","og_site_name":"Schloss Torgelow","article_modified_time":"2026-01-23T09:56:30+00:00","twitter_card":"summary_large_image","schema":{"@context":"https:\/\/schema.org","@graph":[{"@type":"WebPage","@id":"https:\/\/www.schlosstorgelow.de\/tr\/adres-konum-ve-ulasim#webpage","url":"https:\/\/www.schlosstorgelow.de\/tr\/adres-konum-ve-ulasim","name":"Adres, Konum ve Ula\u015f\u0131m - Schloss Torgelow","isPartOf":{"@id":"https:\/\/www.schlosstorgelow.de\/tr#website"},"primaryImageOfPage":{"@id":"https:\/\/www.schlosstorgelow.de\/tr\/adres-konum-ve-ulasim#primaryimage"},"image":{"@id":"https:\/\/www.schlosstorgelow.de\/tr\/adres-konum-ve-ulasim#primaryimage"},"thumbnailUrl":"https:\/\/www.schlosstorgelow.de\/wp-content\/uploads\/2025\/07\/drachenboot-schloss-torgelow.avif","datePublished":"2025-10-20T05:46:08+00:00","dateModified":"2026-01-23T09:56:30+00:00","description":"Schloss Torgelow Yat\u0131l\u0131 Okulu'na nas\u0131l ula\u015f\u0131l\u0131r: Adres, konum ve arabayla eri\u015fim hakk\u0131nda t\u00fcm bilgiler.","breadcrumb":{"@id":"https:\/\/www.schlosstorgelow.de\/tr\/adres-konum-ve-ulasim#breadcrumb"},"inLanguage":"tr","potentialAction":[{"@type":"ReadAction","target":["https:\/\/www.schlosstorgelow.de\/tr\/adres-konum-ve-ulasim"]}]},{"@type":"ImageObject","inLanguage":"tr","@id":"https:\/\/www.schlosstorgelow.de\/tr\/adres-konum-ve-ulasim#primaryimage","url":"https:\/\/www.schlosstorgelow.de\/wp-content\/uploads\/2025\/07\/drachenboot-schloss-torgelow.avif","contentUrl":"https:\/\/www.schlosstorgelow.de\/wp-content\/uploads\/2025\/07\/drachenboot-schloss-torgelow.avif"},{"@type":"BreadcrumbList","@id":"https:\/\/www.schlosstorgelow.de\/tr\/adres-konum-ve-ulasim#breadcrumb","itemListElement":[{"@type":"ListItem","position":1,"name":"Startseite","item":"https:\/\/www.schlosstorgelow.de\/tr"},{"@type":"ListItem","position":2,"name":"Adres, Konum ve Ula\u015f\u0131m"}]},{"@type":"WebSite","@id":"https:\/\/www.schlosstorgelow.de\/tr#website","url":"https:\/\/www.schlosstorgelow.de\/tr","name":"Schloss Torgelow","description":"\u00d6zel yat\u0131l\u0131 lise Schloss Torgelow \u2013 zorluklar\u0131 seven \u00f6\u011frenciler i\u00e7in yat\u0131l\u0131 okul.","potentialAction":[{"@type":"SearchAction","target":{"@type":"EntryPoint","urlTemplate":"https:\/\/www.schlosstorgelow.de\/tr?s={search_term_string}"},"query-input":{"@type":"PropertyValueSpecification","valueRequired":true,"valueName":"search_term_string"}}],"inLanguage":"tr"}]}},"block_visibility_meta":[],"_links":{"self":[{"href":"https:\/\/www.schlosstorgelow.de\/tr\/wp-json\/wp\/v2\/pages\/83979","targetHints":{"allow":["GET"]}}],"collection":[{"href":"https:\/\/www.schlosstorgelow.de\/tr\/wp-json\/wp\/v2\/pages"}],"about":[{"href":"https:\/\/www.schlosstorgelow.de\/tr\/wp-json\/wp\/v2\/types\/page"}],"author":[{"embeddable":true,"href":"https:\/\/www.schlosstorgelow.de\/tr\/wp-json\/wp\/v2\/users\/1"}],"replies":[{"embeddable":true,"href":"https:\/\/www.schlosstorgelow.de\/tr\/wp-json\/wp\/v2\/comments?post=83979"}],"version-history":[{"count":0,"href":"https:\/\/www.schlosstorgelow.de\/tr\/wp-json\/wp\/v2\/pages\/83979\/revisions"}],"wp:attachment":[{"href":"https:\/\/www.schlosstorgelow.de\/tr\/wp-json\/wp\/v2\/media?parent=83979"}],"curies":[{"name":"wp","href":"https:\/\/api.w.org\/{rel}","templated":true}]}}