{"id":83348,"date":"2025-10-20T05:51:37","date_gmt":"2025-10-20T05:51:37","guid":{"rendered":"https:\/\/www.schlosstorgelow.de\/arrivee-et-depart-pour-les-eleves"},"modified":"2026-01-14T07:44:43","modified_gmt":"2026-01-14T07:44:43","slug":"arrivee-et-depart-pour-les-eleves","status":"publish","type":"page","link":"https:\/\/www.schlosstorgelow.de\/fr\/arrivee-et-depart-pour-les-eleves","title":{"rendered":"Arriv\u00e9e et d\u00e9part pour les \u00e9l\u00e8ves"},"content":{"rendered":"\n<section     class=\"custom-theme-block page-header-section\">\n    <div class=\"container\">\n        <div class=\"row\">\n                                        <div class=\"col-12 col-lg-10 offset-lg-1\">\n                    <div class=\"image_wrapper\">\n                        \n<picture>\n            <source media=\"(max-width: 575.98px)\" srcset=\"https:\/\/www.schlosstorgelow.de\/wp-content\/uploads\/2025\/10\/schloss-torgelow-bus.avif 320w, https:\/\/www.schlosstorgelow.de\/wp-content\/uploads\/2025\/10\/schloss-torgelow-bus.avif 480w, https:\/\/www.schlosstorgelow.de\/wp-content\/uploads\/2025\/10\/schloss-torgelow-bus.avif 640w, https:\/\/www.schlosstorgelow.de\/wp-content\/uploads\/2025\/10\/schloss-torgelow-bus.avif 960w\" sizes=\"calc(100vw - 32px)\" type=\"image\/avif\">\n    \n            <source srcset=\"https:\/\/www.schlosstorgelow.de\/wp-content\/uploads\/2025\/10\/schloss-torgelow-bus.avif 320w, https:\/\/www.schlosstorgelow.de\/wp-content\/uploads\/2025\/10\/schloss-torgelow-bus.avif 480w, https:\/\/www.schlosstorgelow.de\/wp-content\/uploads\/2025\/10\/schloss-torgelow-bus.avif 640w, https:\/\/www.schlosstorgelow.de\/wp-content\/uploads\/2025\/10\/schloss-torgelow-bus.avif 720w, https:\/\/www.schlosstorgelow.de\/wp-content\/uploads\/2025\/10\/schloss-torgelow-bus.avif 960w, https:\/\/www.schlosstorgelow.de\/wp-content\/uploads\/2025\/10\/schloss-torgelow-bus.avif 1080w, https:\/\/www.schlosstorgelow.de\/wp-content\/uploads\/2025\/10\/schloss-torgelow-bus.avif 1440w, https:\/\/www.schlosstorgelow.de\/wp-content\/uploads\/2025\/10\/schloss-torgelow-bus.avif 1920w\" sizes=\"(min-width: 1710px) 1680px, (min-width: 1200px) 1140px, (min-width: 992px) 960px, (min-width: 768px) 720px, (min-width: 576px) 540px, calc(100vw - 32px)\" type=\"image\/avif\">\n    \n    \n    <img src=\"https:\/\/www.schlosstorgelow.de\/wp-content\/uploads\/2025\/10\/schloss-torgelow-bus.avif\"\n         srcset=\"https:\/\/www.schlosstorgelow.de\/wp-content\/uploads\/2025\/10\/schloss-torgelow-bus.avif 320w, https:\/\/www.schlosstorgelow.de\/wp-content\/uploads\/2025\/10\/schloss-torgelow-bus.avif 480w, https:\/\/www.schlosstorgelow.de\/wp-content\/uploads\/2025\/10\/schloss-torgelow-bus.avif 640w, https:\/\/www.schlosstorgelow.de\/wp-content\/uploads\/2025\/10\/schloss-torgelow-bus.avif 720w, https:\/\/www.schlosstorgelow.de\/wp-content\/uploads\/2025\/10\/schloss-torgelow-bus.avif 960w, https:\/\/www.schlosstorgelow.de\/wp-content\/uploads\/2025\/10\/schloss-torgelow-bus.avif 1080w, https:\/\/www.schlosstorgelow.de\/wp-content\/uploads\/2025\/10\/schloss-torgelow-bus.avif 1440w, https:\/\/www.schlosstorgelow.de\/wp-content\/uploads\/2025\/10\/schloss-torgelow-bus.avif 1920w\"         sizes=\"(min-width: 1710px) 1680px, (min-width: 1200px) 1140px, (min-width: 992px) 960px, (min-width: 768px) 720px, (min-width: 576px) 540px, calc(100vw - 32px)\"         alt=\"Ch\u00e2teau-bus\"\n         title=\"Ch\u00e2teau-bus\"\n         width=\"1920\"\n         height=\"1080\"\n          loading=\"eager\" fetchpriority=\"high\" decoding=\"async\">\n<\/picture>\n                    <\/div>\n                <\/div>\n                    <\/div>\n    <\/div>\n            <div class=\"container\">\n            <div class=\"row\">\n                <div class=\"col-12 col-lg-6 offset-lg-6 col-xxl-4 offset-xxl-7 headlines\">\n                                            <p class=\"h4\">Schloss Torgelow : \u00c0 propos de nous<\/p>\n                                                                <h1 class=\"h2\">Arriv\u00e9e et d\u00e9part pour les \u00e9l\u00e8ves<\/h1>\n                                    <\/div>\n            <\/div>\n        <\/div>\n                <div class=\"container\">\n            <div class=\"row\">\n                <div class=\"col-12 col-lg-10 offset-lg-1\">\n                    <div class=\"breadcrumbs\" itemscope itemtype=\"https:\/\/schema.org\/BreadcrumbList\">\n                        <span class=\"breadcrumbs__item\" itemprop=\"itemListElement\" itemscope itemtype=\"https:\/\/schema.org\/ListItem\">\n                            <a itemprop=\"item\" href=\"https:\/\/www.schlosstorgelow.de\/fr\">\n                                <span itemprop=\"name\">Schloss Torgelow : internat et lyc\u00e9e<\/span>\n                            <\/a>\n                            <meta itemprop=\"position\" content=\"1\" \/>\n                        <\/span>  \n                        <svg class=\"icon default-pagination-arrow \" role=\"presentation\"><use href=\"#default-pagination-arrow\"><\/use><\/svg>                                                            <span class=\"breadcrumbs__item\" itemprop=\"itemListElement\" itemscope itemtype=\"https:\/\/schema.org\/ListItem\">\n                                    <a itemprop=\"item\" href=\"https:\/\/www.schlosstorgelow.de\/fr\/famille-porteuse-direction\">\n                                        <span itemprop=\"name\">\n                                            Schloss Torgelow : \u00c0 propos de nous                                        <\/span>\n                                        <meta itemprop=\"position\" content=\"2\" \/>\n                                    <\/a>\n                                <\/span>\n                                                                            <svg class=\"icon default-pagination-arrow \" role=\"presentation\"><use href=\"#default-pagination-arrow\"><\/use><\/svg>                        <span class=\"breadcrumbs__item\" itemprop=\"itemListElement\" itemscope itemtype=\"https:\/\/schema.org\/ListItem\">\n                            <a itemprop=\"item\" href=\"https:\/\/www.schlosstorgelow.de\/fr\/arrivee-et-depart-pour-les-eleves\" class=\"breadcrumbs__current\">\n                                <span itemprop=\"name\">\n                                                                            Arriv\u00e9e et d\u00e9part pour les \u00e9l\u00e8ves \n                                                                    <\/span>\n                                <meta itemprop=\"position\" content=\"3\" \/>\n                            <\/a>\n                            <meta itemprop=\"position\" content=\"2\" \/>\n                        <\/span>\n                    <\/div>\n                <\/div>\n            <\/div>\n        <\/div>\n    <\/section>\n<div  class=\" special-heading special-heading-h2\">\n    <h2 class=\"h2 custom-title\">Arriv\u00e9e et d\u00e9part avec les bus de ch\u00e2teau vers Berlin et Hambourg<\/h2><\/div>\n\n<div  class=\"blue-text\">\n    <div class=\"\">\n                        <p>Nos \u00e9l\u00e8ves ont la possibilit\u00e9 de prendre les bus scolaires vers Berlin et Hambourg ce week-end. Nous viendrons les chercher dimanche soir. Les horaires actuels :  <\/p>\n            <\/div>\n<\/div>\n\n<div  class=\"two-columns-block\">\n    <div class=\"column-first align-items-center\">\n                    <h3>Horaire Jour de d\u00e9part Torgelow am See \u2013 Hambourg<\/h3>\n<div class=\"theme-table-wrapper\" tabindex=\"0\"><table role=\"presentation\"  class=\"ce-table\">\n<tbody>\n<tr>\n<td>Torgelow am See<\/td>\n<td>13h10<\/td>\n<\/tr>\n<tr>\n<td>Aire de services Autobahn Stolpe<\/td>\n<td>14h55<\/td>\n<\/tr>\n<tr>\n<td>Aire d&rsquo;autoroute de Gudow<\/td>\n<td>15h40<\/td>\n<\/tr>\n<tr>\n<td>Hambourg ZOB<\/td>\n<td>16h25<\/td>\n<\/tr>\n<tr>\n<td>Hambourg Dammtor<\/td>\n<td>16h35<\/td>\n<\/tr>\n<\/tbody>\n<\/table><\/div>\n                        <\/div>\n\n    <div class=\"column-second\">\n                    <h3>Horaire Jour de d\u00e9part Torgelow au lac &#8211; Berlin<\/h3>\n<div class=\"theme-table-wrapper\" tabindex=\"0\"><table role=\"presentation\"  class=\"ce-table\">\n<tbody>\n<tr>\n<td>Torgelow am See<\/td>\n<td>13.10 Uhr<\/td>\n<\/tr>\n<tr>\n<td>Rastst\u00e4tte Linumer Bruch<\/td>\n<td>14h45<\/td>\n<\/tr>\n<tr>\n<td>Aire de service Stolper Heide<\/td>\n<td>15h25<\/td>\n<\/tr>\n<tr>\n<td>Bahnhof Zoo &#8211; Autocars de voyage<\/td>\n<td>16h00<\/td>\n<\/tr>\n<tr>\n<td>HBF Europaplatz<\/td>\n<td>16h15<\/td>\n<\/tr>\n<\/tbody>\n<\/table><\/div>\n                            <\/div>\n<\/div>\n\n<div  class=\"two-columns-block\">\n    <div class=\"column-first align-items-center\">\n                    <h3>Horaire Jour d&rsquo;arriv\u00e9e Hambourg \u2013 Torgelow am See<\/h3>\n<div class=\"theme-table-wrapper\" tabindex=\"0\"><table role=\"presentation\"  class=\"ce-table\">\n<tbody>\n<tr>\n<td>Hambourg Dammtor\/Shell<\/td>\n<td>17h45<\/td>\n<\/tr>\n<tr>\n<td>Aire de repos d&rsquo;autoroute de Gudow<\/td>\n<td>18h30<\/td>\n<\/tr>\n<tr>\n<td>Aire de repos de l&rsquo;autoroute Stolpe<\/td>\n<td>19h15<\/td>\n<\/tr>\n<tr>\n<td>Torgelow am See<\/td>\n<td>21h00<\/td>\n<\/tr>\n<\/tbody>\n<\/table><\/div>\n                        <\/div>\n\n    <div class=\"column-second\">\n                    <h3>Horaire jour d\u2019arriv\u00e9e Berlin \u2013 Torgelow am See<\/h3>\n<div class=\"theme-table-wrapper\" tabindex=\"0\"><table role=\"presentation\"  class=\"ce-table\">\n<tbody>\n<tr>\n<td>HBF Europaplatz<\/td>\n<td>18h15<\/td>\n<\/tr>\n<tr>\n<td>Bahnhof Zoo &#8211; Autocars<\/td>\n<td>18h30<\/td>\n<\/tr>\n<tr>\n<td>Aire de repos Stolper Heide<\/td>\n<td>19h05<\/td>\n<\/tr>\n<tr>\n<td>Aire de repos Linumer Bruch<\/td>\n<td>19h30<\/td>\n<\/tr>\n<tr>\n<td>Torgelow au Lac<\/td>\n<td>21h10<\/td>\n<\/tr>\n<\/tbody>\n<\/table><\/div>\n                            <\/div>\n<\/div>\n\n<div  class=\" special-heading special-heading-h2\">\n    <h2 class=\"h2 custom-title\">Arriv\u00e9e et d\u00e9part avec la Deutsche Bahn depuis la gare de Waren (M\u00fcritz)<\/h2><\/div>\n\n<div  class=\"two-columns-block\">\n    <div class=\"column-first align-items-center\">\n                    <p>La prochaine gare se trouve \u00e0 Waren. De l\u00e0, il y a des liaisons directes avec le IC vers Rostock et Berlin. Le Schloss Torgelow propose un service de navette vers la gare le vendredi apr\u00e8s-midi.  <\/p>\n<p>\u00c0 la gare centrale de Berlin, les liaisons de train sont tr\u00e8s bonnes. Dimanche soir, des taxis \u00e0 tarif sp\u00e9cial sont disponibles \u00e0 Waren pour ramener nos \u00e9l\u00e8ves \u00e0 Torgelow. <\/p>\n                        <\/div>\n\n    <div class=\"column-second\">\n                    <p>La Deutsche Bahn propose une connexion directe ou avec correspondance (Berlin-Gesundbrunnen) vers l&rsquo;a\u00e9roport BER et s&rsquo;arr\u00eate \u00e0 la station de l&rsquo;a\u00e9roport au sous-sol de l&rsquo;a\u00e9roport. Le temps de trajet est d&rsquo;environ 1h55 et avec l&rsquo;IC ou l&rsquo;IC\/FEX, il n&rsquo;y a que cinq stations jusqu&rsquo;au BER. <\/p>\n<p>Cela permet \u00e0 nos \u00e9l\u00e8ves de profiter des bonnes liaisons a\u00e9riennes vers les m\u00e9tropoles allemandes ou \u00e0 l&rsquo;\u00e9tranger en Europe.<\/p>\n                            <\/div>\n<\/div>\n","protected":false},"excerpt":{"rendered":"","protected":false},"author":1,"featured_media":0,"parent":0,"menu_order":0,"comment_status":"closed","ping_status":"closed","template":"","meta":{"_acf_changed":false,"footnotes":""},"class_list":["post-83348","page","type-page","status-publish"],"acf":[],"yoast_head":"<!-- This site is optimized with the Yoast SEO plugin v26.9 - https:\/\/yoast.com\/product\/yoast-seo-wordpress\/ -->\n<title>Arriv\u00e9e et d\u00e9part pour les \u00e9l\u00e8ves - Schloss Torgelow<\/title>\n<meta name=\"description\" content=\"Les \u00e9l\u00e8ves peuvent utiliser nos bus scolaires pour se rendre \u00e0 Berlin ou Hambourg, ou prendre le train via la gare principale de Waren.\" \/>\n<meta name=\"robots\" content=\"index, follow, max-snippet:-1, max-image-preview:large, max-video-preview:-1\" \/>\n<link rel=\"canonical\" href=\"https:\/\/www.schlosstorgelow.de\/fr\/arrivee-et-depart-pour-les-eleves\" \/>\n<meta property=\"og:locale\" content=\"fr_FR\" \/>\n<meta property=\"og:type\" content=\"article\" \/>\n<meta property=\"og:title\" content=\"Arriv\u00e9e et d\u00e9part pour les \u00e9l\u00e8ves - Schloss Torgelow\" \/>\n<meta property=\"og:description\" content=\"Les \u00e9l\u00e8ves peuvent utiliser nos bus scolaires pour se rendre \u00e0 Berlin ou Hambourg, ou prendre le train via la gare principale de Waren.\" \/>\n<meta property=\"og:url\" content=\"https:\/\/www.schlosstorgelow.de\/fr\/arrivee-et-depart-pour-les-eleves\" \/>\n<meta property=\"og:site_name\" content=\"Schloss Torgelow\" \/>\n<meta property=\"article:modified_time\" content=\"2026-01-14T07:44:43+00:00\" \/>\n<meta name=\"twitter:card\" content=\"summary_large_image\" \/>\n<script type=\"application\/ld+json\" class=\"yoast-schema-graph\">{\"@context\":\"https:\/\/schema.org\",\"@graph\":[{\"@type\":\"WebPage\",\"@id\":\"https:\/\/www.schlosstorgelow.de\/fr\/arrivee-et-depart-pour-les-eleves#webpage\",\"url\":\"https:\/\/www.schlosstorgelow.de\/fr\/arrivee-et-depart-pour-les-eleves\",\"name\":\"Arriv\u00e9e et d\u00e9part pour les \u00e9l\u00e8ves - Schloss Torgelow\",\"isPartOf\":{\"@id\":\"https:\/\/www.schlosstorgelow.de\/fr#website\"},\"datePublished\":\"2025-10-20T05:51:37+00:00\",\"dateModified\":\"2026-01-14T07:44:43+00:00\",\"description\":\"Les \u00e9l\u00e8ves peuvent utiliser nos bus scolaires pour se rendre \u00e0 Berlin ou Hambourg, ou prendre le train via la gare principale de Waren.\",\"breadcrumb\":{\"@id\":\"https:\/\/www.schlosstorgelow.de\/fr\/arrivee-et-depart-pour-les-eleves#breadcrumb\"},\"inLanguage\":\"fr-FR\",\"potentialAction\":[{\"@type\":\"ReadAction\",\"target\":[\"https:\/\/www.schlosstorgelow.de\/fr\/arrivee-et-depart-pour-les-eleves\"]}]},{\"@type\":\"BreadcrumbList\",\"@id\":\"https:\/\/www.schlosstorgelow.de\/fr\/arrivee-et-depart-pour-les-eleves#breadcrumb\",\"itemListElement\":[{\"@type\":\"ListItem\",\"position\":1,\"name\":\"Startseite\",\"item\":\"https:\/\/www.schlosstorgelow.de\/fr\"},{\"@type\":\"ListItem\",\"position\":2,\"name\":\"Arriv\u00e9e et d\u00e9part pour les \u00e9l\u00e8ves\"}]},{\"@type\":\"WebSite\",\"@id\":\"https:\/\/www.schlosstorgelow.de\/fr#website\",\"url\":\"https:\/\/www.schlosstorgelow.de\/fr\",\"name\":\"Schloss Torgelow\",\"description\":\"Le lyc\u00e9e priv\u00e9 Schloss Torgelow \u2013 l'internat pour les \u00e9l\u00e8ves en qu\u00eate de d\u00e9fis.\",\"potentialAction\":[{\"@type\":\"SearchAction\",\"target\":{\"@type\":\"EntryPoint\",\"urlTemplate\":\"https:\/\/www.schlosstorgelow.de\/fr?s={search_term_string}\"},\"query-input\":{\"@type\":\"PropertyValueSpecification\",\"valueRequired\":true,\"valueName\":\"search_term_string\"}}],\"inLanguage\":\"fr-FR\"}]}<\/script>\n<!-- \/ Yoast SEO plugin. -->","yoast_head_json":{"title":"Arriv\u00e9e et d\u00e9part pour les \u00e9l\u00e8ves - Schloss Torgelow","description":"Les \u00e9l\u00e8ves peuvent utiliser nos bus scolaires pour se rendre \u00e0 Berlin ou Hambourg, ou prendre le train via la gare principale de Waren.","robots":{"index":"index","follow":"follow","max-snippet":"max-snippet:-1","max-image-preview":"max-image-preview:large","max-video-preview":"max-video-preview:-1"},"canonical":"https:\/\/www.schlosstorgelow.de\/fr\/arrivee-et-depart-pour-les-eleves","og_locale":"fr_FR","og_type":"article","og_title":"Arriv\u00e9e et d\u00e9part pour les \u00e9l\u00e8ves - Schloss Torgelow","og_description":"Les \u00e9l\u00e8ves peuvent utiliser nos bus scolaires pour se rendre \u00e0 Berlin ou Hambourg, ou prendre le train via la gare principale de Waren.","og_url":"https:\/\/www.schlosstorgelow.de\/fr\/arrivee-et-depart-pour-les-eleves","og_site_name":"Schloss Torgelow","article_modified_time":"2026-01-14T07:44:43+00:00","twitter_card":"summary_large_image","schema":{"@context":"https:\/\/schema.org","@graph":[{"@type":"WebPage","@id":"https:\/\/www.schlosstorgelow.de\/fr\/arrivee-et-depart-pour-les-eleves#webpage","url":"https:\/\/www.schlosstorgelow.de\/fr\/arrivee-et-depart-pour-les-eleves","name":"Arriv\u00e9e et d\u00e9part pour les \u00e9l\u00e8ves - Schloss Torgelow","isPartOf":{"@id":"https:\/\/www.schlosstorgelow.de\/fr#website"},"datePublished":"2025-10-20T05:51:37+00:00","dateModified":"2026-01-14T07:44:43+00:00","description":"Les \u00e9l\u00e8ves peuvent utiliser nos bus scolaires pour se rendre \u00e0 Berlin ou Hambourg, ou prendre le train via la gare principale de Waren.","breadcrumb":{"@id":"https:\/\/www.schlosstorgelow.de\/fr\/arrivee-et-depart-pour-les-eleves#breadcrumb"},"inLanguage":"fr-FR","potentialAction":[{"@type":"ReadAction","target":["https:\/\/www.schlosstorgelow.de\/fr\/arrivee-et-depart-pour-les-eleves"]}]},{"@type":"BreadcrumbList","@id":"https:\/\/www.schlosstorgelow.de\/fr\/arrivee-et-depart-pour-les-eleves#breadcrumb","itemListElement":[{"@type":"ListItem","position":1,"name":"Startseite","item":"https:\/\/www.schlosstorgelow.de\/fr"},{"@type":"ListItem","position":2,"name":"Arriv\u00e9e et d\u00e9part pour les \u00e9l\u00e8ves"}]},{"@type":"WebSite","@id":"https:\/\/www.schlosstorgelow.de\/fr#website","url":"https:\/\/www.schlosstorgelow.de\/fr","name":"Schloss Torgelow","description":"Le lyc\u00e9e priv\u00e9 Schloss Torgelow \u2013 l'internat pour les \u00e9l\u00e8ves en qu\u00eate de d\u00e9fis.","potentialAction":[{"@type":"SearchAction","target":{"@type":"EntryPoint","urlTemplate":"https:\/\/www.schlosstorgelow.de\/fr?s={search_term_string}"},"query-input":{"@type":"PropertyValueSpecification","valueRequired":true,"valueName":"search_term_string"}}],"inLanguage":"fr-FR"}]}},"block_visibility_meta":[],"_links":{"self":[{"href":"https:\/\/www.schlosstorgelow.de\/fr\/wp-json\/wp\/v2\/pages\/83348","targetHints":{"allow":["GET"]}}],"collection":[{"href":"https:\/\/www.schlosstorgelow.de\/fr\/wp-json\/wp\/v2\/pages"}],"about":[{"href":"https:\/\/www.schlosstorgelow.de\/fr\/wp-json\/wp\/v2\/types\/page"}],"author":[{"embeddable":true,"href":"https:\/\/www.schlosstorgelow.de\/fr\/wp-json\/wp\/v2\/users\/1"}],"replies":[{"embeddable":true,"href":"https:\/\/www.schlosstorgelow.de\/fr\/wp-json\/wp\/v2\/comments?post=83348"}],"version-history":[{"count":0,"href":"https:\/\/www.schlosstorgelow.de\/fr\/wp-json\/wp\/v2\/pages\/83348\/revisions"}],"wp:attachment":[{"href":"https:\/\/www.schlosstorgelow.de\/fr\/wp-json\/wp\/v2\/media?parent=83348"}],"curies":[{"name":"wp","href":"https:\/\/api.w.org\/{rel}","templated":true}]}}