{"id":82057,"date":"2025-10-20T05:46:08","date_gmt":"2025-10-20T05:46:08","guid":{"rendered":"https:\/\/www.schlosstorgelow.de\/adresse-emplacement-et-itineraire"},"modified":"2026-01-23T06:34:05","modified_gmt":"2026-01-23T06:34:05","slug":"adresse-emplacement-et-itineraire","status":"publish","type":"page","link":"https:\/\/www.schlosstorgelow.de\/fr\/adresse-emplacement-et-itineraire","title":{"rendered":"Adresse, emplacement et itin\u00e9raire"},"content":{"rendered":"\n<section     class=\"custom-theme-block page-header-section\">\n    <div class=\"container\">\n        <div class=\"row\">\n                                        <div class=\"col-12 col-lg-10 offset-lg-1\">\n                    <div class=\"image_wrapper\">\n                        \n<picture>\n            <source media=\"(max-width: 575.98px)\" srcset=\"https:\/\/www.schlosstorgelow.de\/wp-content\/uploads\/2025\/07\/Rectangle-30-2.avif 320w, https:\/\/www.schlosstorgelow.de\/wp-content\/uploads\/2025\/07\/Rectangle-30-2.avif 480w, https:\/\/www.schlosstorgelow.de\/wp-content\/uploads\/2025\/07\/Rectangle-30-2.avif 640w, https:\/\/www.schlosstorgelow.de\/wp-content\/uploads\/2025\/07\/Rectangle-30-2.avif 950w\" sizes=\"calc(100vw - 32px)\" type=\"image\/avif\">\n    \n            <source srcset=\"https:\/\/www.schlosstorgelow.de\/wp-content\/uploads\/2025\/07\/Rectangle-30-2.avif 320w, https:\/\/www.schlosstorgelow.de\/wp-content\/uploads\/2025\/07\/Rectangle-30-2.avif 480w, https:\/\/www.schlosstorgelow.de\/wp-content\/uploads\/2025\/07\/Rectangle-30-2.avif 640w, https:\/\/www.schlosstorgelow.de\/wp-content\/uploads\/2025\/07\/Rectangle-30-2.avif 720w, https:\/\/www.schlosstorgelow.de\/wp-content\/uploads\/2025\/07\/Rectangle-30-2.avif 950w\" sizes=\"(min-width: 1710px) 1680px, (min-width: 1200px) 1140px, (min-width: 992px) 960px, (min-width: 768px) 720px, (min-width: 576px) 540px, calc(100vw - 32px)\" type=\"image\/avif\">\n    \n    \n    <img src=\"https:\/\/www.schlosstorgelow.de\/wp-content\/uploads\/2025\/07\/Rectangle-30-2.avif\"\n         srcset=\"https:\/\/www.schlosstorgelow.de\/wp-content\/uploads\/2025\/07\/Rectangle-30-2.avif 320w, https:\/\/www.schlosstorgelow.de\/wp-content\/uploads\/2025\/07\/Rectangle-30-2.avif 480w, https:\/\/www.schlosstorgelow.de\/wp-content\/uploads\/2025\/07\/Rectangle-30-2.avif 640w, https:\/\/www.schlosstorgelow.de\/wp-content\/uploads\/2025\/07\/Rectangle-30-2.avif 720w, https:\/\/www.schlosstorgelow.de\/wp-content\/uploads\/2025\/07\/Rectangle-30-2.avif 950w\"         sizes=\"(min-width: 1710px) 1680px, (min-width: 1200px) 1140px, (min-width: 992px) 960px, (min-width: 768px) 720px, (min-width: 576px) 540px, calc(100vw - 32px)\"         alt=\"Prospectus scolaire et d&#039;internat\"\n         title=\"Prospectus scolaire et internat\"\n         width=\"950\"\n         height=\"538\"\n          loading=\"eager\" fetchpriority=\"high\" decoding=\"async\">\n<\/picture>\n                    <\/div>\n                <\/div>\n                    <\/div>\n    <\/div>\n            <div class=\"container\">\n            <div class=\"row\">\n                <div class=\"col-12 col-lg-6 offset-lg-6 col-xxl-4 offset-xxl-7 headlines\">\n                                            <p class=\"h4\">Schloss Torgelow : \u00c0 propos de nous<\/p>\n                                                                <h1 class=\"h2\">Adresse et emplacement<\/h1>\n                                    <\/div>\n            <\/div>\n        <\/div>\n                <div class=\"container\">\n            <div class=\"row\">\n                <div class=\"col-12 col-lg-10 offset-lg-1\">\n                    <div class=\"breadcrumbs\" itemscope itemtype=\"https:\/\/schema.org\/BreadcrumbList\">\n                        <span class=\"breadcrumbs__item\" itemprop=\"itemListElement\" itemscope itemtype=\"https:\/\/schema.org\/ListItem\">\n                            <a itemprop=\"item\" href=\"https:\/\/www.schlosstorgelow.de\/fr\">\n                                <span itemprop=\"name\">Schloss Torgelow : internat et lyc\u00e9e<\/span>\n                            <\/a>\n                            <meta itemprop=\"position\" content=\"1\" \/>\n                        <\/span>  \n                        <svg class=\"icon default-pagination-arrow \" role=\"presentation\"><use href=\"#default-pagination-arrow\"><\/use><\/svg>                                                            <span class=\"breadcrumbs__item\" itemprop=\"itemListElement\" itemscope itemtype=\"https:\/\/schema.org\/ListItem\">\n                                    <a itemprop=\"item\" href=\"https:\/\/www.schlosstorgelow.de\/fr\/famille-porteuse-direction\">\n                                        <span itemprop=\"name\">\n                                            Schloss Torgelow : \u00c0 propos de nous                                        <\/span>\n                                        <meta itemprop=\"position\" content=\"2\" \/>\n                                    <\/a>\n                                <\/span>\n                                                                            <svg class=\"icon default-pagination-arrow \" role=\"presentation\"><use href=\"#default-pagination-arrow\"><\/use><\/svg>                        <span class=\"breadcrumbs__item\" itemprop=\"itemListElement\" itemscope itemtype=\"https:\/\/schema.org\/ListItem\">\n                            <a itemprop=\"item\" href=\"https:\/\/www.schlosstorgelow.de\/fr\/adresse-emplacement-et-itineraire\" class=\"breadcrumbs__current\">\n                                <span itemprop=\"name\">\n                                                                            Adresse et emplacement \n                                                                    <\/span>\n                                <meta itemprop=\"position\" content=\"3\" \/>\n                            <\/a>\n                            <meta itemprop=\"position\" content=\"2\" \/>\n                        <\/span>\n                    <\/div>\n                <\/div>\n            <\/div>\n        <\/div>\n    <\/section>\n\n\n<div  class=\" special-heading special-heading-h2 custom-theme-block\">\n    <h2 class=\"h2 custom-title\">Emplacement &amp; Acc\u00e8s<\/h2><\/div>\n\n\n\n<section  class=\"custom-theme-block map-location\">\n    <div class=\"container\">\n        <div class=\"row\">\n            <div class=\"col-12 col-lg-6 col-xl-5\">\n                                    <a class=\"map-location__image\" href=\"https:\/\/www.google.com\/maps\/place\/Schloss+Torgelow+Privates+Internatsgymnasium+Helge+Lehmann+KG\/@53.5610875,12.7733415,925m\/data=!3m3!1e3!4b1!5s0x47abf9f132cf7d7b:0xc914ea418e2a4b9d!4m6!3m5!1s0x47abf9f1330c6ef3:0x5ee654d0aaf98533!8m2!3d53.5610843!4d12.7759164!16s%2Fg%2F122qm6nq?entry=ttu&amp;g_ep=EgoyMDI1MDcyMi4wIKXMDSoASAFQAw%3D%3D\" target='_blank'>\n                        \n    <img src=\"https:\/\/www.schlosstorgelow.de\/wp-content\/uploads\/2025\/07\/map-internat-schloss-torgelow.svg\"\n         alt=\"Carte avec le ch\u00e2teau de Torgelow\"\n         title=\"Carte avec le ch\u00e2teau de Torgelow\"\n         width=\"569\"\n         height=\"569\"\n          loading=\"lazy\" decoding=\"async\">\n                    <\/a>\n                \n            <\/div>\n            <div class=\"col-lg-6 offset-xl-1\">\n                <div class=\"content_wrapper d-flex flex-column justify-content-center align-items-center align-items-lg-start\">\n                                            <div class=\"h2\">\n                            Notre emplacement au bord de la M\u00fcritz dans le district de Mecklenburgische Seenplatte                        <\/div>\n                                                                <p>Le Schloss Torgelow se trouve dans la commune de Torgelow au lac, qui compte 500 habitants, pr\u00e8s de Waren am M\u00fcritz (les coordonn\u00e9es GPS sont Latitude : 53.5667\u00b0 et Longitude : 12.7833\u00b0) et <strong>non dans la ville de Torgelow<\/strong> dans le district de Vorpommern.<\/p>\n<p>Nos \u00e9l\u00e8ves qui souhaitent rentrer chez eux le week-end sont pris en charge par le bus de l&rsquo;\u00e9cole, la Deutsche Bahn ainsi que la Deutsche Lufthansa jusqu&rsquo;\u00e0 proximit\u00e9 de leur domicile. Ainsi, les parents peuvent renoncer \u00e0 de longs trajets en voiture stressants le week-end et savent que leurs enfants sont entre de bonnes mains. <\/p>\n                                                                <a href=\"https:\/\/www.google.com\/maps\/place\/Schloss+Torgelow+Privates+Internatsgymnasium+Helge+Lehmann+KG\/@53.5610875,12.7733415,925m\/data=!3m3!1e3!4b1!5s0x47abf9f132cf7d7b:0xc914ea418e2a4b9d!4m6!3m5!1s0x47abf9f1330c6ef3:0x5ee654d0aaf98533!8m2!3d53.5610843!4d12.7759164!16s%2Fg%2F122qm6nq?entry=ttu&amp;g_ep=EgoyMDI1MDcyMi4wIKXMDSoASAFQAw%3D%3D\" class=\"btn btn-alternative\" target='_blank'>\n                            Ouvrir maintenant sur Google Maps                        <\/a>\n                                    <\/div>\n            <\/div>\n        <\/div>\n    <\/div>\n<\/section>\n\n\n\n<div     class=\"illustration-block mobile-hide\"\n     style=\"--icon-width: 50%; --icon-height: 175px; --icon-moving-left: -34%;\">\n    <div class=\"illustration-block__icon lightBlue position-down  \">\n        <svg class=\"icon default-location \" role=\"presentation\"><use href=\"#default-location\"><\/use><\/svg>    <\/div>\n<\/div>\n\n\n<div  class=\"two-columns-block\">\n    <div class=\"column-first align-items-center\">\n                    <h3>Adresse<\/h3>\n<p>Schloss Torgelow<br \/>\nprivates, staatlich anerkanntes Internatsgymnasium<br \/>\nHelge Lehmann KG<\/p>\n<p>Schloss 1<br \/>\n17192 Torgelow am See<\/p>\n<p>T\u00e9l\u00e9phone : <a href=\"tel:+4939916240\">03991\/624-0<\/a><br \/>\nFax : 03991\/624-211<\/p>\n<p><a href=\"mailto:elternberatung@schlosstorgelow.de\">elternberatung@schlosstorgelow.de<\/a><\/p>\n                        <\/div>\n\n    <div class=\"column-second\">\n                    <p><strong>GPS<\/strong><\/p>\n<p>Latitude : 53.5667\u00b0<br \/>\nLongitude : 12.7833\u00b0<\/p>\n<p><strong>Avis important pour les fournisseurs<\/strong><\/p>\n<p>Le Schloss Torgelow se trouve dans la commune de Torgelow am See, qui compte 500 habitants, pr\u00e8s de Waren \u00e0 M\u00fcritz et non dans la ville de Torgelow dans le district d&rsquo;Uecker-Randow.<\/p>\n                            <\/div>\n<\/div>\n\n\n\n<figure class=\"wp-block-image size-full\"><img loading=\"lazy\" decoding=\"async\" width=\"1920\" height=\"1080\" src=\"https:\/\/www.schlosstorgelow.de\/wp-content\/uploads\/2025\/07\/drachenboot-schloss-torgelow.avif\" alt=\"Projet de bateau-dragon\" class=\"wp-image-45543\" srcset=\"https:\/\/www.schlosstorgelow.de\/wp-content\/uploads\/2025\/07\/drachenboot-schloss-torgelow.avif 1920w, https:\/\/www.schlosstorgelow.de\/wp-content\/uploads\/2025\/07\/drachenboot-schloss-torgelow-300x169.avif 300w, https:\/\/www.schlosstorgelow.de\/wp-content\/uploads\/2025\/07\/drachenboot-schloss-torgelow-1440x810.avif 1440w, https:\/\/www.schlosstorgelow.de\/wp-content\/uploads\/2025\/07\/drachenboot-schloss-torgelow-1080x608.avif 1080w, https:\/\/www.schlosstorgelow.de\/wp-content\/uploads\/2025\/07\/drachenboot-schloss-torgelow-720x405.avif 720w, https:\/\/www.schlosstorgelow.de\/wp-content\/uploads\/2025\/07\/drachenboot-schloss-torgelow-480x270.avif 480w, https:\/\/www.schlosstorgelow.de\/wp-content\/uploads\/2025\/07\/drachenboot-schloss-torgelow-960x540.avif 960w, https:\/\/www.schlosstorgelow.de\/wp-content\/uploads\/2025\/07\/drachenboot-schloss-torgelow-320x180.avif 320w, https:\/\/www.schlosstorgelow.de\/wp-content\/uploads\/2025\/07\/drachenboot-schloss-torgelow-640x360.avif 640w, https:\/\/www.schlosstorgelow.de\/wp-content\/uploads\/2025\/07\/drachenboot-schloss-torgelow-1140x641.avif 1140w, https:\/\/www.schlosstorgelow.de\/wp-content\/uploads\/2025\/07\/drachenboot-schloss-torgelow-540x304.avif 540w, https:\/\/www.schlosstorgelow.de\/wp-content\/uploads\/2025\/07\/drachenboot-schloss-torgelow-214x120.avif 214w, https:\/\/www.schlosstorgelow.de\/wp-content\/uploads\/2025\/07\/drachenboot-schloss-torgelow-428x241.avif 428w\" sizes=\"auto, (max-width: 1920px) 100vw, 1920px\" \/><\/figure>\n\n\n\n<div     class=\"illustration-block mobile-hide\"\n     style=\"--icon-width: 50%; --icon-height: 175px; --icon-moving-left: -34%;\">\n    <div class=\"illustration-block__icon lightBlue position-down  \">\n        <svg class=\"icon default-projects-icon \" role=\"presentation\"><use href=\"#default-projects-icon\"><\/use><\/svg>    <\/div>\n<\/div>\n\n\n<div  class=\"two-columns-block\">\n    <div class=\"column-first align-items-center\">\n                    <h3>Votre chemin vers nous \u2013 Itin\u00e9raire<\/h3>\n<p>Le Schloss Torgelow accueille des \u00e9l\u00e8ves venus de toute l&rsquo;Allemagne, d&rsquo;Europe et du monde entier. Comment nous rejoindre en voiture : Comment nous rejoindre en voiture :<\/p>\n<p><strong>De l&rsquo;ouest (Hambourg) :<\/strong><\/p>\n<p>Prenez l&rsquo;A 24 en direction de Berlin jusqu&rsquo;au noeud autoroutier de Wittstock\/Dosse. L\u00e0, changez pour l&rsquo;A 19 en direction de Rostock. Quittez l&rsquo;autoroute \u00e0 la sortie Waren (# 17).<\/p>\n<p><strong>Depuis le sud (Berlin) :<\/strong><\/p>\n<p>Prenez l&rsquo;A 24 en direction de Hambourg jusqu&rsquo;au croisement autoroutier de Wittstock\/Doss. L\u00e0, prenez l&rsquo;A 19 en direction de Rostock. Quittez l&rsquo;autoroute \u00e0 la sortie Waren (# 17).<\/p>\n<p><strong>Depuis l&rsquo;est (Neubrandenbourg) :<\/strong><\/p>\n<p>Roulez sur la route nationale en direction de Waren. Environ 5 km avant Waren, tournez \u00e0 droite dans le village de Schloen en direction de Torgelow am See. Dans la commune, l&rsquo;entr\u00e9e se trouve \u00e0 droite \u00e0 la fin du passage du village.<\/p>\n<p><strong>Par le nord (Rostock) :<\/strong><\/p>\n<p>Prenez l&rsquo;A 19 en direction de Berlin jusqu&rsquo;\u00e0 la sortie Waren (# 17).<\/p>\n                            <div class=\"download-section__groups\">\n                                            <div class=\"download-section__group\">\n                                                        <div class=\"download-section__items --hide-line\">\n                                                                                                        <a href=\"https:\/\/www.schlosstorgelow.de\/wp-content\/uploads\/2025\/09\/Anfahrt-Schloss-Torgelow.pdf\" class=\"download-section__item\" download>\n                                        <span class=\"download-section__icon\"><svg class=\"icon default-download \" role=\"presentation\"><use href=\"#default-download\"><\/use><\/svg><\/span>\n                                        PDF : Le chemin vers le Schloss Torgelow (130 Ko)\n                                    <\/a>\n                                                            <\/div>\n                        <\/div>\n                                    <\/div>\n                        <\/div>\n\n    <div class=\"column-second\">\n                    <p><strong>\u00c0 la sortie de Waren :<\/strong><\/p>\n<p>Prenez la B 192 en direction de Waren. Traversez Waren en direction de Neubrandenbourg \/ Neustrelitz. Peu apr\u00e8s \u00eatre pass\u00e9 sous un pont, quittez la B 192 \u00e0 gauche en direction de Malchin \/ Gro\u00df Gievitz. Environ 2 km apr\u00e8s la sortie du village, tournez \u00e0 droite en direction de Torgelow. Suivez la signalisation \u00ab\u00a0Schloss Torgelow\u00a0\u00bb.    <\/p>\n<p><strong>Important :<\/strong><\/p>\n<p>Le Schloss Torgelow se situe dans la petite <strong>commune de Torgelow am See<\/strong> pr\u00e8s de Waren am M\u00fcritz. Veuillez faire attention <strong>\u00e0 ne<\/strong> pas saisir par erreur la ville de Torgelow dans le syst\u00e8me de navigation. Celle-ci se trouve \u00e0 environ 100 km de l\u00e0, \u00e0 la fronti\u00e8re polonaise.  <\/p>\n<p><strong>Contr\u00f4les radar :<\/strong><\/p>\n<p>Veuillez respecter les limitations de vitesse apr\u00e8s avoir quitt\u00e9 l&rsquo;autoroute, car il y a trois contr\u00f4les radar fixes sur le trajet.<\/p>\n<div class=\"theme-table-wrapper\" tabindex=\"0\"><table role=\"presentation\"  class=\"contenttable\" cellspacing=\"0\" cellpadding=\"0\">\n<tbody>\n<tr>\n<td colspan=\"2\" rowspan=\"1\">A\u00e9roport de transport a\u00e9rien le plus proche :\n<\/td>\n<td colspan=\"2\" rowspan=\"1\">Berlin Brandenburg International (BER)<\/td>\n<\/tr>\n<tr>\n<td colspan=\"2\" rowspan=\"1\">A\u00e9rodrome sportif le plus proche :<\/td>\n<td colspan=\"2\" rowspan=\"1\">Vielist<\/td>\n<\/tr>\n<tr>\n<td colspan=\"2\" rowspan=\"1\">Prochain arr\u00eat :<\/td>\n<td colspan=\"2\" rowspan=\"1\">Waren an der M\u00fcritz<\/td>\n<\/tr>\n<\/tbody>\n<\/table><\/div>\n                            <\/div>\n<\/div>\n","protected":false},"excerpt":{"rendered":"","protected":false},"author":1,"featured_media":0,"parent":0,"menu_order":0,"comment_status":"closed","ping_status":"closed","template":"","meta":{"_acf_changed":false,"footnotes":""},"class_list":["post-82057","page","type-page","status-publish"],"acf":[],"yoast_head":"<!-- This site is optimized with the Yoast SEO plugin v26.9 - https:\/\/yoast.com\/product\/yoast-seo-wordpress\/ -->\n<title>Adresse, emplacement et itin\u00e9raire - Schloss Torgelow<\/title>\n<meta name=\"description\" content=\"Voici comment rejoindre l&#039;internat Schloss Torgelow : toutes les informations concernant l&#039;adresse, l&#039;emplacement et l&#039;acc\u00e8s en voiture.\" \/>\n<meta name=\"robots\" content=\"index, follow, max-snippet:-1, max-image-preview:large, max-video-preview:-1\" \/>\n<link rel=\"canonical\" href=\"https:\/\/www.schlosstorgelow.de\/fr\/adresse-emplacement-et-itineraire\" \/>\n<meta property=\"og:locale\" content=\"fr_FR\" \/>\n<meta property=\"og:type\" content=\"article\" \/>\n<meta property=\"og:title\" content=\"Adresse, emplacement et itin\u00e9raire - Schloss Torgelow\" \/>\n<meta property=\"og:description\" content=\"Voici comment rejoindre l&#039;internat Schloss Torgelow : toutes les informations concernant l&#039;adresse, l&#039;emplacement et l&#039;acc\u00e8s en voiture.\" \/>\n<meta property=\"og:url\" content=\"https:\/\/www.schlosstorgelow.de\/fr\/adresse-emplacement-et-itineraire\" \/>\n<meta property=\"og:site_name\" content=\"Schloss Torgelow\" \/>\n<meta property=\"article:modified_time\" content=\"2026-01-23T06:34:05+00:00\" \/>\n<meta name=\"twitter:card\" content=\"summary_large_image\" \/>\n<meta name=\"twitter:label1\" content=\"Dur\u00e9e de lecture estim\u00e9e\" \/>\n\t<meta name=\"twitter:data1\" content=\"4 minutes\" \/>\n<script type=\"application\/ld+json\" class=\"yoast-schema-graph\">{\"@context\":\"https:\/\/schema.org\",\"@graph\":[{\"@type\":\"WebPage\",\"@id\":\"https:\/\/www.schlosstorgelow.de\/fr\/adresse-emplacement-et-itineraire#webpage\",\"url\":\"https:\/\/www.schlosstorgelow.de\/fr\/adresse-emplacement-et-itineraire\",\"name\":\"Adresse, emplacement et itin\u00e9raire - Schloss Torgelow\",\"isPartOf\":{\"@id\":\"https:\/\/www.schlosstorgelow.de\/fr#website\"},\"primaryImageOfPage\":{\"@id\":\"https:\/\/www.schlosstorgelow.de\/fr\/adresse-emplacement-et-itineraire#primaryimage\"},\"image\":{\"@id\":\"https:\/\/www.schlosstorgelow.de\/fr\/adresse-emplacement-et-itineraire#primaryimage\"},\"thumbnailUrl\":\"https:\/\/www.schlosstorgelow.de\/wp-content\/uploads\/2025\/07\/drachenboot-schloss-torgelow.avif\",\"datePublished\":\"2025-10-20T05:46:08+00:00\",\"dateModified\":\"2026-01-23T06:34:05+00:00\",\"description\":\"Voici comment rejoindre l'internat Schloss Torgelow : toutes les informations concernant l'adresse, l'emplacement et l'acc\u00e8s en voiture.\",\"breadcrumb\":{\"@id\":\"https:\/\/www.schlosstorgelow.de\/fr\/adresse-emplacement-et-itineraire#breadcrumb\"},\"inLanguage\":\"fr-FR\",\"potentialAction\":[{\"@type\":\"ReadAction\",\"target\":[\"https:\/\/www.schlosstorgelow.de\/fr\/adresse-emplacement-et-itineraire\"]}]},{\"@type\":\"ImageObject\",\"inLanguage\":\"fr-FR\",\"@id\":\"https:\/\/www.schlosstorgelow.de\/fr\/adresse-emplacement-et-itineraire#primaryimage\",\"url\":\"https:\/\/www.schlosstorgelow.de\/wp-content\/uploads\/2025\/07\/drachenboot-schloss-torgelow.avif\",\"contentUrl\":\"https:\/\/www.schlosstorgelow.de\/wp-content\/uploads\/2025\/07\/drachenboot-schloss-torgelow.avif\"},{\"@type\":\"BreadcrumbList\",\"@id\":\"https:\/\/www.schlosstorgelow.de\/fr\/adresse-emplacement-et-itineraire#breadcrumb\",\"itemListElement\":[{\"@type\":\"ListItem\",\"position\":1,\"name\":\"Startseite\",\"item\":\"https:\/\/www.schlosstorgelow.de\/fr\"},{\"@type\":\"ListItem\",\"position\":2,\"name\":\"Adresse, emplacement et itin\u00e9raire\"}]},{\"@type\":\"WebSite\",\"@id\":\"https:\/\/www.schlosstorgelow.de\/fr#website\",\"url\":\"https:\/\/www.schlosstorgelow.de\/fr\",\"name\":\"Schloss Torgelow\",\"description\":\"Le lyc\u00e9e priv\u00e9 Schloss Torgelow \u2013 l'internat pour les \u00e9l\u00e8ves en qu\u00eate de d\u00e9fis.\",\"potentialAction\":[{\"@type\":\"SearchAction\",\"target\":{\"@type\":\"EntryPoint\",\"urlTemplate\":\"https:\/\/www.schlosstorgelow.de\/fr?s={search_term_string}\"},\"query-input\":{\"@type\":\"PropertyValueSpecification\",\"valueRequired\":true,\"valueName\":\"search_term_string\"}}],\"inLanguage\":\"fr-FR\"}]}<\/script>\n<!-- \/ Yoast SEO plugin. -->","yoast_head_json":{"title":"Adresse, emplacement et itin\u00e9raire - Schloss Torgelow","description":"Voici comment rejoindre l'internat Schloss Torgelow : toutes les informations concernant l'adresse, l'emplacement et l'acc\u00e8s en voiture.","robots":{"index":"index","follow":"follow","max-snippet":"max-snippet:-1","max-image-preview":"max-image-preview:large","max-video-preview":"max-video-preview:-1"},"canonical":"https:\/\/www.schlosstorgelow.de\/fr\/adresse-emplacement-et-itineraire","og_locale":"fr_FR","og_type":"article","og_title":"Adresse, emplacement et itin\u00e9raire - Schloss Torgelow","og_description":"Voici comment rejoindre l'internat Schloss Torgelow : toutes les informations concernant l'adresse, l'emplacement et l'acc\u00e8s en voiture.","og_url":"https:\/\/www.schlosstorgelow.de\/fr\/adresse-emplacement-et-itineraire","og_site_name":"Schloss Torgelow","article_modified_time":"2026-01-23T06:34:05+00:00","twitter_card":"summary_large_image","twitter_misc":{"Dur\u00e9e de lecture estim\u00e9e":"4 minutes"},"schema":{"@context":"https:\/\/schema.org","@graph":[{"@type":"WebPage","@id":"https:\/\/www.schlosstorgelow.de\/fr\/adresse-emplacement-et-itineraire#webpage","url":"https:\/\/www.schlosstorgelow.de\/fr\/adresse-emplacement-et-itineraire","name":"Adresse, emplacement et itin\u00e9raire - Schloss Torgelow","isPartOf":{"@id":"https:\/\/www.schlosstorgelow.de\/fr#website"},"primaryImageOfPage":{"@id":"https:\/\/www.schlosstorgelow.de\/fr\/adresse-emplacement-et-itineraire#primaryimage"},"image":{"@id":"https:\/\/www.schlosstorgelow.de\/fr\/adresse-emplacement-et-itineraire#primaryimage"},"thumbnailUrl":"https:\/\/www.schlosstorgelow.de\/wp-content\/uploads\/2025\/07\/drachenboot-schloss-torgelow.avif","datePublished":"2025-10-20T05:46:08+00:00","dateModified":"2026-01-23T06:34:05+00:00","description":"Voici comment rejoindre l'internat Schloss Torgelow : toutes les informations concernant l'adresse, l'emplacement et l'acc\u00e8s en voiture.","breadcrumb":{"@id":"https:\/\/www.schlosstorgelow.de\/fr\/adresse-emplacement-et-itineraire#breadcrumb"},"inLanguage":"fr-FR","potentialAction":[{"@type":"ReadAction","target":["https:\/\/www.schlosstorgelow.de\/fr\/adresse-emplacement-et-itineraire"]}]},{"@type":"ImageObject","inLanguage":"fr-FR","@id":"https:\/\/www.schlosstorgelow.de\/fr\/adresse-emplacement-et-itineraire#primaryimage","url":"https:\/\/www.schlosstorgelow.de\/wp-content\/uploads\/2025\/07\/drachenboot-schloss-torgelow.avif","contentUrl":"https:\/\/www.schlosstorgelow.de\/wp-content\/uploads\/2025\/07\/drachenboot-schloss-torgelow.avif"},{"@type":"BreadcrumbList","@id":"https:\/\/www.schlosstorgelow.de\/fr\/adresse-emplacement-et-itineraire#breadcrumb","itemListElement":[{"@type":"ListItem","position":1,"name":"Startseite","item":"https:\/\/www.schlosstorgelow.de\/fr"},{"@type":"ListItem","position":2,"name":"Adresse, emplacement et itin\u00e9raire"}]},{"@type":"WebSite","@id":"https:\/\/www.schlosstorgelow.de\/fr#website","url":"https:\/\/www.schlosstorgelow.de\/fr","name":"Schloss Torgelow","description":"Le lyc\u00e9e priv\u00e9 Schloss Torgelow \u2013 l'internat pour les \u00e9l\u00e8ves en qu\u00eate de d\u00e9fis.","potentialAction":[{"@type":"SearchAction","target":{"@type":"EntryPoint","urlTemplate":"https:\/\/www.schlosstorgelow.de\/fr?s={search_term_string}"},"query-input":{"@type":"PropertyValueSpecification","valueRequired":true,"valueName":"search_term_string"}}],"inLanguage":"fr-FR"}]}},"block_visibility_meta":[],"_links":{"self":[{"href":"https:\/\/www.schlosstorgelow.de\/fr\/wp-json\/wp\/v2\/pages\/82057","targetHints":{"allow":["GET"]}}],"collection":[{"href":"https:\/\/www.schlosstorgelow.de\/fr\/wp-json\/wp\/v2\/pages"}],"about":[{"href":"https:\/\/www.schlosstorgelow.de\/fr\/wp-json\/wp\/v2\/types\/page"}],"author":[{"embeddable":true,"href":"https:\/\/www.schlosstorgelow.de\/fr\/wp-json\/wp\/v2\/users\/1"}],"replies":[{"embeddable":true,"href":"https:\/\/www.schlosstorgelow.de\/fr\/wp-json\/wp\/v2\/comments?post=82057"}],"version-history":[{"count":0,"href":"https:\/\/www.schlosstorgelow.de\/fr\/wp-json\/wp\/v2\/pages\/82057\/revisions"}],"wp:attachment":[{"href":"https:\/\/www.schlosstorgelow.de\/fr\/wp-json\/wp\/v2\/media?parent=82057"}],"curies":[{"name":"wp","href":"https:\/\/api.w.org\/{rel}","templated":true}]}}