{"id":83714,"date":"2025-10-20T05:51:37","date_gmt":"2025-10-20T05:51:37","guid":{"rendered":"https:\/\/www.schlosstorgelow.de\/llegada-y-salida-para-estudiantes"},"modified":"2026-01-14T19:36:05","modified_gmt":"2026-01-14T19:36:05","slug":"llegada-y-salida-para-estudiantes","status":"publish","type":"page","link":"https:\/\/www.schlosstorgelow.de\/es\/llegada-y-salida-para-estudiantes","title":{"rendered":"Llegada y salida para estudiantes"},"content":{"rendered":"\n<section     class=\"custom-theme-block page-header-section\">\n    <div class=\"container\">\n        <div class=\"row\">\n                                        <div class=\"col-12 col-lg-10 offset-lg-1\">\n                    <div class=\"image_wrapper\">\n                        \n<picture>\n            <source media=\"(max-width: 575.98px)\" srcset=\"https:\/\/www.schlosstorgelow.de\/wp-content\/uploads\/2025\/10\/schloss-torgelow-bus.avif 320w, https:\/\/www.schlosstorgelow.de\/wp-content\/uploads\/2025\/10\/schloss-torgelow-bus.avif 480w, https:\/\/www.schlosstorgelow.de\/wp-content\/uploads\/2025\/10\/schloss-torgelow-bus.avif 640w, https:\/\/www.schlosstorgelow.de\/wp-content\/uploads\/2025\/10\/schloss-torgelow-bus.avif 960w\" sizes=\"calc(100vw - 32px)\" type=\"image\/avif\">\n    \n            <source srcset=\"https:\/\/www.schlosstorgelow.de\/wp-content\/uploads\/2025\/10\/schloss-torgelow-bus.avif 320w, https:\/\/www.schlosstorgelow.de\/wp-content\/uploads\/2025\/10\/schloss-torgelow-bus.avif 480w, https:\/\/www.schlosstorgelow.de\/wp-content\/uploads\/2025\/10\/schloss-torgelow-bus.avif 640w, https:\/\/www.schlosstorgelow.de\/wp-content\/uploads\/2025\/10\/schloss-torgelow-bus.avif 720w, https:\/\/www.schlosstorgelow.de\/wp-content\/uploads\/2025\/10\/schloss-torgelow-bus.avif 960w, https:\/\/www.schlosstorgelow.de\/wp-content\/uploads\/2025\/10\/schloss-torgelow-bus.avif 1080w, https:\/\/www.schlosstorgelow.de\/wp-content\/uploads\/2025\/10\/schloss-torgelow-bus.avif 1440w, https:\/\/www.schlosstorgelow.de\/wp-content\/uploads\/2025\/10\/schloss-torgelow-bus.avif 1920w\" sizes=\"(min-width: 1710px) 1680px, (min-width: 1200px) 1140px, (min-width: 992px) 960px, (min-width: 768px) 720px, (min-width: 576px) 540px, calc(100vw - 32px)\" type=\"image\/avif\">\n    \n    \n    <img src=\"https:\/\/www.schlosstorgelow.de\/wp-content\/uploads\/2025\/10\/schloss-torgelow-bus.avif\"\n         srcset=\"https:\/\/www.schlosstorgelow.de\/wp-content\/uploads\/2025\/10\/schloss-torgelow-bus.avif 320w, https:\/\/www.schlosstorgelow.de\/wp-content\/uploads\/2025\/10\/schloss-torgelow-bus.avif 480w, https:\/\/www.schlosstorgelow.de\/wp-content\/uploads\/2025\/10\/schloss-torgelow-bus.avif 640w, https:\/\/www.schlosstorgelow.de\/wp-content\/uploads\/2025\/10\/schloss-torgelow-bus.avif 720w, https:\/\/www.schlosstorgelow.de\/wp-content\/uploads\/2025\/10\/schloss-torgelow-bus.avif 960w, https:\/\/www.schlosstorgelow.de\/wp-content\/uploads\/2025\/10\/schloss-torgelow-bus.avif 1080w, https:\/\/www.schlosstorgelow.de\/wp-content\/uploads\/2025\/10\/schloss-torgelow-bus.avif 1440w, https:\/\/www.schlosstorgelow.de\/wp-content\/uploads\/2025\/10\/schloss-torgelow-bus.avif 1920w\"         sizes=\"(min-width: 1710px) 1680px, (min-width: 1200px) 1140px, (min-width: 992px) 960px, (min-width: 768px) 720px, (min-width: 576px) 540px, calc(100vw - 32px)\"         alt=\"Autob\u00fas del castillo\"\n         title=\"Schlossbus\"\n         width=\"1920\"\n         height=\"1080\"\n          loading=\"eager\" fetchpriority=\"high\" decoding=\"async\">\n<\/picture>\n                    <\/div>\n                <\/div>\n                    <\/div>\n    <\/div>\n            <div class=\"container\">\n            <div class=\"row\">\n                <div class=\"col-12 col-lg-6 offset-lg-6 col-xxl-4 offset-xxl-7 headlines\">\n                                            <p class=\"h4\">Schloss Torgelow: Sobre nosotros<\/p>\n                                                                <h1 class=\"h2\">Llegada y salida para estudiantes<\/h1>\n                                    <\/div>\n            <\/div>\n        <\/div>\n                <div class=\"container\">\n            <div class=\"row\">\n                <div class=\"col-12 col-lg-10 offset-lg-1\">\n                    <div class=\"breadcrumbs\" itemscope itemtype=\"https:\/\/schema.org\/BreadcrumbList\">\n                        <span class=\"breadcrumbs__item\" itemprop=\"itemListElement\" itemscope itemtype=\"https:\/\/schema.org\/ListItem\">\n                            <a itemprop=\"item\" href=\"https:\/\/www.schlosstorgelow.de\/es\">\n                                <span itemprop=\"name\">Schloss Torgelow: internado y colegio<\/span>\n                            <\/a>\n                            <meta itemprop=\"position\" content=\"1\" \/>\n                        <\/span>  \n                        <svg class=\"icon default-pagination-arrow \" role=\"presentation\"><use href=\"#default-pagination-arrow\"><\/use><\/svg>                                                            <span class=\"breadcrumbs__item\" itemprop=\"itemListElement\" itemscope itemtype=\"https:\/\/schema.org\/ListItem\">\n                                    <a itemprop=\"item\" href=\"https:\/\/www.schlosstorgelow.de\/es\/familia-de-aportacion-y-direccion\">\n                                        <span itemprop=\"name\">\n                                            Schloss Torgelow: Sobre nosotros                                        <\/span>\n                                        <meta itemprop=\"position\" content=\"2\" \/>\n                                    <\/a>\n                                <\/span>\n                                                                            <svg class=\"icon default-pagination-arrow \" role=\"presentation\"><use href=\"#default-pagination-arrow\"><\/use><\/svg>                        <span class=\"breadcrumbs__item\" itemprop=\"itemListElement\" itemscope itemtype=\"https:\/\/schema.org\/ListItem\">\n                            <a itemprop=\"item\" href=\"https:\/\/www.schlosstorgelow.de\/es\/llegada-y-salida-para-estudiantes\" class=\"breadcrumbs__current\">\n                                <span itemprop=\"name\">\n                                                                            Llegada y salida para estudiantes \n                                                                    <\/span>\n                                <meta itemprop=\"position\" content=\"3\" \/>\n                            <\/a>\n                            <meta itemprop=\"position\" content=\"2\" \/>\n                        <\/span>\n                    <\/div>\n                <\/div>\n            <\/div>\n        <\/div>\n    <\/section>\n<div  class=\" special-heading special-heading-h2\">\n    <h2 class=\"h2 custom-title\">Llegada y salida con los autobuses del castillo hacia Berl\u00edn y Hamburgo<\/h2><\/div>\n\n<div  class=\"blue-text\">\n    <div class=\"\">\n                        <p>Nuestras alumnas y alumnos tienen la oportunidad de viajar a Berl\u00edn y Hamburgo con los autobuses del castillo durante el fin de semana. All\u00ed los recogeremos el domingo por la noche. Los horarios actuales:  <\/p>\n            <\/div>\n<\/div>\n\n<div  class=\"two-columns-block\">\n    <div class=\"column-first align-items-center\">\n                    <h3>Horario D\u00eda de Salida Torgelow am See \u2013 Hamburgo<\/h3>\n<div class=\"theme-table-wrapper\" tabindex=\"0\"><table role=\"presentation\"  class=\"ce-table\">\n<tbody>\n<tr>\n<td>Torgelow am See<\/td>\n<td>13:10 Uhr<\/td>\n<\/tr>\n<tr>\n<td>Autobahnrastst\u00e4tte Stolpe<\/td>\n<td>14:55<\/td>\n<\/tr>\n<tr>\n<td>Autobahnrastst\u00e4tte Gudow<\/td>\n<td>15:40 horas<\/td>\n<\/tr>\n<tr>\n<td>Hamburgo ZOB<\/td>\n<td>16:25 horas<\/td>\n<\/tr>\n<tr>\n<td>Hamburg Dammtor<\/td>\n<td>16:35<\/td>\n<\/tr>\n<\/tbody>\n<\/table><\/div>\n                        <\/div>\n\n    <div class=\"column-second\">\n                    <h3>Horario d\u00eda de salida Torgelow am See \u2013 Berl\u00edn<\/h3>\n<div class=\"theme-table-wrapper\" tabindex=\"0\"><table role=\"presentation\"  class=\"ce-table\">\n<tbody>\n<tr>\n<td>Torgelow am See<\/td>\n<td>13.10 Uhr<\/td>\n<\/tr>\n<tr>\n<td>Rastst\u00e4tte Linumer Bruch<\/td>\n<td>14:45 horas<\/td>\n<\/tr>\n<tr>\n<td>Rastst\u00e4tte Stolper Heide<\/td>\n<td>15:25 horas<\/td>\n<\/tr>\n<tr>\n<td>Bahnhof Zoo &#8211; Autobuses de viaje<\/td>\n<td>16:00 horas<\/td>\n<\/tr>\n<tr>\n<td>HBF Europaplatz<\/td>\n<td>16:15 horas<\/td>\n<\/tr>\n<\/tbody>\n<\/table><\/div>\n                            <\/div>\n<\/div>\n\n<div  class=\"two-columns-block\">\n    <div class=\"column-first align-items-center\">\n                    <h3>Horarios d\u00eda de llegada Hamburgo \u2013 Torgelow am See<\/h3>\n<div class=\"theme-table-wrapper\" tabindex=\"0\"><table role=\"presentation\"  class=\"ce-table\">\n<tbody>\n<tr>\n<td>Hamburgo Dammtor\/Shell<\/td>\n<td>17:45 horas<\/td>\n<\/tr>\n<tr>\n<td>Autobahnrastst\u00e4tte Gudow<\/td>\n<td>18:30 Uhr<\/td>\n<\/tr>\n<tr>\n<td>Autobahnrastst\u00e4tte Stolpe<\/td>\n<td>19:15 horas<\/td>\n<\/tr>\n<tr>\n<td>Torgelow am See<\/td>\n<td>21:00 horas<\/td>\n<\/tr>\n<\/tbody>\n<\/table><\/div>\n                        <\/div>\n\n    <div class=\"column-second\">\n                    <h3>Horario del d\u00eda de llegada Berl\u00edn \u2013 Torgelow am See<\/h3>\n<div class=\"theme-table-wrapper\" tabindex=\"0\"><table role=\"presentation\"  class=\"ce-table\">\n<tbody>\n<tr>\n<td>HBF Europaplatz<\/td>\n<td>18:15 horas<\/td>\n<\/tr>\n<tr>\n<td>Bahnhof Zoo &#8211; Autobuses de turismo<\/td>\n<td>18.30 horas<\/td>\n<\/tr>\n<tr>\n<td>Rastst\u00e4tte Stolper Heide<\/td>\n<td>19:05 horas<\/td>\n<\/tr>\n<tr>\n<td>Rastst\u00e4tte Linumer Bruch<\/td>\n<td>19:30 horas<\/td>\n<\/tr>\n<tr>\n<td>Torgelow am See<\/td>\n<td>21:10 horas<\/td>\n<\/tr>\n<\/tbody>\n<\/table><\/div>\n                            <\/div>\n<\/div>\n\n<div  class=\" special-heading special-heading-h2\">\n    <h2 class=\"h2 custom-title\">Llegada y salida con Deutsche Bahn desde la estaci\u00f3n de tren de Waren (M\u00fcritz)<\/h2><\/div>\n\n<div  class=\"two-columns-block\">\n    <div class=\"column-first align-items-center\">\n                    <p>La pr\u00f3xima estaci\u00f3n de tren se encuentra en Waren. Desde all\u00ed hay conexiones directas con el IC a Rostock y Berl\u00edn. El Schloss Torgelow ofrece un servicio de autob\u00fas lanzadera a la estaci\u00f3n el viernes por la tarde.  <\/p>\n<p>Desde la estaci\u00f3n central de Berl\u00edn hay muy buenas conexiones de tren. El domingo por la noche, en Waren, hay taxis a tarifa especial disponibles para llevar a nuestros alumnos de regreso a Torgelow. <\/p>\n                        <\/div>\n\n    <div class=\"column-second\">\n                    <p>Deutsche Bahn ofrece una conexi\u00f3n directa o con transbordo (Berl\u00edn-Gesundbrunnen) al aeropuerto BER y hace paradas en la estaci\u00f3n del aeropuerto en el s\u00f3tano del mismo. El tiempo de viaje es de aproximadamente 1:55 horas y con el IC o el IC\/FEX son solo cinco estaciones hasta el BER. <\/p>\n<p>Esto permite a nuestros estudiantes aprovechar las buenas conexiones de vuelo a las metr\u00f3polis alemanas y al extranjero europeo.<\/p>\n                            <\/div>\n<\/div>\n","protected":false},"excerpt":{"rendered":"","protected":false},"author":1,"featured_media":0,"parent":0,"menu_order":0,"comment_status":"closed","ping_status":"closed","template":"","meta":{"_acf_changed":false,"footnotes":""},"class_list":["post-83714","page","type-page","status-publish"],"acf":[],"yoast_head":"<!-- This site is optimized with the Yoast SEO plugin v26.9 - https:\/\/yoast.com\/product\/yoast-seo-wordpress\/ -->\n<title>Llegada y salida para estudiantes - Schloss Torgelow<\/title>\n<meta name=\"description\" content=\"Los estudiantes pueden utilizar nuestros autobuses escolares a Berl\u00edn o Hamburgo para su llegada y salida, o el tren a trav\u00e9s de la estaci\u00f3n principal de Waren.\" \/>\n<meta name=\"robots\" content=\"index, follow, max-snippet:-1, max-image-preview:large, max-video-preview:-1\" \/>\n<link rel=\"canonical\" href=\"https:\/\/www.schlosstorgelow.de\/es\/llegada-y-salida-para-estudiantes\" \/>\n<meta property=\"og:locale\" content=\"es_ES\" \/>\n<meta property=\"og:type\" content=\"article\" \/>\n<meta property=\"og:title\" content=\"Llegada y salida para estudiantes - Schloss Torgelow\" \/>\n<meta property=\"og:description\" content=\"Los estudiantes pueden utilizar nuestros autobuses escolares a Berl\u00edn o Hamburgo para su llegada y salida, o el tren a trav\u00e9s de la estaci\u00f3n principal de Waren.\" \/>\n<meta property=\"og:url\" content=\"https:\/\/www.schlosstorgelow.de\/es\/llegada-y-salida-para-estudiantes\" \/>\n<meta property=\"og:site_name\" content=\"Schloss Torgelow\" \/>\n<meta property=\"article:modified_time\" content=\"2026-01-14T19:36:05+00:00\" \/>\n<meta name=\"twitter:card\" content=\"summary_large_image\" \/>\n<script type=\"application\/ld+json\" class=\"yoast-schema-graph\">{\"@context\":\"https:\/\/schema.org\",\"@graph\":[{\"@type\":\"WebPage\",\"@id\":\"https:\/\/www.schlosstorgelow.de\/es\/llegada-y-salida-para-estudiantes#webpage\",\"url\":\"https:\/\/www.schlosstorgelow.de\/es\/llegada-y-salida-para-estudiantes\",\"name\":\"Llegada y salida para estudiantes - Schloss Torgelow\",\"isPartOf\":{\"@id\":\"https:\/\/www.schlosstorgelow.de\/es#website\"},\"datePublished\":\"2025-10-20T05:51:37+00:00\",\"dateModified\":\"2026-01-14T19:36:05+00:00\",\"description\":\"Los estudiantes pueden utilizar nuestros autobuses escolares a Berl\u00edn o Hamburgo para su llegada y salida, o el tren a trav\u00e9s de la estaci\u00f3n principal de Waren.\",\"breadcrumb\":{\"@id\":\"https:\/\/www.schlosstorgelow.de\/es\/llegada-y-salida-para-estudiantes#breadcrumb\"},\"inLanguage\":\"es\",\"potentialAction\":[{\"@type\":\"ReadAction\",\"target\":[\"https:\/\/www.schlosstorgelow.de\/es\/llegada-y-salida-para-estudiantes\"]}]},{\"@type\":\"BreadcrumbList\",\"@id\":\"https:\/\/www.schlosstorgelow.de\/es\/llegada-y-salida-para-estudiantes#breadcrumb\",\"itemListElement\":[{\"@type\":\"ListItem\",\"position\":1,\"name\":\"Startseite\",\"item\":\"https:\/\/www.schlosstorgelow.de\/es\"},{\"@type\":\"ListItem\",\"position\":2,\"name\":\"Llegada y salida para estudiantes\"}]},{\"@type\":\"WebSite\",\"@id\":\"https:\/\/www.schlosstorgelow.de\/es#website\",\"url\":\"https:\/\/www.schlosstorgelow.de\/es\",\"name\":\"Schloss Torgelow\",\"description\":\"El internado privado Schloss Torgelow: el internado para alumnos que buscan un reto.\",\"potentialAction\":[{\"@type\":\"SearchAction\",\"target\":{\"@type\":\"EntryPoint\",\"urlTemplate\":\"https:\/\/www.schlosstorgelow.de\/es?s={search_term_string}\"},\"query-input\":{\"@type\":\"PropertyValueSpecification\",\"valueRequired\":true,\"valueName\":\"search_term_string\"}}],\"inLanguage\":\"es\"}]}<\/script>\n<!-- \/ Yoast SEO plugin. -->","yoast_head_json":{"title":"Llegada y salida para estudiantes - Schloss Torgelow","description":"Los estudiantes pueden utilizar nuestros autobuses escolares a Berl\u00edn o Hamburgo para su llegada y salida, o el tren a trav\u00e9s de la estaci\u00f3n principal de Waren.","robots":{"index":"index","follow":"follow","max-snippet":"max-snippet:-1","max-image-preview":"max-image-preview:large","max-video-preview":"max-video-preview:-1"},"canonical":"https:\/\/www.schlosstorgelow.de\/es\/llegada-y-salida-para-estudiantes","og_locale":"es_ES","og_type":"article","og_title":"Llegada y salida para estudiantes - Schloss Torgelow","og_description":"Los estudiantes pueden utilizar nuestros autobuses escolares a Berl\u00edn o Hamburgo para su llegada y salida, o el tren a trav\u00e9s de la estaci\u00f3n principal de Waren.","og_url":"https:\/\/www.schlosstorgelow.de\/es\/llegada-y-salida-para-estudiantes","og_site_name":"Schloss Torgelow","article_modified_time":"2026-01-14T19:36:05+00:00","twitter_card":"summary_large_image","schema":{"@context":"https:\/\/schema.org","@graph":[{"@type":"WebPage","@id":"https:\/\/www.schlosstorgelow.de\/es\/llegada-y-salida-para-estudiantes#webpage","url":"https:\/\/www.schlosstorgelow.de\/es\/llegada-y-salida-para-estudiantes","name":"Llegada y salida para estudiantes - Schloss Torgelow","isPartOf":{"@id":"https:\/\/www.schlosstorgelow.de\/es#website"},"datePublished":"2025-10-20T05:51:37+00:00","dateModified":"2026-01-14T19:36:05+00:00","description":"Los estudiantes pueden utilizar nuestros autobuses escolares a Berl\u00edn o Hamburgo para su llegada y salida, o el tren a trav\u00e9s de la estaci\u00f3n principal de Waren.","breadcrumb":{"@id":"https:\/\/www.schlosstorgelow.de\/es\/llegada-y-salida-para-estudiantes#breadcrumb"},"inLanguage":"es","potentialAction":[{"@type":"ReadAction","target":["https:\/\/www.schlosstorgelow.de\/es\/llegada-y-salida-para-estudiantes"]}]},{"@type":"BreadcrumbList","@id":"https:\/\/www.schlosstorgelow.de\/es\/llegada-y-salida-para-estudiantes#breadcrumb","itemListElement":[{"@type":"ListItem","position":1,"name":"Startseite","item":"https:\/\/www.schlosstorgelow.de\/es"},{"@type":"ListItem","position":2,"name":"Llegada y salida para estudiantes"}]},{"@type":"WebSite","@id":"https:\/\/www.schlosstorgelow.de\/es#website","url":"https:\/\/www.schlosstorgelow.de\/es","name":"Schloss Torgelow","description":"El internado privado Schloss Torgelow: el internado para alumnos que buscan un reto.","potentialAction":[{"@type":"SearchAction","target":{"@type":"EntryPoint","urlTemplate":"https:\/\/www.schlosstorgelow.de\/es?s={search_term_string}"},"query-input":{"@type":"PropertyValueSpecification","valueRequired":true,"valueName":"search_term_string"}}],"inLanguage":"es"}]}},"block_visibility_meta":[],"_links":{"self":[{"href":"https:\/\/www.schlosstorgelow.de\/es\/wp-json\/wp\/v2\/pages\/83714","targetHints":{"allow":["GET"]}}],"collection":[{"href":"https:\/\/www.schlosstorgelow.de\/es\/wp-json\/wp\/v2\/pages"}],"about":[{"href":"https:\/\/www.schlosstorgelow.de\/es\/wp-json\/wp\/v2\/types\/page"}],"author":[{"embeddable":true,"href":"https:\/\/www.schlosstorgelow.de\/es\/wp-json\/wp\/v2\/users\/1"}],"replies":[{"embeddable":true,"href":"https:\/\/www.schlosstorgelow.de\/es\/wp-json\/wp\/v2\/comments?post=83714"}],"version-history":[{"count":0,"href":"https:\/\/www.schlosstorgelow.de\/es\/wp-json\/wp\/v2\/pages\/83714\/revisions"}],"wp:attachment":[{"href":"https:\/\/www.schlosstorgelow.de\/es\/wp-json\/wp\/v2\/media?parent=83714"}],"curies":[{"name":"wp","href":"https:\/\/api.w.org\/{rel}","templated":true}]}}