{"id":83709,"date":"2025-10-20T05:46:08","date_gmt":"2025-10-20T05:46:08","guid":{"rendered":"https:\/\/www.schlosstorgelow.de\/direccion-ubicacion-y-acceso"},"modified":"2026-01-16T14:40:11","modified_gmt":"2026-01-16T14:40:11","slug":"direccion-ubicacion-y-acceso","status":"publish","type":"page","link":"https:\/\/www.schlosstorgelow.de\/es\/direccion-ubicacion-y-acceso","title":{"rendered":"Direcci\u00f3n, ubicaci\u00f3n y acceso"},"content":{"rendered":"\n<section     class=\"custom-theme-block page-header-section\">\n    <div class=\"container\">\n        <div class=\"row\">\n                                        <div class=\"col-12 col-lg-10 offset-lg-1\">\n                    <div class=\"image_wrapper\">\n                        \n<picture>\n            <source media=\"(max-width: 575.98px)\" srcset=\"https:\/\/www.schlosstorgelow.de\/wp-content\/uploads\/2025\/07\/Rectangle-30-2.avif 320w, https:\/\/www.schlosstorgelow.de\/wp-content\/uploads\/2025\/07\/Rectangle-30-2.avif 480w, https:\/\/www.schlosstorgelow.de\/wp-content\/uploads\/2025\/07\/Rectangle-30-2.avif 640w, https:\/\/www.schlosstorgelow.de\/wp-content\/uploads\/2025\/07\/Rectangle-30-2.avif 950w\" sizes=\"calc(100vw - 32px)\" type=\"image\/avif\">\n    \n            <source srcset=\"https:\/\/www.schlosstorgelow.de\/wp-content\/uploads\/2025\/07\/Rectangle-30-2.avif 320w, https:\/\/www.schlosstorgelow.de\/wp-content\/uploads\/2025\/07\/Rectangle-30-2.avif 480w, https:\/\/www.schlosstorgelow.de\/wp-content\/uploads\/2025\/07\/Rectangle-30-2.avif 640w, https:\/\/www.schlosstorgelow.de\/wp-content\/uploads\/2025\/07\/Rectangle-30-2.avif 720w, https:\/\/www.schlosstorgelow.de\/wp-content\/uploads\/2025\/07\/Rectangle-30-2.avif 950w\" sizes=\"(min-width: 1710px) 1680px, (min-width: 1200px) 1140px, (min-width: 992px) 960px, (min-width: 768px) 720px, (min-width: 576px) 540px, calc(100vw - 32px)\" type=\"image\/avif\">\n    \n    \n    <img src=\"https:\/\/www.schlosstorgelow.de\/wp-content\/uploads\/2025\/07\/Rectangle-30-2.avif\"\n         srcset=\"https:\/\/www.schlosstorgelow.de\/wp-content\/uploads\/2025\/07\/Rectangle-30-2.avif 320w, https:\/\/www.schlosstorgelow.de\/wp-content\/uploads\/2025\/07\/Rectangle-30-2.avif 480w, https:\/\/www.schlosstorgelow.de\/wp-content\/uploads\/2025\/07\/Rectangle-30-2.avif 640w, https:\/\/www.schlosstorgelow.de\/wp-content\/uploads\/2025\/07\/Rectangle-30-2.avif 720w, https:\/\/www.schlosstorgelow.de\/wp-content\/uploads\/2025\/07\/Rectangle-30-2.avif 950w\"         sizes=\"(min-width: 1710px) 1680px, (min-width: 1200px) 1140px, (min-width: 992px) 960px, (min-width: 768px) 720px, (min-width: 576px) 540px, calc(100vw - 32px)\"         alt=\"Folleto de escuela e internado\"\n         title=\"Folleto de la escuela y del internado\"\n         width=\"950\"\n         height=\"538\"\n          loading=\"eager\" fetchpriority=\"high\" decoding=\"async\">\n<\/picture>\n                    <\/div>\n                <\/div>\n                    <\/div>\n    <\/div>\n            <div class=\"container\">\n            <div class=\"row\">\n                <div class=\"col-12 col-lg-6 offset-lg-6 col-xxl-4 offset-xxl-7 headlines\">\n                                            <p class=\"h4\">Schloss Torgelow: Sobre nosotros<\/p>\n                                                                <h1 class=\"h2\">Direcci\u00f3n y ubicaci\u00f3n<\/h1>\n                                    <\/div>\n            <\/div>\n        <\/div>\n                <div class=\"container\">\n            <div class=\"row\">\n                <div class=\"col-12 col-lg-10 offset-lg-1\">\n                    <div class=\"breadcrumbs\" itemscope itemtype=\"https:\/\/schema.org\/BreadcrumbList\">\n                        <span class=\"breadcrumbs__item\" itemprop=\"itemListElement\" itemscope itemtype=\"https:\/\/schema.org\/ListItem\">\n                            <a itemprop=\"item\" href=\"https:\/\/www.schlosstorgelow.de\/es\">\n                                <span itemprop=\"name\">Schloss Torgelow: internado y colegio<\/span>\n                            <\/a>\n                            <meta itemprop=\"position\" content=\"1\" \/>\n                        <\/span>  \n                        <svg class=\"icon default-pagination-arrow \" role=\"presentation\"><use href=\"#default-pagination-arrow\"><\/use><\/svg>                                                            <span class=\"breadcrumbs__item\" itemprop=\"itemListElement\" itemscope itemtype=\"https:\/\/schema.org\/ListItem\">\n                                    <a itemprop=\"item\" href=\"https:\/\/www.schlosstorgelow.de\/es\/familia-de-aportacion-y-direccion\">\n                                        <span itemprop=\"name\">\n                                            Schloss Torgelow: Sobre nosotros                                        <\/span>\n                                        <meta itemprop=\"position\" content=\"2\" \/>\n                                    <\/a>\n                                <\/span>\n                                                                            <svg class=\"icon default-pagination-arrow \" role=\"presentation\"><use href=\"#default-pagination-arrow\"><\/use><\/svg>                        <span class=\"breadcrumbs__item\" itemprop=\"itemListElement\" itemscope itemtype=\"https:\/\/schema.org\/ListItem\">\n                            <a itemprop=\"item\" href=\"https:\/\/www.schlosstorgelow.de\/es\/direccion-ubicacion-y-acceso\" class=\"breadcrumbs__current\">\n                                <span itemprop=\"name\">\n                                                                            Direcci\u00f3n y ubicaci\u00f3n \n                                                                    <\/span>\n                                <meta itemprop=\"position\" content=\"3\" \/>\n                            <\/a>\n                            <meta itemprop=\"position\" content=\"2\" \/>\n                        <\/span>\n                    <\/div>\n                <\/div>\n            <\/div>\n        <\/div>\n    <\/section>\n\n\n<div  class=\" special-heading special-heading-h2 custom-theme-block\">\n    <h2 class=\"h2 custom-title\">Ubicaci\u00f3n y acceso<\/h2><\/div>\n\n\n\n<section  class=\"custom-theme-block map-location\">\n    <div class=\"container\">\n        <div class=\"row\">\n            <div class=\"col-12 col-lg-6 col-xl-5\">\n                                    <a class=\"map-location__image\" href=\"https:\/\/www.google.com\/maps\/place\/Schloss+Torgelow+Privates+Internatsgymnasium+Helge+Lehmann+KG\/@53.5610875,12.7733415,925m\/data=!3m3!1e3!4b1!5s0x47abf9f132cf7d7b:0xc914ea418e2a4b9d!4m6!3m5!1s0x47abf9f1330c6ef3:0x5ee654d0aaf98533!8m2!3d53.5610843!4d12.7759164!16s%2Fg%2F122qm6nq?entry=ttu&amp;g_ep=EgoyMDI1MDcyMi4wIKXMDSoASAFQAw%3D%3D\" target='_blank'>\n                        \n    <img src=\"https:\/\/www.schlosstorgelow.de\/wp-content\/uploads\/2025\/07\/map-internat-schloss-torgelow.svg\"\n         alt=\"Mapa con el castillo de Torgelow\"\n         title=\"Mapa con el castillo de Torgelow\"\n         width=\"569\"\n         height=\"569\"\n          loading=\"lazy\" decoding=\"async\">\n                    <\/a>\n                \n            <\/div>\n            <div class=\"col-lg-6 offset-xl-1\">\n                <div class=\"content_wrapper d-flex flex-column justify-content-center align-items-center align-items-lg-start\">\n                                            <div class=\"h2\">\n                            Nuestra ubicaci\u00f3n en el M\u00fcritz en el distrito de Mecklenburgische Seenplatte.                        <\/div>\n                                                                <p>El Schloss Torgelow se encuentra en la comunidad de 500 habitantes de Torgelow am See, cerca de Waren en el M\u00fcritz (las coordenadas GPS son latitud: 53.5667\u00b0 y longitud: 12.7833\u00b0) y <strong>no en la ciudad de Torgelow<\/strong> en el distrito de Vorpommern.<\/p>\n<p>Nuestras alumnas y alumnos que desean ir a casa el fin de semana son trasladados con el autob\u00fas escolar, el ferrocarril alem\u00e1n y la Lufthansa alemana cerca de su lugar de residencia. De esta manera, los padres pueden evitar largas y estresantes traves\u00edas en coche durante el tr\u00e1fico del fin de semana y saben que sus hijos est\u00e1n en buenas manos. <\/p>\n                                                                <a href=\"https:\/\/www.google.com\/maps\/place\/Schloss+Torgelow+Privates+Internatsgymnasium+Helge+Lehmann+KG\/@53.5610875,12.7733415,925m\/data=!3m3!1e3!4b1!5s0x47abf9f132cf7d7b:0xc914ea418e2a4b9d!4m6!3m5!1s0x47abf9f1330c6ef3:0x5ee654d0aaf98533!8m2!3d53.5610843!4d12.7759164!16s%2Fg%2F122qm6nq?entry=ttu&amp;g_ep=EgoyMDI1MDcyMi4wIKXMDSoASAFQAw%3D%3D\" class=\"btn btn-alternative\" target='_blank'>\n                            Abrir ahora en Google Maps                        <\/a>\n                                    <\/div>\n            <\/div>\n        <\/div>\n    <\/div>\n<\/section>\n\n\n\n<div     class=\"illustration-block mobile-hide\"\n     style=\"--icon-width: 50%; --icon-height: 175px; --icon-moving-left: -34%;\">\n    <div class=\"illustration-block__icon lightBlue position-down  \">\n        <svg class=\"icon default-location \" role=\"presentation\"><use href=\"#default-location\"><\/use><\/svg>    <\/div>\n<\/div>\n\n\n<div  class=\"two-columns-block\">\n    <div class=\"column-first align-items-center\">\n                    <h3>Direcci\u00f3n<\/h3>\n<p>Schloss Torgelow<br \/>\ninternado privado, colegio de secundaria reconocido por el estado<br \/>\nHelge Lehmann KG<\/p>\n<p>Schloss 1<br \/>\n17192 Torgelow am See<\/p>\n<p>Tel\u00e9fono: <a href=\"tel:+4939916240\">03991\/624-0<\/a><\/p>\n<p><a href=\"mailto:elternberatung@schlosstorgelow.de\">elternberatung@schlosstorgelow.de<\/a><\/p>\n                        <\/div>\n\n    <div class=\"column-second\">\n                    <p><strong>GPS<\/strong><\/p>\n<p>Latitud: 53.5667\u00b0<br \/>\nLongitud: 12.7833\u00b0<\/p>\n<p><strong>Aviso importante para proveedores<\/strong><\/p>\n<p>El Schloss Torgelow se encuentra en la comunidad de 500 habitantes de Torgelow am See cerca de Waren en la M\u00fcritz y no en la ciudad de Torgelow en el distrito de Uecker-Randow.<\/p>\n                            <\/div>\n<\/div>\n\n\n\n<figure class=\"wp-block-image size-full\"><img loading=\"lazy\" decoding=\"async\" width=\"1920\" height=\"1080\" src=\"https:\/\/www.schlosstorgelow.de\/wp-content\/uploads\/2025\/07\/drachenboot-schloss-torgelow.avif\" alt=\"Proyecto de bote drag\u00f3n\" class=\"wp-image-45543\" srcset=\"https:\/\/www.schlosstorgelow.de\/wp-content\/uploads\/2025\/07\/drachenboot-schloss-torgelow.avif 1920w, https:\/\/www.schlosstorgelow.de\/wp-content\/uploads\/2025\/07\/drachenboot-schloss-torgelow-300x169.avif 300w, https:\/\/www.schlosstorgelow.de\/wp-content\/uploads\/2025\/07\/drachenboot-schloss-torgelow-1440x810.avif 1440w, https:\/\/www.schlosstorgelow.de\/wp-content\/uploads\/2025\/07\/drachenboot-schloss-torgelow-1080x608.avif 1080w, https:\/\/www.schlosstorgelow.de\/wp-content\/uploads\/2025\/07\/drachenboot-schloss-torgelow-720x405.avif 720w, https:\/\/www.schlosstorgelow.de\/wp-content\/uploads\/2025\/07\/drachenboot-schloss-torgelow-480x270.avif 480w, https:\/\/www.schlosstorgelow.de\/wp-content\/uploads\/2025\/07\/drachenboot-schloss-torgelow-960x540.avif 960w, https:\/\/www.schlosstorgelow.de\/wp-content\/uploads\/2025\/07\/drachenboot-schloss-torgelow-320x180.avif 320w, https:\/\/www.schlosstorgelow.de\/wp-content\/uploads\/2025\/07\/drachenboot-schloss-torgelow-640x360.avif 640w, https:\/\/www.schlosstorgelow.de\/wp-content\/uploads\/2025\/07\/drachenboot-schloss-torgelow-1140x641.avif 1140w, https:\/\/www.schlosstorgelow.de\/wp-content\/uploads\/2025\/07\/drachenboot-schloss-torgelow-540x304.avif 540w, https:\/\/www.schlosstorgelow.de\/wp-content\/uploads\/2025\/07\/drachenboot-schloss-torgelow-214x120.avif 214w, https:\/\/www.schlosstorgelow.de\/wp-content\/uploads\/2025\/07\/drachenboot-schloss-torgelow-428x241.avif 428w\" sizes=\"auto, (max-width: 1920px) 100vw, 1920px\" \/><\/figure>\n\n\n\n<div     class=\"illustration-block mobile-hide\"\n     style=\"--icon-width: 50%; --icon-height: 175px; --icon-moving-left: -34%;\">\n    <div class=\"illustration-block__icon lightBlue position-down  \">\n        <svg class=\"icon default-projects-icon \" role=\"presentation\"><use href=\"#default-projects-icon\"><\/use><\/svg>    <\/div>\n<\/div>\n\n\n<div  class=\"two-columns-block\">\n    <div class=\"column-first align-items-center\">\n                    <h3>Su camino hacia nosotros \u2013 Acceso<\/h3>\n<p>El Schloss Torgelow da la bienvenida a estudiantes de toda Alemania, Europa y el mundo. As\u00ed es como puede llegar a nosotros en coche:<\/p>\n<p><strong>Desde el oeste (Hamburgo):<\/strong><\/p>\n<p>Conduzca por la A 24 en direcci\u00f3n a Berl\u00edn hasta el cruce de autopistas Wittstock\/Dosse. All\u00ed, cambie a la A 19 en direcci\u00f3n a Rostock. Salga de la autopista en la salida Waren (# 17).<\/p>\n<p><strong>Desde el sur (Berl\u00edn):<\/strong><\/p>\n<p>Conduzca por la A 24 en direcci\u00f3n a Hamburgo hasta el cruce de autov\u00edas de Wittstock\/Doss. All\u00ed, cambie a la A 19 en direcci\u00f3n a Rostock. Salga de la autov\u00eda en la salida Waren (# 17).<\/p>\n<p><strong>Desde el este (Neubrandenburg):<\/strong><\/p>\n<p>Conduzca por la carretera federal en direcci\u00f3n a Waren. Aproximadamente a 5 km antes de Waren, gire a la derecha en el pueblo de Schloen en direcci\u00f3n a Torgelow am See. En el municipio, la entrada se encuentra al final del paso por el pueblo a la derecha.<\/p>\n<p><strong>Desde el norte (Rostock):<\/strong><\/p>\n<p>Tome la A 19 en direcci\u00f3n a Berl\u00edn hasta la salida Waren (# 17).<\/p>\n                            <div class=\"download-section__groups\">\n                                            <div class=\"download-section__group\">\n                                                        <div class=\"download-section__items --hide-line\">\n                                                                                                        <a href=\"https:\/\/www.schlosstorgelow.de\/wp-content\/uploads\/2025\/09\/Anfahrt-Schloss-Torgelow.pdf\" class=\"download-section__item\" download>\n                                        <span class=\"download-section__icon\"><svg class=\"icon default-download \" role=\"presentation\"><use href=\"#default-download\"><\/use><\/svg><\/span>\n                                        PDF: El camino hacia el Schloss Torgelow (130 KB)\n                                    <\/a>\n                                                            <\/div>\n                        <\/div>\n                                    <\/div>\n                        <\/div>\n\n    <div class=\"column-second\">\n                    <p><strong>Salida de Waren:<\/strong><\/p>\n<p>Conduzca por la B 192 hacia Waren. Pase Waren en direcci\u00f3n a Neubrandenburg\/Neustrelitz. Poco despu\u00e9s de pasar por debajo de un puente, abandone la B 192 a la izquierda en direcci\u00f3n a Malchin\/ Gro\u00df Gievitz. Aproximadamente 2 km despu\u00e9s de salir del pueblo, gire a la derecha en direcci\u00f3n a Torgelow. Siga las se\u00f1ales hacia \u00abSchloss Torgelow\u00bb.    <\/p>\n<p><strong>Importante:<\/strong><\/p>\n<p>El Schloss Torgelow se encuentra en la peque\u00f1a <strong>comunidad de Torgelow am See,<\/strong> cerca de Waren en el M\u00fcritz. Por favor, aseg\u00farese de <strong>no<\/strong> ingresar accidentalmente la ciudad de Torgelow en el sistema de navegaci\u00f3n. Esta se encuentra a unos 100 km de distancia, en la frontera polaca.  <\/p>\n<p><strong>Controles de radar:<\/strong><\/p>\n<p>Por favor, tenga en cuenta las limitaciones de velocidad al salir de la autopista, ya que en la ruta hay tres controles de radar fijos.<\/p>\n<div class=\"theme-table-wrapper\" tabindex=\"0\"><table role=\"presentation\"  class=\"contenttable\" cellspacing=\"0\" cellpadding=\"0\">\n<tbody>\n<tr>\n<td colspan=\"2\" rowspan=\"1\">Pr\u00f3ximo aeropuerto de transporte:\n<\/td>\n<td colspan=\"2\" rowspan=\"1\">Berlin Brandenburg International (BER)<\/td>\n<\/tr>\n<tr>\n<td colspan=\"2\" rowspan=\"1\">Pr\u00f3ximo aeropuerto deportivo:<\/td>\n<td colspan=\"2\" rowspan=\"1\">Vielist<\/td>\n<\/tr>\n<tr>\n<td colspan=\"2\" rowspan=\"1\">Pr\u00f3xima estaci\u00f3n:<\/td>\n<td colspan=\"2\" rowspan=\"1\">Waren an der M\u00fcritz<\/td>\n<\/tr>\n<\/tbody>\n<\/table><\/div>\n                            <\/div>\n<\/div>\n","protected":false},"excerpt":{"rendered":"","protected":false},"author":1,"featured_media":0,"parent":0,"menu_order":0,"comment_status":"closed","ping_status":"closed","template":"","meta":{"_acf_changed":false,"footnotes":""},"class_list":["post-83709","page","type-page","status-publish"],"acf":[],"yoast_head":"<!-- This site is optimized with the Yoast SEO plugin v26.9 - https:\/\/yoast.com\/product\/yoast-seo-wordpress\/ -->\n<title>Direcci\u00f3n, ubicaci\u00f3n y acceso - Schloss Torgelow<\/title>\n<meta name=\"description\" content=\"As\u00ed es como puede llegar al internado Schloss Torgelow: toda la informaci\u00f3n sobre la direcci\u00f3n, ubicaci\u00f3n y c\u00f3mo llegar en coche.\" \/>\n<meta name=\"robots\" content=\"index, follow, max-snippet:-1, max-image-preview:large, max-video-preview:-1\" \/>\n<link rel=\"canonical\" href=\"https:\/\/www.schlosstorgelow.de\/es\/direccion-ubicacion-y-acceso\" \/>\n<meta property=\"og:locale\" content=\"es_ES\" \/>\n<meta property=\"og:type\" content=\"article\" \/>\n<meta property=\"og:title\" content=\"Direcci\u00f3n, ubicaci\u00f3n y acceso - Schloss Torgelow\" \/>\n<meta property=\"og:description\" content=\"As\u00ed es como puede llegar al internado Schloss Torgelow: toda la informaci\u00f3n sobre la direcci\u00f3n, ubicaci\u00f3n y c\u00f3mo llegar en coche.\" \/>\n<meta property=\"og:url\" content=\"https:\/\/www.schlosstorgelow.de\/es\/direccion-ubicacion-y-acceso\" \/>\n<meta property=\"og:site_name\" content=\"Schloss Torgelow\" \/>\n<meta property=\"article:modified_time\" content=\"2026-01-16T14:40:11+00:00\" \/>\n<meta name=\"twitter:card\" content=\"summary_large_image\" \/>\n<meta name=\"twitter:label1\" content=\"Tiempo de lectura\" \/>\n\t<meta name=\"twitter:data1\" content=\"3 minutos\" \/>\n<script type=\"application\/ld+json\" class=\"yoast-schema-graph\">{\"@context\":\"https:\/\/schema.org\",\"@graph\":[{\"@type\":\"WebPage\",\"@id\":\"https:\/\/www.schlosstorgelow.de\/es\/direccion-ubicacion-y-acceso#webpage\",\"url\":\"https:\/\/www.schlosstorgelow.de\/es\/direccion-ubicacion-y-acceso\",\"name\":\"Direcci\u00f3n, ubicaci\u00f3n y acceso - Schloss Torgelow\",\"isPartOf\":{\"@id\":\"https:\/\/www.schlosstorgelow.de\/es#website\"},\"primaryImageOfPage\":{\"@id\":\"https:\/\/www.schlosstorgelow.de\/es\/direccion-ubicacion-y-acceso#primaryimage\"},\"image\":{\"@id\":\"https:\/\/www.schlosstorgelow.de\/es\/direccion-ubicacion-y-acceso#primaryimage\"},\"thumbnailUrl\":\"https:\/\/www.schlosstorgelow.de\/wp-content\/uploads\/2025\/07\/drachenboot-schloss-torgelow.avif\",\"datePublished\":\"2025-10-20T05:46:08+00:00\",\"dateModified\":\"2026-01-16T14:40:11+00:00\",\"description\":\"As\u00ed es como puede llegar al internado Schloss Torgelow: toda la informaci\u00f3n sobre la direcci\u00f3n, ubicaci\u00f3n y c\u00f3mo llegar en coche.\",\"breadcrumb\":{\"@id\":\"https:\/\/www.schlosstorgelow.de\/es\/direccion-ubicacion-y-acceso#breadcrumb\"},\"inLanguage\":\"es\",\"potentialAction\":[{\"@type\":\"ReadAction\",\"target\":[\"https:\/\/www.schlosstorgelow.de\/es\/direccion-ubicacion-y-acceso\"]}]},{\"@type\":\"ImageObject\",\"inLanguage\":\"es\",\"@id\":\"https:\/\/www.schlosstorgelow.de\/es\/direccion-ubicacion-y-acceso#primaryimage\",\"url\":\"https:\/\/www.schlosstorgelow.de\/wp-content\/uploads\/2025\/07\/drachenboot-schloss-torgelow.avif\",\"contentUrl\":\"https:\/\/www.schlosstorgelow.de\/wp-content\/uploads\/2025\/07\/drachenboot-schloss-torgelow.avif\"},{\"@type\":\"BreadcrumbList\",\"@id\":\"https:\/\/www.schlosstorgelow.de\/es\/direccion-ubicacion-y-acceso#breadcrumb\",\"itemListElement\":[{\"@type\":\"ListItem\",\"position\":1,\"name\":\"Startseite\",\"item\":\"https:\/\/www.schlosstorgelow.de\/es\"},{\"@type\":\"ListItem\",\"position\":2,\"name\":\"Direcci\u00f3n, ubicaci\u00f3n y acceso\"}]},{\"@type\":\"WebSite\",\"@id\":\"https:\/\/www.schlosstorgelow.de\/es#website\",\"url\":\"https:\/\/www.schlosstorgelow.de\/es\",\"name\":\"Schloss Torgelow\",\"description\":\"El internado privado Schloss Torgelow: el internado para alumnos que buscan un reto.\",\"potentialAction\":[{\"@type\":\"SearchAction\",\"target\":{\"@type\":\"EntryPoint\",\"urlTemplate\":\"https:\/\/www.schlosstorgelow.de\/es?s={search_term_string}\"},\"query-input\":{\"@type\":\"PropertyValueSpecification\",\"valueRequired\":true,\"valueName\":\"search_term_string\"}}],\"inLanguage\":\"es\"}]}<\/script>\n<!-- \/ Yoast SEO plugin. -->","yoast_head_json":{"title":"Direcci\u00f3n, ubicaci\u00f3n y acceso - Schloss Torgelow","description":"As\u00ed es como puede llegar al internado Schloss Torgelow: toda la informaci\u00f3n sobre la direcci\u00f3n, ubicaci\u00f3n y c\u00f3mo llegar en coche.","robots":{"index":"index","follow":"follow","max-snippet":"max-snippet:-1","max-image-preview":"max-image-preview:large","max-video-preview":"max-video-preview:-1"},"canonical":"https:\/\/www.schlosstorgelow.de\/es\/direccion-ubicacion-y-acceso","og_locale":"es_ES","og_type":"article","og_title":"Direcci\u00f3n, ubicaci\u00f3n y acceso - Schloss Torgelow","og_description":"As\u00ed es como puede llegar al internado Schloss Torgelow: toda la informaci\u00f3n sobre la direcci\u00f3n, ubicaci\u00f3n y c\u00f3mo llegar en coche.","og_url":"https:\/\/www.schlosstorgelow.de\/es\/direccion-ubicacion-y-acceso","og_site_name":"Schloss Torgelow","article_modified_time":"2026-01-16T14:40:11+00:00","twitter_card":"summary_large_image","twitter_misc":{"Tiempo de lectura":"3 minutos"},"schema":{"@context":"https:\/\/schema.org","@graph":[{"@type":"WebPage","@id":"https:\/\/www.schlosstorgelow.de\/es\/direccion-ubicacion-y-acceso#webpage","url":"https:\/\/www.schlosstorgelow.de\/es\/direccion-ubicacion-y-acceso","name":"Direcci\u00f3n, ubicaci\u00f3n y acceso - Schloss Torgelow","isPartOf":{"@id":"https:\/\/www.schlosstorgelow.de\/es#website"},"primaryImageOfPage":{"@id":"https:\/\/www.schlosstorgelow.de\/es\/direccion-ubicacion-y-acceso#primaryimage"},"image":{"@id":"https:\/\/www.schlosstorgelow.de\/es\/direccion-ubicacion-y-acceso#primaryimage"},"thumbnailUrl":"https:\/\/www.schlosstorgelow.de\/wp-content\/uploads\/2025\/07\/drachenboot-schloss-torgelow.avif","datePublished":"2025-10-20T05:46:08+00:00","dateModified":"2026-01-16T14:40:11+00:00","description":"As\u00ed es como puede llegar al internado Schloss Torgelow: toda la informaci\u00f3n sobre la direcci\u00f3n, ubicaci\u00f3n y c\u00f3mo llegar en coche.","breadcrumb":{"@id":"https:\/\/www.schlosstorgelow.de\/es\/direccion-ubicacion-y-acceso#breadcrumb"},"inLanguage":"es","potentialAction":[{"@type":"ReadAction","target":["https:\/\/www.schlosstorgelow.de\/es\/direccion-ubicacion-y-acceso"]}]},{"@type":"ImageObject","inLanguage":"es","@id":"https:\/\/www.schlosstorgelow.de\/es\/direccion-ubicacion-y-acceso#primaryimage","url":"https:\/\/www.schlosstorgelow.de\/wp-content\/uploads\/2025\/07\/drachenboot-schloss-torgelow.avif","contentUrl":"https:\/\/www.schlosstorgelow.de\/wp-content\/uploads\/2025\/07\/drachenboot-schloss-torgelow.avif"},{"@type":"BreadcrumbList","@id":"https:\/\/www.schlosstorgelow.de\/es\/direccion-ubicacion-y-acceso#breadcrumb","itemListElement":[{"@type":"ListItem","position":1,"name":"Startseite","item":"https:\/\/www.schlosstorgelow.de\/es"},{"@type":"ListItem","position":2,"name":"Direcci\u00f3n, ubicaci\u00f3n y acceso"}]},{"@type":"WebSite","@id":"https:\/\/www.schlosstorgelow.de\/es#website","url":"https:\/\/www.schlosstorgelow.de\/es","name":"Schloss Torgelow","description":"El internado privado Schloss Torgelow: el internado para alumnos que buscan un reto.","potentialAction":[{"@type":"SearchAction","target":{"@type":"EntryPoint","urlTemplate":"https:\/\/www.schlosstorgelow.de\/es?s={search_term_string}"},"query-input":{"@type":"PropertyValueSpecification","valueRequired":true,"valueName":"search_term_string"}}],"inLanguage":"es"}]}},"block_visibility_meta":[],"_links":{"self":[{"href":"https:\/\/www.schlosstorgelow.de\/es\/wp-json\/wp\/v2\/pages\/83709","targetHints":{"allow":["GET"]}}],"collection":[{"href":"https:\/\/www.schlosstorgelow.de\/es\/wp-json\/wp\/v2\/pages"}],"about":[{"href":"https:\/\/www.schlosstorgelow.de\/es\/wp-json\/wp\/v2\/types\/page"}],"author":[{"embeddable":true,"href":"https:\/\/www.schlosstorgelow.de\/es\/wp-json\/wp\/v2\/users\/1"}],"replies":[{"embeddable":true,"href":"https:\/\/www.schlosstorgelow.de\/es\/wp-json\/wp\/v2\/comments?post=83709"}],"version-history":[{"count":0,"href":"https:\/\/www.schlosstorgelow.de\/es\/wp-json\/wp\/v2\/pages\/83709\/revisions"}],"wp:attachment":[{"href":"https:\/\/www.schlosstorgelow.de\/es\/wp-json\/wp\/v2\/media?parent=83709"}],"curies":[{"name":"wp","href":"https:\/\/api.w.org\/{rel}","templated":true}]}}