{"id":81444,"date":"2018-05-22T14:46:17","date_gmt":"2018-05-22T12:46:17","guid":{"rendered":"https:\/\/www.schlosstorgelow.de\/imprint"},"modified":"2026-01-22T14:56:06","modified_gmt":"2026-01-22T14:56:06","slug":"legal-notice","status":"publish","type":"page","link":"https:\/\/www.schlosstorgelow.de\/en\/legal-notice","title":{"rendered":"Legal Notice"},"content":{"rendered":"\n<h1 class=\"wp-block-heading\">Legal Notice<\/h1>\n\n<div  class=\"two-columns-block\">\n    <div class=\"column-first align-items-center\">\n                    <h2>Verantwortlicher Webmaster<\/h2>\n<p>Schloss Torgelow privates Internatsgymnasium<br \/>\nHelge Lehmann KG<br \/>\nHandelsregister Neubrandenburg HRA 566<br \/>\nvertreten durch den Komplement\u00e4r<br \/>\nMario Lehmann, 17192 Torgelow am See<br \/>\nTelefon: 03991\/624-0<br \/>\nE-Mail: m.lehmann@schlosstorgelow.de<\/p>\n<h3>Copyright<\/h3>\n<p>Die auf diesen Internetseiten enthaltenen Inhalte sind urheberrechtlich gesch\u00fctzt. Das Herunterladen s\u00e4mtlicher Inhalte ist ausschlie\u00dflich zu nicht kommerziellen Zwecken nach vorheriger Genehmigung durch die Gesch\u00e4ftsf\u00fchrung gestattet. <\/p>\n<h3>Gew\u00e4hrleistung<\/h3>\n<p>Die Texte auf unseren Internetseiten werden mit gr\u00f6\u00dfter Sorgfalt erstellt. Schloss Torgelow \u00fcbernimmt keine Gew\u00e4hr f\u00fcr ihre Vollst\u00e4ndigkeit. \u00c4nderungen sind vorbehalten.  <\/p>\n<h3>Links<\/h3>\n<p>Links auf andere Internetseiten haben lediglich informativen Charakter. Schloss Torgelow \u00fcbernimmt keine Haftung f\u00fcr deren Inhalt oder Rechtm\u00e4\u00dfigkeit. <\/p>\n                        <\/div>\n\n    <div class=\"column-second\">\n                    <h3>Fotografien<\/h3>\n<p>Nikola Kuzmani\u0107, Berlin<br \/>\nVolker Bruhn, Torgelow am See<br \/>\nOle Steindorf, Waren<br \/>\nPhilipp Pechta, Neustrelitz<\/p>\n<h3>Design (UI\/UX, Illustrationen, Icons &amp; Kartendesign) &amp; Website-Entwicklung<\/h3>\n<p><a href=\"https:\/\/4eck-media.de\/\">Agentur f\u00fcr Webdesign &amp; WordPress-Entwicklung<\/a><br \/>\n4eck Media GmbH &amp; Co. KG<br \/>\nPapenbergstr. 43<br \/>\n17192 Waren (M\u00fcritz) <\/p>\n                            <\/div>\n<\/div>\n\n<h2 class=\"wp-block-heading\"><\/h2>\n","protected":false},"excerpt":{"rendered":"<p>Legal Notice<\/p>\n","protected":false},"author":1,"featured_media":0,"parent":0,"menu_order":0,"comment_status":"closed","ping_status":"closed","template":"","meta":{"_acf_changed":false,"footnotes":""},"class_list":["post-81444","page","type-page","status-publish"],"acf":[],"yoast_head":"<!-- This site is optimized with the Yoast SEO plugin v26.9 - https:\/\/yoast.com\/product\/yoast-seo-wordpress\/ -->\n<title>Legal Notice - Schloss Torgelow<\/title>\n<meta name=\"robots\" content=\"noindex, nofollow\" \/>\n<meta property=\"og:locale\" content=\"en_US\" \/>\n<meta property=\"og:type\" content=\"article\" \/>\n<meta property=\"og:title\" content=\"Legal Notice - Schloss Torgelow\" \/>\n<meta property=\"og:description\" content=\"Legal Notice\" \/>\n<meta property=\"og:url\" content=\"https:\/\/www.schlosstorgelow.de\/en\/legal-notice\" \/>\n<meta property=\"og:site_name\" content=\"Schloss Torgelow\" \/>\n<meta property=\"article:modified_time\" content=\"2026-01-22T14:56:06+00:00\" \/>\n<meta name=\"twitter:card\" content=\"summary_large_image\" \/>\n<script type=\"application\/ld+json\" class=\"yoast-schema-graph\">{\"@context\":\"https:\/\/schema.org\",\"@graph\":[{\"@type\":\"WebPage\",\"@id\":\"https:\/\/www.schlosstorgelow.de\/en\/legal-notice#webpage\",\"url\":\"https:\/\/www.schlosstorgelow.de\/en\/legal-notice\",\"name\":\"Legal Notice - Schloss Torgelow\",\"isPartOf\":{\"@id\":\"https:\/\/www.schlosstorgelow.de\/en#website\"},\"datePublished\":\"2018-05-22T12:46:17+00:00\",\"dateModified\":\"2026-01-22T14:56:06+00:00\",\"breadcrumb\":{\"@id\":\"https:\/\/www.schlosstorgelow.de\/en\/legal-notice#breadcrumb\"},\"inLanguage\":\"en-US\",\"potentialAction\":[{\"@type\":\"ReadAction\",\"target\":[\"https:\/\/www.schlosstorgelow.de\/en\/legal-notice\"]}]},{\"@type\":\"BreadcrumbList\",\"@id\":\"https:\/\/www.schlosstorgelow.de\/en\/legal-notice#breadcrumb\",\"itemListElement\":[{\"@type\":\"ListItem\",\"position\":1,\"name\":\"Startseite\",\"item\":\"https:\/\/www.schlosstorgelow.de\/en\"},{\"@type\":\"ListItem\",\"position\":2,\"name\":\"Legal Notice\"}]},{\"@type\":\"WebSite\",\"@id\":\"https:\/\/www.schlosstorgelow.de\/en#website\",\"url\":\"https:\/\/www.schlosstorgelow.de\/en\",\"name\":\"Schloss Torgelow\",\"description\":\"Schloss Torgelow Private Boarding School \u2013 the boarding school for students seeking a challenge.\",\"potentialAction\":[{\"@type\":\"SearchAction\",\"target\":{\"@type\":\"EntryPoint\",\"urlTemplate\":\"https:\/\/www.schlosstorgelow.de\/en?s={search_term_string}\"},\"query-input\":{\"@type\":\"PropertyValueSpecification\",\"valueRequired\":true,\"valueName\":\"search_term_string\"}}],\"inLanguage\":\"en-US\"}]}<\/script>\n<!-- \/ Yoast SEO plugin. -->","yoast_head_json":{"title":"Legal Notice - Schloss Torgelow","robots":{"index":"noindex","follow":"nofollow"},"og_locale":"en_US","og_type":"article","og_title":"Legal Notice - Schloss Torgelow","og_description":"Legal Notice","og_url":"https:\/\/www.schlosstorgelow.de\/en\/legal-notice","og_site_name":"Schloss Torgelow","article_modified_time":"2026-01-22T14:56:06+00:00","twitter_card":"summary_large_image","schema":{"@context":"https:\/\/schema.org","@graph":[{"@type":"WebPage","@id":"https:\/\/www.schlosstorgelow.de\/en\/legal-notice#webpage","url":"https:\/\/www.schlosstorgelow.de\/en\/legal-notice","name":"Legal Notice - Schloss Torgelow","isPartOf":{"@id":"https:\/\/www.schlosstorgelow.de\/en#website"},"datePublished":"2018-05-22T12:46:17+00:00","dateModified":"2026-01-22T14:56:06+00:00","breadcrumb":{"@id":"https:\/\/www.schlosstorgelow.de\/en\/legal-notice#breadcrumb"},"inLanguage":"en-US","potentialAction":[{"@type":"ReadAction","target":["https:\/\/www.schlosstorgelow.de\/en\/legal-notice"]}]},{"@type":"BreadcrumbList","@id":"https:\/\/www.schlosstorgelow.de\/en\/legal-notice#breadcrumb","itemListElement":[{"@type":"ListItem","position":1,"name":"Startseite","item":"https:\/\/www.schlosstorgelow.de\/en"},{"@type":"ListItem","position":2,"name":"Legal Notice"}]},{"@type":"WebSite","@id":"https:\/\/www.schlosstorgelow.de\/en#website","url":"https:\/\/www.schlosstorgelow.de\/en","name":"Schloss Torgelow","description":"Schloss Torgelow Private Boarding School \u2013 the boarding school for students seeking a challenge.","potentialAction":[{"@type":"SearchAction","target":{"@type":"EntryPoint","urlTemplate":"https:\/\/www.schlosstorgelow.de\/en?s={search_term_string}"},"query-input":{"@type":"PropertyValueSpecification","valueRequired":true,"valueName":"search_term_string"}}],"inLanguage":"en-US"}]}},"block_visibility_meta":[],"_links":{"self":[{"href":"https:\/\/www.schlosstorgelow.de\/en\/wp-json\/wp\/v2\/pages\/81444","targetHints":{"allow":["GET"]}}],"collection":[{"href":"https:\/\/www.schlosstorgelow.de\/en\/wp-json\/wp\/v2\/pages"}],"about":[{"href":"https:\/\/www.schlosstorgelow.de\/en\/wp-json\/wp\/v2\/types\/page"}],"author":[{"embeddable":true,"href":"https:\/\/www.schlosstorgelow.de\/en\/wp-json\/wp\/v2\/users\/1"}],"replies":[{"embeddable":true,"href":"https:\/\/www.schlosstorgelow.de\/en\/wp-json\/wp\/v2\/comments?post=81444"}],"version-history":[{"count":0,"href":"https:\/\/www.schlosstorgelow.de\/en\/wp-json\/wp\/v2\/pages\/81444\/revisions"}],"wp:attachment":[{"href":"https:\/\/www.schlosstorgelow.de\/en\/wp-json\/wp\/v2\/media?parent=81444"}],"curies":[{"name":"wp","href":"https:\/\/api.w.org\/{rel}","templated":true}]}}