{"id":80403,"date":"2025-07-29T06:45:03","date_gmt":"2025-07-29T06:45:03","guid":{"rendered":"https:\/\/www.schlosstorgelow.de\/accessibility"},"modified":"2026-01-22T15:16:35","modified_gmt":"2026-01-22T15:16:35","slug":"accessibility","status":"publish","type":"page","link":"https:\/\/www.schlosstorgelow.de\/en\/accessibility","title":{"rendered":"Accessibility"},"content":{"rendered":"\n<h1 class=\"wp-block-heading\">Erkl\u00e4rung zur Barrierefreiheit<\/h1>\n\n<p>Schloss Torgelow privates Internatsgymnasium Helge Lehmann KG ist bem\u00fcht, die Website www.schlosstorgelow.de im Einklang mit den nationalen Rechtsvorschriften zur Umsetzung der Richtlinie (EU) 2016\/2102 barrierefrei zug\u00e4nglich zu machen.<br\/>Diese Erkl\u00e4rung zur Barrierefreiheit gilt f\u00fcr www.schlosstorgelow.de.<\/p>\n\n<h2 class=\"wp-block-heading\">Aktueller Stand zur Barrierefreiheit<\/h2>\n\n<p>Die Website www.schlosstorgelow.de ist barrierefrei nach Anforderungen der WCAG 2.1 AA.<br\/>Unsere Videos haben keine Untertitel. Diese sind teilweise aktivierbar, sofern diese \u00fcber YouTube oder Vimeo eingebunden sind, was f\u00fcr einen Teil unserer Videos der Fall ist. Ein Teil der eingebundenen PDF-Dateien ist aktuell nicht barrierefrei. Wir bem\u00fchen uns, eine angepasste Version oder barrierefreie Alternativen in K\u00fcrze zur Verf\u00fcgung zu stellen. Teilen Sie uns mit, falls Sie eine bestimmte PDF-Datei ben\u00f6tigen, die bisher nicht barrierefrei zur Verf\u00fcgung steht. Wir helfen gern.     <\/p>\n\n<h2 class=\"wp-block-heading\">Datum und Methode<\/h2>\n\n<p>Diese Erkl\u00e4rung wurde am 15.08.2025 zuletzt \u00fcberpr\u00fcft und aktualisiert.<br\/>Die zur Erstellung der Erkl\u00e4rung verwendete Methode war eine Analyse der Seiten mit zwei verschiedenen Analyse-Tools, inklusive eines manuellen Tests der Screenreader-Nutzbarkeit. Hierzu liegt auch ein Zertifikat vor. Getestet wurde mit dem Browser Chrome.  <\/p>\n\n<h2 class=\"wp-block-heading\">Feedback und Kontakt<\/h2>\n\n<p>\u00dcber unsere E-Mail-Adresse <a href=\"mailto:m.lehmann@schlosstorgelow.de\">m.lehmann@schlosstorgelow.de<\/a> k\u00f6nnen Sie uns Feedback zu einer von Ihnen neu entdeckten Barriere melden.<br\/>Zust\u00e4ndig f\u00fcr die Zug\u00e4nglichkeit unserer Website ist Mario Lehmann (Gesch\u00e4ftsf\u00fchrer).<\/p>\n\n<h2 class=\"wp-block-heading\">Durchsetzungsverfahren<\/h2>\n\n<p>Sollten Sie unzufrieden sein, etwa aufgrund unserer Kommunikation, k\u00f6nnen Sie sich bei der Markt\u00fcberwachungsstelle Mecklenburg-Vorpommern offiziell beschweren. Sie erreichen die Markt\u00fcberwachungsstelle des Landes unter: <\/p>\n\n<p>Ministerium f\u00fcr Soziales, Gesundheit und Sport des Landes Mecklenburg-Vorpommern<br\/>\u00dcberwachungsstelle f\u00fcr digitale Barrierefreiheit \u00f6ffentlicher Stellen M-V<br\/>Werderstra\u00dfe 124<br\/>19055 Schwerin<br\/>Telefon: +49 (385) 588 193 46<br\/>Telefax: +49 (385) 588 197 03<br\/>E-Mail: <a href=\"mailto:ueberwachungsstelle@sm.mv-regierung.de\">ueberwachungsstelle@sm.mv-regierung.de<\/a><br\/>Webseite: <a href=\"https:\/\/www.barrierefreies-web-mv.de\/\" target=\"_blank\" rel=\"noreferrer noopener\">www.barrierefreies-web-mv.de<\/a><\/p>\n","protected":false},"excerpt":{"rendered":"<p>Erkl\u00e4rung zur Barrierefreiheit Schloss Torgelow privates Internatsgymnasium Helge Lehmann KG ist bem\u00fcht, die Website www.schlosstorgelow.de im Einklang mit den nationalen Rechtsvorschriften zur [&hellip;]<\/p>\n","protected":false},"author":1,"featured_media":0,"parent":0,"menu_order":0,"comment_status":"closed","ping_status":"closed","template":"","meta":{"_acf_changed":false,"footnotes":""},"class_list":["post-80403","page","type-page","status-publish"],"acf":[],"yoast_head":"<!-- This site is optimized with the Yoast SEO plugin v26.9 - https:\/\/yoast.com\/product\/yoast-seo-wordpress\/ -->\n<title>Accessibility - Schloss Torgelow<\/title>\n<meta name=\"description\" content=\"Ihr einwandfreier Zugang zu unseren Inhalten ist uns wichtig. Das ist die Erkl\u00e4rung zur Barrierefreiheit von Schloss Torgelow.\" \/>\n<meta name=\"robots\" content=\"noindex, nofollow\" \/>\n<meta property=\"og:locale\" content=\"en_US\" \/>\n<meta property=\"og:type\" content=\"article\" \/>\n<meta property=\"og:title\" content=\"Accessibility - Schloss Torgelow\" \/>\n<meta property=\"og:description\" content=\"Ihr einwandfreier Zugang zu unseren Inhalten ist uns wichtig. Das ist die Erkl\u00e4rung zur Barrierefreiheit von Schloss Torgelow.\" \/>\n<meta property=\"og:url\" content=\"https:\/\/www.schlosstorgelow.de\/en\/accessibility\" \/>\n<meta property=\"og:site_name\" content=\"Schloss Torgelow\" \/>\n<meta property=\"article:modified_time\" content=\"2026-01-22T15:16:35+00:00\" \/>\n<meta name=\"twitter:card\" content=\"summary_large_image\" \/>\n<meta name=\"twitter:label1\" content=\"Est. reading time\" \/>\n\t<meta name=\"twitter:data1\" content=\"1 minute\" \/>\n<script type=\"application\/ld+json\" class=\"yoast-schema-graph\">{\"@context\":\"https:\/\/schema.org\",\"@graph\":[{\"@type\":\"WebPage\",\"@id\":\"https:\/\/www.schlosstorgelow.de\/en\/accessibility#webpage\",\"url\":\"https:\/\/www.schlosstorgelow.de\/en\/accessibility\",\"name\":\"Accessibility - Schloss Torgelow\",\"isPartOf\":{\"@id\":\"https:\/\/www.schlosstorgelow.de\/en#website\"},\"datePublished\":\"2025-07-29T06:45:03+00:00\",\"dateModified\":\"2026-01-22T15:16:35+00:00\",\"description\":\"Ihr einwandfreier Zugang zu unseren Inhalten ist uns wichtig. Das ist die Erkl\u00e4rung zur Barrierefreiheit von Schloss Torgelow.\",\"breadcrumb\":{\"@id\":\"https:\/\/www.schlosstorgelow.de\/en\/accessibility#breadcrumb\"},\"inLanguage\":\"en-US\",\"potentialAction\":[{\"@type\":\"ReadAction\",\"target\":[\"https:\/\/www.schlosstorgelow.de\/en\/accessibility\"]}]},{\"@type\":\"BreadcrumbList\",\"@id\":\"https:\/\/www.schlosstorgelow.de\/en\/accessibility#breadcrumb\",\"itemListElement\":[{\"@type\":\"ListItem\",\"position\":1,\"name\":\"Startseite\",\"item\":\"https:\/\/www.schlosstorgelow.de\/en\"},{\"@type\":\"ListItem\",\"position\":2,\"name\":\"Accessibility\"}]},{\"@type\":\"WebSite\",\"@id\":\"https:\/\/www.schlosstorgelow.de\/en#website\",\"url\":\"https:\/\/www.schlosstorgelow.de\/en\",\"name\":\"Schloss Torgelow\",\"description\":\"Schloss Torgelow Private Boarding School \u2013 the boarding school for students seeking a challenge.\",\"potentialAction\":[{\"@type\":\"SearchAction\",\"target\":{\"@type\":\"EntryPoint\",\"urlTemplate\":\"https:\/\/www.schlosstorgelow.de\/en?s={search_term_string}\"},\"query-input\":{\"@type\":\"PropertyValueSpecification\",\"valueRequired\":true,\"valueName\":\"search_term_string\"}}],\"inLanguage\":\"en-US\"}]}<\/script>\n<!-- \/ Yoast SEO plugin. -->","yoast_head_json":{"title":"Accessibility - Schloss Torgelow","description":"Ihr einwandfreier Zugang zu unseren Inhalten ist uns wichtig. Das ist die Erkl\u00e4rung zur Barrierefreiheit von Schloss Torgelow.","robots":{"index":"noindex","follow":"nofollow"},"og_locale":"en_US","og_type":"article","og_title":"Accessibility - Schloss Torgelow","og_description":"Ihr einwandfreier Zugang zu unseren Inhalten ist uns wichtig. Das ist die Erkl\u00e4rung zur Barrierefreiheit von Schloss Torgelow.","og_url":"https:\/\/www.schlosstorgelow.de\/en\/accessibility","og_site_name":"Schloss Torgelow","article_modified_time":"2026-01-22T15:16:35+00:00","twitter_card":"summary_large_image","twitter_misc":{"Est. reading time":"1 minute"},"schema":{"@context":"https:\/\/schema.org","@graph":[{"@type":"WebPage","@id":"https:\/\/www.schlosstorgelow.de\/en\/accessibility#webpage","url":"https:\/\/www.schlosstorgelow.de\/en\/accessibility","name":"Accessibility - Schloss Torgelow","isPartOf":{"@id":"https:\/\/www.schlosstorgelow.de\/en#website"},"datePublished":"2025-07-29T06:45:03+00:00","dateModified":"2026-01-22T15:16:35+00:00","description":"Ihr einwandfreier Zugang zu unseren Inhalten ist uns wichtig. Das ist die Erkl\u00e4rung zur Barrierefreiheit von Schloss Torgelow.","breadcrumb":{"@id":"https:\/\/www.schlosstorgelow.de\/en\/accessibility#breadcrumb"},"inLanguage":"en-US","potentialAction":[{"@type":"ReadAction","target":["https:\/\/www.schlosstorgelow.de\/en\/accessibility"]}]},{"@type":"BreadcrumbList","@id":"https:\/\/www.schlosstorgelow.de\/en\/accessibility#breadcrumb","itemListElement":[{"@type":"ListItem","position":1,"name":"Startseite","item":"https:\/\/www.schlosstorgelow.de\/en"},{"@type":"ListItem","position":2,"name":"Accessibility"}]},{"@type":"WebSite","@id":"https:\/\/www.schlosstorgelow.de\/en#website","url":"https:\/\/www.schlosstorgelow.de\/en","name":"Schloss Torgelow","description":"Schloss Torgelow Private Boarding School \u2013 the boarding school for students seeking a challenge.","potentialAction":[{"@type":"SearchAction","target":{"@type":"EntryPoint","urlTemplate":"https:\/\/www.schlosstorgelow.de\/en?s={search_term_string}"},"query-input":{"@type":"PropertyValueSpecification","valueRequired":true,"valueName":"search_term_string"}}],"inLanguage":"en-US"}]}},"block_visibility_meta":[],"_links":{"self":[{"href":"https:\/\/www.schlosstorgelow.de\/en\/wp-json\/wp\/v2\/pages\/80403","targetHints":{"allow":["GET"]}}],"collection":[{"href":"https:\/\/www.schlosstorgelow.de\/en\/wp-json\/wp\/v2\/pages"}],"about":[{"href":"https:\/\/www.schlosstorgelow.de\/en\/wp-json\/wp\/v2\/types\/page"}],"author":[{"embeddable":true,"href":"https:\/\/www.schlosstorgelow.de\/en\/wp-json\/wp\/v2\/users\/1"}],"replies":[{"embeddable":true,"href":"https:\/\/www.schlosstorgelow.de\/en\/wp-json\/wp\/v2\/comments?post=80403"}],"version-history":[{"count":0,"href":"https:\/\/www.schlosstorgelow.de\/en\/wp-json\/wp\/v2\/pages\/80403\/revisions"}],"wp:attachment":[{"href":"https:\/\/www.schlosstorgelow.de\/en\/wp-json\/wp\/v2\/media?parent=80403"}],"curies":[{"name":"wp","href":"https:\/\/api.w.org\/{rel}","templated":true}]}}